{"id":256545,"date":"2021-05-12T01:57:00","date_gmt":"2021-05-12T05:57:00","guid":{"rendered":"https:\/\/colombiamyway.com\/essen-cartagena\/"},"modified":"2025-09-06T13:57:00","modified_gmt":"2025-09-06T17:57:00","slug":"essen-cartagena","status":"publish","type":"page","link":"https:\/\/colombiamyway.com\/de\/essen-cartagena\/","title":{"rendered":"Essen Cartagena"},"content":{"rendered":"<p>[et_pb_section fb_built=&#8221;1&#8243; admin_label=&#8221;Header&#8221; _builder_version=&#8221;4.27.4&#8243; background_image=&#8221;https:\/\/naarcolombia.com\/wp-content\/uploads\/2021\/05\/Cartagena-en-Carai\u0308bische-kust-culinair_Colombia.jpg&#8221; max_width_last_edited=&#8221;off|desktop&#8221; module_alignment=&#8221;center&#8221; custom_margin=&#8221;-85px|0px||0px|false|true&#8221; custom_margin_tablet=&#8221;0%|0%||0%||true&#8221; custom_margin_phone=&#8221;&#8221; custom_margin_last_edited=&#8221;on|phone&#8221; custom_padding=&#8221;250px||250px||false|false&#8221; bottom_divider_style=&#8221;wave&#8221; bottom_divider_color=&#8221;#EABB3F&#8221; bottom_divider_height=&#8221;20px&#8221; global_colors_info=&#8221;{}&#8221;][\/et_pb_section][et_pb_section fb_built=&#8221;1&#8243; admin_label=&#8221;Gallery&#8221; _builder_version=&#8221;4.27.4&#8243; background_color=&#8221;#1b4242&#8243; custom_margin=&#8221;|0px||0px|false|false&#8221; custom_padding=&#8221;0px||0px|&#8221; top_divider_height=&#8221;18px&#8221; bottom_divider_color=&#8221;#0c71c3&#8243; bottom_divider_height=&#8221;24px&#8221; hover_enabled=&#8221;0&#8243; locked=&#8221;off&#8221; global_colors_info=&#8221;{}&#8221; sticky_enabled=&#8221;0&#8243;][et_pb_row _builder_version=&#8221;4.16&#8243; module_alignment=&#8221;center&#8221; custom_margin=&#8221;|auto|3px|auto||&#8221; custom_padding=&#8221;44px|35px|45px|||&#8221; locked=&#8221;off&#8221; global_colors_info=&#8221;{}&#8221;][et_pb_column type=&#8221;4_4&#8243; _builder_version=&#8221;4.16&#8243; custom_padding=&#8221;|||&#8221; global_colors_info=&#8221;{}&#8221; custom_padding__hover=&#8221;|||&#8221;][et_pb_post_title meta=&#8221;off&#8221; featured_image=&#8221;off&#8221; _builder_version=&#8221;4.27.4&#8243; _module_preset=&#8221;default&#8221; title_font=&#8221;|700|||||||&#8221; title_text_align=&#8221;center&#8221; title_text_color=&#8221;#FFFFFF&#8221; title_font_size=&#8221;50px&#8221; custom_css_main_element=&#8221;position: relative!important;&#8221; global_colors_info=&#8221;{}&#8221;][\/et_pb_post_title][\/et_pb_column][\/et_pb_row][\/et_pb_section][et_pb_section fb_built=&#8221;1&#8243; admin_label=&#8221;Maintenance&#8221; _builder_version=&#8221;4.27.4&#8243; custom_margin=&#8221;0px|0%|0px|0%|false|true&#8221; custom_margin_tablet=&#8221;|0%|0%|0%||true&#8221; custom_margin_phone=&#8221;&#8221; custom_margin_last_edited=&#8221;on|desktop&#8221; custom_padding=&#8221;19px||33px||false|false&#8221; border_color_all=&#8221;#ffd07e&#8221; border_width_right=&#8221;0vw&#8221; border_color_right=&#8221;rgba(0,0,0,0)&#8221; border_color_left=&#8221;#EABB3F&#8221; locked=&#8221;off&#8221; global_colors_info=&#8221;{}&#8221;][et_pb_row _builder_version=&#8221;4.16&#8243; module_alignment=&#8221;center&#8221; custom_margin=&#8221;-3px|10%||auto||&#8221; custom_padding=&#8221;46px|||||&#8221; locked=&#8221;off&#8221; global_colors_info=&#8221;{}&#8221;][et_pb_column type=&#8221;4_4&#8243; _builder_version=&#8221;4.16&#8243; custom_padding=&#8221;|||&#8221; global_colors_info=&#8221;{}&#8221; custom_padding__hover=&#8221;|||&#8221;][et_pb_divider color=&#8221;#006ef4&#8243; divider_weight=&#8221;3px&#8221; _builder_version=&#8221;4.16&#8243; max_width=&#8221;100px&#8221; custom_margin=&#8221;||0px|&#8221; global_colors_info=&#8221;{}&#8221;][\/et_pb_divider][et_pb_text _builder_version=&#8221;4.27.4&#8243; text_font=&#8221;Montserrat|300|||||||&#8221; text_line_height=&#8221;2em&#8221; header_font=&#8221;||||||||&#8221; header_2_font=&#8221;||||||||&#8221; header_2_font_size=&#8221;36px&#8221; header_2_line_height=&#8221;1.4em&#8221; max_width=&#8221;700px&#8221; header_2_font_size_tablet=&#8221;30px&#8221; header_2_font_size_phone=&#8221;24px&#8221; header_2_font_size_last_edited=&#8221;on|phone&#8221; global_colors_info=&#8221;{}&#8221;]<\/p>\n<h2>SPEZIALIT\u00c4TEN CARTAGENA<\/h2>\n<p>[\/et_pb_text][\/et_pb_column][\/et_pb_row][et_pb_row _builder_version=&#8221;4.16&#8243; _module_preset=&#8221;default&#8221; background_color=&#8221;#f5f5f5&#8243; locked=&#8221;off&#8221; global_colors_info=&#8221;{}&#8221;][et_pb_column type=&#8221;4_4&#8243; _builder_version=&#8221;4.16&#8243; _module_preset=&#8221;default&#8221; global_colors_info=&#8221;{}&#8221;][et_pb_testimonial portrait_url=&#8221;https:\/\/colombiamyway.com\/wp-content\/uploads\/2024\/12\/Green-Modern-and-Minimalistic-Travel-Typography-Logo-2.png&#8221; quote_icon=&#8221;off&#8221; _builder_version=&#8221;4.27.4&#8243; _module_preset=&#8221;default&#8221; global_colors_info=&#8221;{}&#8221;]<\/p>\n<p>In <a href=\"https:\/\/colombiamyway.com\/de\/alles-ueber-cartagena-kolumbien\/\" target=\"_blank\" rel=\"noopener\"><strong>Cartagena<\/strong><\/a>,<a href=\"https:\/\/colombiamyway.com\/de\/alles-ueber-santa-marta-kolumbien-was-zu-tun-ist-und-tipps\/\" target=\"_blank\" rel=\"noopener\"><strong> Santa Marta<\/strong> <\/a>und anderen St\u00e4dten an der<a href=\"https:\/\/colombiamyway.com\/de\/cartagena-karibikkueste\/\" target=\"_blank\" rel=\"noopener\"><strong> Karibikk\u00fcste Kolumbiens<\/strong><\/a> k\u00f6nnen Sie k\u00f6stlich speisen. Auch in <a href=\"https:\/\/colombiamyway.com\/de\/reisefuehrer-barranquilla\/\" target=\"_blank\" rel=\"noopener\"><strong>Barranquilla<\/strong>,<\/a> der &#8220;Stadt des Karnevals&#8221;, k\u00f6nnen Sie sehr gut essen. Wenn man bedenkt, dass Barranquilla die Stadt ist, in der die ersten Einwanderer ihren Fu\u00df nach Kolumbien setzten, wird es Sie nicht \u00fcberraschen, dass die verschiedenen Kulturen die lokale K\u00fcche beeinflusst haben. Fisch ist ein wichtiger Bestandteil des Essens. Da die Stadt sowohl am Magdalena-Fluss als auch am Karibischen Meer liegt, gibt es sowohl S\u00fc\u00df- als auch Salzwasserfische. Im Folgenden nehmen wir Sie mit nach Cartagena und an die Karibikk\u00fcste: von den besten Snacks und Street Food bis hin zu den schmackhaftesten traditionellen, lokalen Gerichten.    <\/p>\n<p>[\/et_pb_testimonial][\/et_pb_column][\/et_pb_row][et_pb_row _builder_version=&#8221;4.16&#8243; custom_margin=&#8221;|auto|35px|auto||&#8221; global_colors_info=&#8221;{}&#8221;][et_pb_column type=&#8221;4_4&#8243; _builder_version=&#8221;4.16&#8243; background_enable_color=&#8221;off&#8221; custom_padding=&#8221;35px|35px||35px|false|false&#8221; box_shadow_style=&#8221;preset1&#8243; global_colors_info=&#8221;{}&#8221; custom_padding__hover=&#8221;|||&#8221;][et_pb_blurb title=&#8221;SPEZIALIT\u00c4TEN&#8221; image=&#8221;https:\/\/naarcolombia.com\/wp-content\/uploads\/2020\/07\/75627535_414098839511603_2670308316135030784_o.jpg&#8221; _builder_version=&#8221;4.27.4&#8243; custom_margin=&#8221;||35px||false|false&#8221; custom_padding=&#8221;||27px||false|false&#8221; animation=&#8221;off&#8221; hover_enabled=&#8221;0&#8243; border_radii_image=&#8221;on|10px|10px|10px|10px&#8221; global_colors_info=&#8221;{}&#8221; content_max_width=&#8221;800px&#8221; sticky_enabled=&#8221;0&#8243;]<\/p>\n<ul>\n<li><em>Pescado con arroz de coco<\/em>; frischer Fisch mit Kokosnussreis. Vor allem Mojarra ist ein schmackhafter Fisch <\/li>\n<li><em>Ceviche: <\/em>rohe oder gekochte Meeresfr\u00fcchte, die in Limette und Gew\u00fcrzen mariniert sind<\/li>\n<li><em>Posta Negra Cartagenera; <\/em>langsam gegartes Steak mit einer dunklen Sauce aus <em>Panela <\/em>(Rohrzucker)<\/li>\n<li><em>Mote de Queso; <\/em>Suppe aus <em>el \u00f1ame <\/em>(sieht aus wie Kartoffel), mit St\u00fccken von weichem, wei\u00dfem K\u00e4se.<\/li>\n<li><span><em>Rond\u00f3n: <\/em>Spezialit\u00e4t auf den Karibikinseln San Andr\u00e9s und <a href=\"https:\/\/colombiamyway.com\/de\/providencia-kolumbien-was-man-tun-kann-und-tipps\/\" target=\"_blank\" rel=\"noopener\"><strong>Providencia<\/strong><\/a>. Dies ist eine   <\/span><span>  Meeresfr\u00fcchteeintopf auf Kokosnussbasis und das Nationalgericht von Providencia.  <\/span><\/li>\n<\/ul>\n<p>[\/et_pb_blurb][et_pb_blurb title=&#8221;MITTAGESSEN&#8221; image=&#8221;https:\/\/naarcolombia.com\/wp-content\/uploads\/2020\/07\/DEtBeoZXcAEYSwo.jpg&#8221; _builder_version=&#8221;4.27.4&#8243; min_height=&#8221;647px&#8221; custom_margin=&#8221;||36px||false|false&#8221; custom_padding=&#8221;35px|35px|35px|35px|false|false&#8221; animation=&#8221;off&#8221; hover_enabled=&#8221;0&#8243; border_radii_image=&#8221;on|10px|10px|10px|10px&#8221; global_colors_info=&#8221;{}&#8221; content_max_width=&#8221;800px&#8221; sticky_enabled=&#8221;0&#8243;]<\/p>\n<p><em>Comida corriente<br \/><\/em>Das Tagesmen\u00fc zum Mittagessen<em> <\/em>ist eine beliebte und s\u00e4ttigende Mahlzeit, die in der Regel besteht aus: Suppe oder Salat, Fleisch, Huhn oder Fisch mit Reis, Kartoffeln, Banane, Arepa und einer Limonade, einem Saft oder <em>Agua de Panela<\/em> (Getr\u00e4nk aus Rohrzucker). \u00dcbrigens ist das Corriente nicht typisch f\u00fcr Cartagena, sondern f\u00fcr ganz Kolumbien. Wir a\u00dfen eine k\u00f6stliche Mahlzeit auf dem <a href=\"https:\/\/colombiamyway.com\/de\/hinter-den-kulissen-des-mercado-bazurto\/\" target=\"_blank\" rel=\"noopener\"><strong>Mercado Bazurto<\/strong>, dem<\/a> lokalen Markt von Cartagena. Mit einem einheimischen F\u00fchrer schlenderten wir an den vielen St\u00e4nden vorbei und genossen unser Mittagessen im Restaurante Cecilia&#8217;s, an demselben Ort, an dem der ber\u00fchmte TV-Feinschmecker Anthony Bourdain einst eine Sendung drehte.   <\/p>\n<h4><strong>STREETFOOD<\/strong><\/h4>\n<p>Es gibt viele St\u00e4nde, an denen Sie beliebte Stra\u00dfengerichte kaufen k\u00f6nnen, wie Empanadas und die <em>Arepa con huevo y carne; <\/em>eine Fleischarepa, der vor dem Braten ein Ei hinzugef\u00fcgt wird. Dies ist eine Spezialit\u00e4t von Cartagena und der Karibikk\u00fcste. <\/p>\n<p><img loading=\"lazy\" decoding=\"async\" src=\"https:\/\/naarcolombia.com\/wp-content\/uploads\/2021\/04\/Arepa-con-huevo_-Streetfood-tour-Cartagena_Arepa-met-ei-300x225.jpg\" width=\"300\" height=\"225\" alt=\"\" class=\"wp-image-246823 alignnone size-medium\"><\/p>\n<p>Die Qualit\u00e4t (und Hygiene) an den St\u00e4nden kann sehr unterschiedlich sein. Daher empfehlen wir Ihnen, Street Food bei einer organisierten <a href=\"https:\/\/www.viator.com\/searchResults\/all?text=street+food+tour+cartagena&amp;pid=P00058130&amp;mcid=42383&amp;medium=link\" target=\"_blank\" rel=\"noopener\" title=\"Street Food Tour Cartagena\"><strong>Street Food Tour<\/strong><\/a> zu probieren . F\u00fcr diese Touren w\u00e4hlen die Reiseveranstalter die besten Spezialit\u00e4ten der Stadt an den besten St\u00e4nden aus. <\/p>\n<p>[\/et_pb_blurb][\/et_pb_column][\/et_pb_row][et_pb_row _builder_version=&#8221;4.16&#8243; custom_margin=&#8221;|auto|32px|auto||&#8221; global_colors_info=&#8221;{}&#8221;][et_pb_column type=&#8221;4_4&#8243; _builder_version=&#8221;4.16&#8243; custom_padding=&#8221;|||&#8221; global_colors_info=&#8221;{}&#8221; custom_padding__hover=&#8221;|||&#8221;][et_pb_blurb title=&#8221;SWEETS&#8221; image=&#8221;https:\/\/naarcolombia.com\/wp-content\/uploads\/2020\/07\/cocadas.jpg&#8221; _builder_version=&#8221;4.16&#8243; background_enable_color=&#8221;off&#8221; custom_margin=&#8221;||35px||false|false&#8221; custom_padding=&#8221;35px|35px|35px|35px|false|false&#8221; animation=&#8221;off&#8221; border_radii_image=&#8221;on|10px|10px|10px|10px&#8221; box_shadow_style=&#8221;preset1&#8243; global_colors_info=&#8221;{}&#8221;]<\/p>\n<p><em>Cocada de Coco<\/em><br \/>Handgemachte S\u00fc\u00dfigkeiten mit Kokosnuss, die unter anderem am <em>Portal de los Dulces <\/em>gegen\u00fcber dem Torre del Reloj verkauft werden<em>. <\/em>Seit mehr als 100 Jahren werden auf diesem Markt Cocadas und andere S\u00fc\u00dfigkeiten verkauft.<\/p>\n<p>&nbsp;<\/p>\n<p>[\/et_pb_blurb][et_pb_blurb title=&#8221;SMOOTHIES&#8221; image=&#8221;https:\/\/naarcolombia.com\/wp-content\/uploads\/2020\/07\/jugos-cartagena-colombia.jpg&#8221; _builder_version=&#8221;4.27.4&#8243; background_enable_color=&#8221;off&#8221; custom_padding=&#8221;35px|35px|35px|35px|false|false&#8221; animation=&#8221;off&#8221; border_radii_image=&#8221;on|10px|10px|10px|10px&#8221; box_shadow_style=&#8221;preset1&#8243; global_colors_info=&#8221;{}&#8221;]<\/p>\n<p>In Cartagena und an der Karibikk\u00fcste genie\u00dfen wir immer viele frische Fruchts\u00e4fte, ein k\u00f6stlicher Durstl\u00f6scher in dem hei\u00dfen Klima. Unsere Favoriten: <em>Guan\u00e1bana<\/em> (Sauerkirsche), <em>Maracuy\u00e1<\/em> (Passionsfrucht), <em>Mora<\/em> (Brombeere) und der erfrischende <em>Lulo.<\/em> <\/p>\n<p>[\/et_pb_blurb][et_pb_blurb title=&#8221;MICHELADA&#8221; image=&#8221;https:\/\/naarcolombia.com\/wp-content\/uploads\/2020\/07\/Michelada-Corona.jpg&#8221; _builder_version=&#8221;4.16&#8243; background_enable_color=&#8221;off&#8221; custom_margin=&#8221;||36px|||&#8221; custom_padding=&#8221;35px|35px|35px|35px|false|false&#8221; animation=&#8221;off&#8221; border_radii_image=&#8221;on|10px|10px|10px|10px&#8221; box_shadow_style=&#8221;preset1&#8243; global_colors_info=&#8221;{}&#8221;]<\/p>\n<p>Ein frischer Durstl\u00f6scher aus hellem Bier wie Corona, serviert in einem Glas mit Salzrand, Eisw\u00fcrfeln und Limettensaft.<\/p>\n<p>[\/et_pb_blurb][\/et_pb_column][\/et_pb_row][et_pb_row _builder_version=&#8221;4.16&#8243; module_alignment=&#8221;center&#8221; custom_margin=&#8221;-3px|10%||auto||&#8221; custom_padding=&#8221;46px|||||&#8221; locked=&#8221;off&#8221; global_colors_info=&#8221;{}&#8221;][et_pb_column type=&#8221;4_4&#8243; _builder_version=&#8221;4.16&#8243; custom_padding=&#8221;|||&#8221; global_colors_info=&#8221;{}&#8221; custom_padding__hover=&#8221;|||&#8221;][et_pb_divider color=&#8221;#006ef4&#8243; divider_weight=&#8221;3px&#8221; _builder_version=&#8221;4.16&#8243; max_width=&#8221;100px&#8221; custom_margin=&#8221;||0px|&#8221; global_colors_info=&#8221;{}&#8221;][\/et_pb_divider][et_pb_blurb title=&#8221;#KolumbienMeinWeg Tipps&#8221; image=&#8221;https:\/\/naarcolombia.com\/wp-content\/uploads\/2021\/05\/Caffe\u0301-Luna\u0301tico_Cartagena_Colombia.jpg&#8221; _builder_version=&#8221;4.27.4&#8243; custom_margin=&#8221;||35px||false|false&#8221; custom_padding=&#8221;||27px||false|false&#8221; border_radii_image=&#8221;on|10px|10px|10px|10px&#8221; global_colors_info=&#8221;{}&#8221;]<\/p>\n<p><strong><\/strong>Gehen Sie auf Ihre eigene kulinarische Reise in der Feinschmeckerstadt Cartagena? Sehen Sie sich unsere Tipps f\u00fcr <a href=\"https:\/\/colombiamyway.com\/de\/essen-und-trinken-in-cartagena\/\" target=\"_blank\" rel=\"noopener\"><strong>die besten Restaurants in Cartagena. <\/strong><\/a>Allgemeine Informationen und Tipps zu Reisen nach Cartagena finden Sie in unserem <strong><a href=\"https:\/\/colombiamyway.com\/de\/alles-ueber-cartagena-kolumbien\/\" target=\"_blank\" rel=\"noopener\">Reisef\u00fchrer Cartagena.<\/a><\/strong> <\/p>\n<p>[\/et_pb_blurb][\/et_pb_column][\/et_pb_row][\/et_pb_section]<\/p>\n","protected":false},"excerpt":{"rendered":"<p>SPEZIALIT\u00c4TEN CARTAGENAIn Cartagena, Santa Marta und anderen St\u00e4dten an der Karibikk\u00fcste Kolumbiens k\u00f6nnen Sie k\u00f6stlich speisen. Auch in Barranquilla, der &#8220;Stadt des Karnevals&#8221;, k\u00f6nnen Sie sehr gut essen. Wenn man bedenkt, dass Barranquilla die Stadt ist, in der die ersten Einwanderer ihren Fu\u00df nach Kolumbien setzten, wird es Sie nicht \u00fcberraschen, dass die verschiedenen Kulturen [&hellip;]<\/p>\n","protected":false},"author":1,"featured_media":0,"parent":0,"menu_order":0,"comment_status":"closed","ping_status":"closed","template":"","meta":{"nf_dc_page":"","_et_pb_use_builder":"on","_et_pb_old_content":"","_et_gb_content_width":"","footnotes":""},"class_list":["post-256545","page","type-page","status-publish","hentry"],"yoast_head":"<!-- This site is optimized with the Yoast SEO plugin v27.3 - https:\/\/yoast.com\/product\/yoast-seo-wordpress\/ -->\n<title>Essen Cartagena - Colombia My Way<\/title>\n<meta name=\"description\" content=\"Hier finden Sie einen \u00dcberblick \u00fcber die besten Speisen und Getr\u00e4nke in Cartagena und an der Karibikk\u00fcste: traditionelle Speisen und Street Food.\" \/>\n<meta name=\"robots\" content=\"index, follow, max-snippet:-1, max-image-preview:large, max-video-preview:-1\" \/>\n<link rel=\"canonical\" href=\"https:\/\/colombiamyway.com\/de\/essen-cartagena\/\" \/>\n<meta property=\"og:locale\" content=\"de_DE\" \/>\n<meta property=\"og:type\" content=\"article\" \/>\n<meta property=\"og:title\" content=\"Essen Cartagena - Colombia My Way\" \/>\n<meta property=\"og:description\" content=\"Hier finden Sie einen \u00dcberblick \u00fcber die besten Speisen und Getr\u00e4nke in Cartagena und an der Karibikk\u00fcste: traditionelle Speisen und Street Food.\" \/>\n<meta property=\"og:url\" content=\"https:\/\/colombiamyway.com\/de\/essen-cartagena\/\" \/>\n<meta property=\"og:site_name\" content=\"Colombia My Way\" \/>\n<meta property=\"article:publisher\" content=\"https:\/\/www.facebook.com\/profile.php?id=61571407164514\" \/>\n<meta property=\"article:modified_time\" content=\"2025-09-06T17:57:00+00:00\" \/>\n<meta name=\"twitter:card\" content=\"summary_large_image\" \/>\n<meta name=\"twitter:label1\" content=\"Gesch\u00e4tzte Lesezeit\" \/>\n\t<meta name=\"twitter:data1\" content=\"7\u00a0Minuten\" \/>\n<script type=\"application\/ld+json\" class=\"yoast-schema-graph\">{\"@context\":\"https:\\\/\\\/schema.org\",\"@graph\":[{\"@type\":\"WebPage\",\"@id\":\"https:\\\/\\\/colombiamyway.com\\\/de\\\/essen-cartagena\\\/\",\"url\":\"https:\\\/\\\/colombiamyway.com\\\/de\\\/essen-cartagena\\\/\",\"name\":\"Essen Cartagena - Colombia My Way\",\"isPartOf\":{\"@id\":\"https:\\\/\\\/colombiamyway.com\\\/de\\\/#website\"},\"primaryImageOfPage\":{\"@id\":\"https:\\\/\\\/colombiamyway.com\\\/de\\\/essen-cartagena\\\/#primaryimage\"},\"image\":{\"@id\":\"https:\\\/\\\/colombiamyway.com\\\/de\\\/essen-cartagena\\\/#primaryimage\"},\"thumbnailUrl\":\"https:\\\/\\\/naarcolombia.com\\\/wp-content\\\/uploads\\\/2021\\\/04\\\/Arepa-con-huevo_-Streetfood-tour-Cartagena_Arepa-met-ei-300x225.jpg\",\"datePublished\":\"2021-05-12T05:57:00+00:00\",\"dateModified\":\"2025-09-06T17:57:00+00:00\",\"description\":\"Hier finden Sie einen \u00dcberblick \u00fcber die besten Speisen und Getr\u00e4nke in Cartagena und an der Karibikk\u00fcste: traditionelle Speisen und Street Food.\",\"breadcrumb\":{\"@id\":\"https:\\\/\\\/colombiamyway.com\\\/de\\\/essen-cartagena\\\/#breadcrumb\"},\"inLanguage\":\"de\",\"potentialAction\":[{\"@type\":\"ReadAction\",\"target\":[\"https:\\\/\\\/colombiamyway.com\\\/de\\\/essen-cartagena\\\/\"]}]},{\"@type\":\"ImageObject\",\"inLanguage\":\"de\",\"@id\":\"https:\\\/\\\/colombiamyway.com\\\/de\\\/essen-cartagena\\\/#primaryimage\",\"url\":\"https:\\\/\\\/naarcolombia.com\\\/wp-content\\\/uploads\\\/2021\\\/04\\\/Arepa-con-huevo_-Streetfood-tour-Cartagena_Arepa-met-ei-300x225.jpg\",\"contentUrl\":\"https:\\\/\\\/naarcolombia.com\\\/wp-content\\\/uploads\\\/2021\\\/04\\\/Arepa-con-huevo_-Streetfood-tour-Cartagena_Arepa-met-ei-300x225.jpg\"},{\"@type\":\"BreadcrumbList\",\"@id\":\"https:\\\/\\\/colombiamyway.com\\\/de\\\/essen-cartagena\\\/#breadcrumb\",\"itemListElement\":[{\"@type\":\"ListItem\",\"position\":1,\"name\":\"Home\",\"item\":\"https:\\\/\\\/colombiamyway.com\\\/de\\\/startseite\\\/\"},{\"@type\":\"ListItem\",\"position\":2,\"name\":\"Essen Cartagena\"}]},{\"@type\":\"WebSite\",\"@id\":\"https:\\\/\\\/colombiamyway.com\\\/de\\\/#website\",\"url\":\"https:\\\/\\\/colombiamyway.com\\\/de\\\/\",\"name\":\"Colombia My Way\",\"description\":\"The Guide for the Independent Traveler\",\"publisher\":{\"@id\":\"https:\\\/\\\/colombiamyway.com\\\/de\\\/#organization\"},\"potentialAction\":[{\"@type\":\"SearchAction\",\"target\":{\"@type\":\"EntryPoint\",\"urlTemplate\":\"https:\\\/\\\/colombiamyway.com\\\/de\\\/?s={search_term_string}\"},\"query-input\":{\"@type\":\"PropertyValueSpecification\",\"valueRequired\":true,\"valueName\":\"search_term_string\"}}],\"inLanguage\":\"de\"},{\"@type\":\"Organization\",\"@id\":\"https:\\\/\\\/colombiamyway.com\\\/de\\\/#organization\",\"name\":\"Colombia My Way\",\"url\":\"https:\\\/\\\/colombiamyway.com\\\/de\\\/\",\"logo\":{\"@type\":\"ImageObject\",\"inLanguage\":\"de\",\"@id\":\"https:\\\/\\\/colombiamyway.com\\\/de\\\/#\\\/schema\\\/logo\\\/image\\\/\",\"url\":\"https:\\\/\\\/i0.wp.com\\\/colombiamyway.com\\\/wp-content\\\/uploads\\\/2024\\\/12\\\/Green-Modern-and-Minimalistic-Travel-Typography-Logo-2.png?fit=500%2C500&ssl=1\",\"contentUrl\":\"https:\\\/\\\/i0.wp.com\\\/colombiamyway.com\\\/wp-content\\\/uploads\\\/2024\\\/12\\\/Green-Modern-and-Minimalistic-Travel-Typography-Logo-2.png?fit=500%2C500&ssl=1\",\"width\":500,\"height\":500,\"caption\":\"Colombia My Way\"},\"image\":{\"@id\":\"https:\\\/\\\/colombiamyway.com\\\/de\\\/#\\\/schema\\\/logo\\\/image\\\/\"},\"sameAs\":[\"https:\\\/\\\/www.facebook.com\\\/profile.php?id=61571407164514\"]}]}<\/script>\n<!-- \/ Yoast SEO plugin. -->","yoast_head_json":{"title":"Essen Cartagena - Colombia My Way","description":"Hier finden Sie einen \u00dcberblick \u00fcber die besten Speisen und Getr\u00e4nke in Cartagena und an der Karibikk\u00fcste: traditionelle Speisen und Street Food.","robots":{"index":"index","follow":"follow","max-snippet":"max-snippet:-1","max-image-preview":"max-image-preview:large","max-video-preview":"max-video-preview:-1"},"canonical":"https:\/\/colombiamyway.com\/de\/essen-cartagena\/","og_locale":"de_DE","og_type":"article","og_title":"Essen Cartagena - Colombia My Way","og_description":"Hier finden Sie einen \u00dcberblick \u00fcber die besten Speisen und Getr\u00e4nke in Cartagena und an der Karibikk\u00fcste: traditionelle Speisen und Street Food.","og_url":"https:\/\/colombiamyway.com\/de\/essen-cartagena\/","og_site_name":"Colombia My Way","article_publisher":"https:\/\/www.facebook.com\/profile.php?id=61571407164514","article_modified_time":"2025-09-06T17:57:00+00:00","twitter_card":"summary_large_image","twitter_misc":{"Gesch\u00e4tzte Lesezeit":"7\u00a0Minuten"},"schema":{"@context":"https:\/\/schema.org","@graph":[{"@type":"WebPage","@id":"https:\/\/colombiamyway.com\/de\/essen-cartagena\/","url":"https:\/\/colombiamyway.com\/de\/essen-cartagena\/","name":"Essen Cartagena - Colombia My Way","isPartOf":{"@id":"https:\/\/colombiamyway.com\/de\/#website"},"primaryImageOfPage":{"@id":"https:\/\/colombiamyway.com\/de\/essen-cartagena\/#primaryimage"},"image":{"@id":"https:\/\/colombiamyway.com\/de\/essen-cartagena\/#primaryimage"},"thumbnailUrl":"https:\/\/naarcolombia.com\/wp-content\/uploads\/2021\/04\/Arepa-con-huevo_-Streetfood-tour-Cartagena_Arepa-met-ei-300x225.jpg","datePublished":"2021-05-12T05:57:00+00:00","dateModified":"2025-09-06T17:57:00+00:00","description":"Hier finden Sie einen \u00dcberblick \u00fcber die besten Speisen und Getr\u00e4nke in Cartagena und an der Karibikk\u00fcste: traditionelle Speisen und Street Food.","breadcrumb":{"@id":"https:\/\/colombiamyway.com\/de\/essen-cartagena\/#breadcrumb"},"inLanguage":"de","potentialAction":[{"@type":"ReadAction","target":["https:\/\/colombiamyway.com\/de\/essen-cartagena\/"]}]},{"@type":"ImageObject","inLanguage":"de","@id":"https:\/\/colombiamyway.com\/de\/essen-cartagena\/#primaryimage","url":"https:\/\/naarcolombia.com\/wp-content\/uploads\/2021\/04\/Arepa-con-huevo_-Streetfood-tour-Cartagena_Arepa-met-ei-300x225.jpg","contentUrl":"https:\/\/naarcolombia.com\/wp-content\/uploads\/2021\/04\/Arepa-con-huevo_-Streetfood-tour-Cartagena_Arepa-met-ei-300x225.jpg"},{"@type":"BreadcrumbList","@id":"https:\/\/colombiamyway.com\/de\/essen-cartagena\/#breadcrumb","itemListElement":[{"@type":"ListItem","position":1,"name":"Home","item":"https:\/\/colombiamyway.com\/de\/startseite\/"},{"@type":"ListItem","position":2,"name":"Essen Cartagena"}]},{"@type":"WebSite","@id":"https:\/\/colombiamyway.com\/de\/#website","url":"https:\/\/colombiamyway.com\/de\/","name":"Colombia My Way","description":"The Guide for the Independent Traveler","publisher":{"@id":"https:\/\/colombiamyway.com\/de\/#organization"},"potentialAction":[{"@type":"SearchAction","target":{"@type":"EntryPoint","urlTemplate":"https:\/\/colombiamyway.com\/de\/?s={search_term_string}"},"query-input":{"@type":"PropertyValueSpecification","valueRequired":true,"valueName":"search_term_string"}}],"inLanguage":"de"},{"@type":"Organization","@id":"https:\/\/colombiamyway.com\/de\/#organization","name":"Colombia My Way","url":"https:\/\/colombiamyway.com\/de\/","logo":{"@type":"ImageObject","inLanguage":"de","@id":"https:\/\/colombiamyway.com\/de\/#\/schema\/logo\/image\/","url":"https:\/\/i0.wp.com\/colombiamyway.com\/wp-content\/uploads\/2024\/12\/Green-Modern-and-Minimalistic-Travel-Typography-Logo-2.png?fit=500%2C500&ssl=1","contentUrl":"https:\/\/i0.wp.com\/colombiamyway.com\/wp-content\/uploads\/2024\/12\/Green-Modern-and-Minimalistic-Travel-Typography-Logo-2.png?fit=500%2C500&ssl=1","width":500,"height":500,"caption":"Colombia My Way"},"image":{"@id":"https:\/\/colombiamyway.com\/de\/#\/schema\/logo\/image\/"},"sameAs":["https:\/\/www.facebook.com\/profile.php?id=61571407164514"]}]}},"_links":{"self":[{"href":"https:\/\/colombiamyway.com\/de\/wp-json\/wp\/v2\/pages\/256545","targetHints":{"allow":["GET"]}}],"collection":[{"href":"https:\/\/colombiamyway.com\/de\/wp-json\/wp\/v2\/pages"}],"about":[{"href":"https:\/\/colombiamyway.com\/de\/wp-json\/wp\/v2\/types\/page"}],"author":[{"embeddable":true,"href":"https:\/\/colombiamyway.com\/de\/wp-json\/wp\/v2\/users\/1"}],"replies":[{"embeddable":true,"href":"https:\/\/colombiamyway.com\/de\/wp-json\/wp\/v2\/comments?post=256545"}],"version-history":[{"count":19,"href":"https:\/\/colombiamyway.com\/de\/wp-json\/wp\/v2\/pages\/256545\/revisions"}],"predecessor-version":[{"id":268885,"href":"https:\/\/colombiamyway.com\/de\/wp-json\/wp\/v2\/pages\/256545\/revisions\/268885"}],"wp:attachment":[{"href":"https:\/\/colombiamyway.com\/de\/wp-json\/wp\/v2\/media?parent=256545"}],"curies":[{"name":"wp","href":"https:\/\/api.w.org\/{rel}","templated":true}]}}