{"id":256628,"date":"2021-02-22T01:51:29","date_gmt":"2021-02-22T05:51:29","guid":{"rendered":"https:\/\/colombiamyway.com\/essen-medellin\/"},"modified":"2025-09-06T14:05:13","modified_gmt":"2025-09-06T18:05:13","slug":"essen-medellin","status":"publish","type":"page","link":"https:\/\/colombiamyway.com\/de\/essen-medellin\/","title":{"rendered":"Essen in Medell\u00edn"},"content":{"rendered":"<p>[et_pb_section fb_built=&#8221;1&#8243; admin_label=&#8221;Header&#8221; _builder_version=&#8221;4.27.4&#8243; background_image=&#8221;https:\/\/naarcolombia.com\/wp-content\/uploads\/2021\/02\/Mercado-del-Rio_Medellin_Colombia-.jpg&#8221; max_width_last_edited=&#8221;off|desktop&#8221; module_alignment=&#8221;center&#8221; custom_margin=&#8221;-85px|5%||5%|false|true&#8221; custom_margin_tablet=&#8221;-85px|0%||0%|false|true&#8221; custom_margin_phone=&#8221;-85%||||false|false&#8221; custom_margin_last_edited=&#8221;on|desktop&#8221; custom_padding=&#8221;17vw||14vw||false|false&#8221; bottom_divider_style=&#8221;wave&#8221; bottom_divider_color=&#8221;#EABB3F&#8221; bottom_divider_height=&#8221;20px&#8221; global_colors_info=&#8221;{}&#8221;][\/et_pb_section][et_pb_section fb_built=&#8221;1&#8243; admin_label=&#8221;Gallery&#8221; _builder_version=&#8221;4.27.4&#8243; background_color=&#8221;#21468B&#8221; custom_margin=&#8221;|0px||0px|false|false&#8221; custom_padding=&#8221;0px||0px||false|false&#8221; top_divider_height=&#8221;18px&#8221; bottom_divider_color=&#8221;#0c71c3&#8243; bottom_divider_height=&#8221;24px&#8221; locked=&#8221;off&#8221; global_colors_info=&#8221;{}&#8221;][et_pb_row _builder_version=&#8221;4.16&#8243; module_alignment=&#8221;center&#8221; custom_margin=&#8221;|auto|3px|auto||&#8221; custom_padding=&#8221;44px|35px|45px|||&#8221; locked=&#8221;off&#8221; global_colors_info=&#8221;{}&#8221;][et_pb_column type=&#8221;4_4&#8243; _builder_version=&#8221;4.16&#8243; custom_padding=&#8221;|||&#8221; global_colors_info=&#8221;{}&#8221; custom_padding__hover=&#8221;|||&#8221;][et_pb_post_title meta=&#8221;off&#8221; featured_image=&#8221;off&#8221; _builder_version=&#8221;4.27.4&#8243; _module_preset=&#8221;default&#8221; title_font=&#8221;|700|||||||&#8221; title_text_align=&#8221;center&#8221; title_text_color=&#8221;#FFFFFF&#8221; title_font_size=&#8221;49px&#8221; custom_margin=&#8221;||||false|false&#8221; title_font_size_tablet=&#8221;49px&#8221; title_font_size_phone=&#8221;32px&#8221; title_font_size_last_edited=&#8221;on|tablet&#8221; global_colors_info=&#8221;{}&#8221;][\/et_pb_post_title][\/et_pb_column][\/et_pb_row][\/et_pb_section][et_pb_section fb_built=&#8221;1&#8243; admin_label=&#8221;Maintenance&#8221; _builder_version=&#8221;4.27.4&#8243; custom_margin=&#8221;0px|0%|0px|0%|false|true&#8221; custom_margin_tablet=&#8221;|0%|0%|0%||true&#8221; custom_margin_phone=&#8221;&#8221; custom_margin_last_edited=&#8221;on|desktop&#8221; custom_padding=&#8221;19px||33px||false|false&#8221; border_color_all=&#8221;#ffd07e&#8221; border_width_right=&#8221;0vw&#8221; border_color_right=&#8221;rgba(0,0,0,0)&#8221; border_color_left=&#8221;#EABB3F&#8221; locked=&#8221;off&#8221; global_colors_info=&#8221;{}&#8221;][et_pb_row _builder_version=&#8221;4.16&#8243; module_alignment=&#8221;center&#8221; custom_margin=&#8221;-3px|10%||auto||&#8221; custom_padding=&#8221;46px|||||&#8221; locked=&#8221;off&#8221; global_colors_info=&#8221;{}&#8221;][et_pb_column type=&#8221;4_4&#8243; _builder_version=&#8221;4.16&#8243; custom_padding=&#8221;|||&#8221; global_colors_info=&#8221;{}&#8221; custom_padding__hover=&#8221;|||&#8221;][et_pb_divider color=&#8221;#006ef4&#8243; divider_weight=&#8221;3px&#8221; _builder_version=&#8221;4.16&#8243; max_width=&#8221;100px&#8221; custom_margin=&#8221;||0px|&#8221; global_colors_info=&#8221;{}&#8221;][\/et_pb_divider][et_pb_text _builder_version=&#8221;4.25.2&#8243; text_font=&#8221;Montserrat|300|||||||&#8221; text_line_height=&#8221;2em&#8221; header_font=&#8221;||||||||&#8221; header_2_font=&#8221;||||||||&#8221; header_2_font_size=&#8221;36px&#8221; header_2_line_height=&#8221;1.4em&#8221; max_width=&#8221;700px&#8221; header_2_font_size_tablet=&#8221;30px&#8221; header_2_font_size_phone=&#8221;24px&#8221; header_2_font_size_last_edited=&#8221;on|phone&#8221; global_colors_info=&#8221;{}&#8221;]<\/p>\n<p>Medell\u00edn ist eine echte Feinschmeckerstadt. Sie k\u00f6nnen in exklusiven Restaurants essen, die k\u00f6stlichsten Stra\u00dfengerichte probieren und traditionelle Gerichte kosten. Medell\u00edn liegt in der Region Antioquia, die zusammen mit den Regionen Caldas, Quind\u00edo und Risaralda (dem Kaffeedreieck) auch als &#8220;Paisa&#8221;-Region bekannt ist. Hier lieben die vielen Kaffeebauern eine nahrhafte Mahlzeit, bevor sie zur Arbeit auf die Felder gehen. Es \u00fcberrascht nicht, dass viele traditionelle Gerichte hier ihren Ursprung haben, wie zum Beispiel die Bandeja Paisa, das ber\u00fchmteste Gericht in ganz Kolumbien. Sehen Sie sich hier die Spezialit\u00e4ten von Medell\u00edn und Antioquia an.       <\/p>\n<p>[\/et_pb_text][et_pb_text _builder_version=&#8221;4.25.2&#8243; text_font=&#8221;Montserrat|300|||||||&#8221; text_line_height=&#8221;2em&#8221; header_font=&#8221;||||||||&#8221; header_2_font=&#8221;||||||||&#8221; header_2_font_size=&#8221;36px&#8221; header_2_line_height=&#8221;1.4em&#8221; max_width=&#8221;700px&#8221; header_2_font_size_tablet=&#8221;30px&#8221; header_2_font_size_phone=&#8221;24px&#8221; header_2_font_size_last_edited=&#8221;on|phone&#8221; global_colors_info=&#8221;{}&#8221;]<\/p>\n<h2>TYPISCH MEDELL\u00cdN &amp; UMGEBUNG<\/h2>\n<p>[\/et_pb_text][\/et_pb_column][\/et_pb_row][et_pb_row column_structure=&#8221;1_2,1_2&#8243; _builder_version=&#8221;4.16&#8243; custom_margin=&#8221;|auto|35px|auto||&#8221; global_colors_info=&#8221;{}&#8221;][et_pb_column type=&#8221;1_2&#8243; _builder_version=&#8221;4.16&#8243; background_enable_color=&#8221;off&#8221; custom_padding=&#8221;35px|35px||35px|false|false&#8221; box_shadow_style=&#8221;preset1&#8243; global_colors_info=&#8221;{}&#8221; custom_padding__hover=&#8221;|||&#8221;][et_pb_blurb title=&#8221;TRADITIONELL&#8221; image=&#8221;https:\/\/naarcolombia.com\/wp-content\/uploads\/2021\/02\/Bandeja-Paisa_Meddeli\u0301n_Colombia-.jpg&#8221; _builder_version=&#8221;4.27.4&#8243; custom_margin=&#8221;||35px||false|false&#8221; custom_padding=&#8221;||27px||false|false&#8221; border_radii_image=&#8221;on|10px|10px|10px|10px&#8221; global_colors_info=&#8221;{}&#8221;]<\/p>\n<p><strong>Bandeja Paisa<br \/><\/strong>&#8220;Signature dish&#8221; der Region Antioquia und Kolumbien.<strong> <\/strong><span>Das Gericht besteht aus Wurst, Hackfleisch, Chicharr\u00f3n (gebratene Schwarte), Bohnen, Reis, Avocado, Banane, Arepa und einem Spiegelei. Keine leicht verdauliche Mahlzeit, mit anderen Worten!   <\/span><\/p>\n<p><span>W\u00e4hrend eines <a href=\"https:\/\/www.viator.com\/tours\/Medellin\/Learn-to-Prepare-an-Authentic-Colombian-Meal-With-a-Local-Family-in-Medellin\/d4563-7626P227?pid=P00058130&amp;mcid=42383&amp;medium=link\" target=\"_blank\" rel=\"noopener\"><strong>Kochworkshop mit einer einheimischen Familie<\/strong><\/a>lernen Sie, wie man die authentischen Gerichte dieser Region zubereitet.<\/span><\/p>\n<p>[\/et_pb_blurb][\/et_pb_column][et_pb_column type=&#8221;1_2&#8243; _builder_version=&#8221;4.16&#8243; background_enable_color=&#8221;off&#8221; custom_padding=&#8221;|||&#8221; box_shadow_style=&#8221;preset3&#8243; global_colors_info=&#8221;{}&#8221; custom_padding__hover=&#8221;|||&#8221;][et_pb_blurb title=&#8221;STREETFOOD&#8221; image=&#8221;https:\/\/naarcolombia.com\/wp-content\/uploads\/2021\/02\/Churros_salsa-de-arequipe_Colombiaanse-streetfood-.jpg&#8221; _builder_version=&#8221;4.21.0&#8243; min_height=&#8221;647px&#8221; custom_margin=&#8221;||36px||false|false&#8221; custom_padding=&#8221;35px|35px|35px|35px|false|false&#8221; border_radii_image=&#8221;on|10px|10px|10px|10px&#8221; global_colors_info=&#8221;{}&#8221;]<\/p>\n<p>Wie im \u00fcbrigen Kolumbien sind Arepas sehr beliebt, insbesondere die <em>Arepa con queso<\/em> und die s\u00fc\u00dfe <em>Arepa de ch\u00f3colo<\/em>. Andere beliebte Snacks sind: <\/p>\n<p>&nbsp;<\/p>\n<ul>\n<li>Churros; frittierte Teigstangen mit Arequipe (Karamell).<\/li>\n<li>Bu\u00f1uelos; frittierte Teigb\u00e4llchen mit K\u00e4se<\/li>\n<li>Salpic\u00f3n; Becher mit Obstsalat und einem Topping aus Sahne und Sirup<\/li>\n<li>Obleas; d\u00fcnne Waffeln mit Arequipe<\/li>\n<li>Mango Biche: gr\u00fcne Mangostreifen mit Salz<\/li>\n<li>Patacones: frittierte flache &#8220;Kekse&#8221; aus gr\u00fcner Banane<\/li>\n<\/ul>\n<p>W\u00e4hrend einer <strong><a href=\"https:\/\/www.viator.com\/Medellin-tours\/Street-Food-Tours\/d4563-g6-c32027?pid=P00058130&amp;mcid=42383&amp;medium=link\" target=\"_blank\" rel=\"noopener\">Street Food Tour<\/a><\/strong> entdecken Sie die besten Adressen f\u00fcr das leckerste Street Food in Medell\u00edn.<\/p>\n<p>[\/et_pb_blurb][\/et_pb_column][\/et_pb_row][et_pb_row column_structure=&#8221;1_3,1_3,1_3&#8243; _builder_version=&#8221;4.16&#8243; global_colors_info=&#8221;{}&#8221;][et_pb_column type=&#8221;1_3&#8243; _builder_version=&#8221;4.16&#8243; custom_padding=&#8221;|||&#8221; global_colors_info=&#8221;{}&#8221; custom_padding__hover=&#8221;|||&#8221;][et_pb_blurb title=&#8221;CALENTADO PAISA&#8221; image=&#8221;https:\/\/naarcolombia.com\/wp-content\/uploads\/2021\/02\/Calentando_Paisa_Colombia-.jpg&#8221; _builder_version=&#8221;4.16&#8243; background_enable_color=&#8221;off&#8221; custom_margin=&#8221;||35px||false|false&#8221; custom_padding=&#8221;35px|35px|35px|35px|false|false&#8221; border_radii_image=&#8221;on|10px|10px|10px|10px&#8221; box_shadow_style=&#8221;preset1&#8243; global_colors_info=&#8221;{}&#8221;]<\/p>\n<p><span>Ein Calentado, ist ein Gericht mit den Essensresten vom Vortag, die zum Fr\u00fchst\u00fcck aufgew\u00e4rmt werden. Das Calentado Paisa ist ein Fr\u00fchst\u00fcck mit Reis, Bohnen, Carne Mechada (Eintopf), einem Spiegelei und Arepas.   <\/span><\/p>\n<p>[\/et_pb_blurb][\/et_pb_column][et_pb_column type=&#8221;1_3&#8243; _builder_version=&#8221;4.16&#8243; custom_padding=&#8221;|||&#8221; global_colors_info=&#8221;{}&#8221; custom_padding__hover=&#8221;|||&#8221;][et_pb_blurb title=&#8221;SANCOCHO PAISA&#8221; image=&#8221;https:\/\/naarcolombia.com\/wp-content\/uploads\/2021\/02\/Sancocho-Paisa_Medellin_Colombia-.jpg&#8221; _builder_version=&#8221;4.16&#8243; background_enable_color=&#8221;off&#8221; custom_padding=&#8221;35px|35px|35px|35px|false|false&#8221; border_radii_image=&#8221;on|10px|10px|10px|10px&#8221; box_shadow_style=&#8221;preset1&#8243; global_colors_info=&#8221;{}&#8221;]<\/p>\n<p>Antioquia hat seine eigene Variante der traditionellen kolumbianischen Suppe mit Fleisch, Huhn, Gem\u00fcse, Gew\u00fcrzen, Kartoffeln, Maniok und Bananen. Dazu wird wei\u00dfer Reis und Avocado serviert, und die <em>aj\u00ed<\/em> (w\u00fcrzige So\u00dfe) sollten Sie sich nicht entgehen lassen.   <\/p>\n<p>[\/et_pb_blurb][\/et_pb_column][et_pb_column type=&#8221;1_3&#8243; _builder_version=&#8221;4.16&#8243; custom_padding=&#8221;|||&#8221; global_colors_info=&#8221;{}&#8221; custom_padding__hover=&#8221;|||&#8221;][et_pb_blurb title=&#8221;TRUCHA&#8221; image=&#8221;https:\/\/naarcolombia.com\/wp-content\/uploads\/2021\/02\/Jardin-Trucha-con-salsa-de-panela-Colombia.jpg&#8221; _builder_version=&#8221;4.27.4&#8243; background_enable_color=&#8221;off&#8221; custom_margin=&#8221;||35px||false|false&#8221; custom_padding=&#8221;35px|35px|35px|35px|false|false&#8221; hover_enabled=&#8221;0&#8243; border_radii_image=&#8221;on|10px|10px|10px|10px&#8221; box_shadow_style=&#8221;preset1&#8243; global_colors_info=&#8221;{}&#8221; sticky_enabled=&#8221;0&#8243;]<\/p>\n<p>In den Restaurants und &#8220;Trucherias&#8221; (Forellenfarmen) rund um Medell\u00edn k\u00f6nnen Sie verschiedene Zubereitungsarten der Trucha probieren. Zum Beispiel in <a href=\"https:\/\/colombiamyway.com\/de\/jardin-antioquia\/\" target=\"_blank\" rel=\"noopener\"><strong>Jard\u00edn<\/strong><\/a> und Santa Elena k\u00f6nnen Sie die Trucha mit Salsa de Panela (So\u00dfe aus Rohrzucker) oder natur, in Knoblauch gebraten, probieren. <\/p>\n<p>[\/et_pb_blurb][\/et_pb_column][\/et_pb_row][et_pb_row _builder_version=&#8221;4.16&#8243; module_alignment=&#8221;center&#8221; custom_margin=&#8221;-3px|10%||auto||&#8221; custom_padding=&#8221;46px|||||&#8221; locked=&#8221;off&#8221; global_colors_info=&#8221;{}&#8221;][et_pb_column type=&#8221;4_4&#8243; _builder_version=&#8221;4.16&#8243; custom_padding=&#8221;|||&#8221; global_colors_info=&#8221;{}&#8221; custom_padding__hover=&#8221;|||&#8221;][et_pb_divider color=&#8221;#006ef4&#8243; divider_weight=&#8221;3px&#8221; _builder_version=&#8221;4.16&#8243; max_width=&#8221;100px&#8221; custom_margin=&#8221;||0px|&#8221; global_colors_info=&#8221;{}&#8221;][\/et_pb_divider][et_pb_blurb title=&#8221;#KolumbienMeinWeg Tipps&#8221; image=&#8221;https:\/\/naarcolombia.com\/wp-content\/uploads\/2021\/02\/Vis-eten-in-Parque-Arvi_Medellin_Colombia-.jpg&#8221; _builder_version=&#8221;4.27.4&#8243; custom_margin=&#8221;||35px||false|false&#8221; custom_padding=&#8221;||27px||false|false&#8221; border_radii_image=&#8221;on|10px|10px|10px|10px&#8221; global_colors_info=&#8221;{}&#8221;]<\/p>\n<p><strong><\/strong>Gehen Sie auf Ihre eigene kulinarische Entdeckungsreise in dieser Feinschmeckerstadt? Dann schauen Sie sich unsere Tipps f\u00fcr <a href=\"https:\/\/colombiamyway.com\/de\/die-besten-restaurants-in-medellin-essen-und-trinken\/\" target=\"_blank\" rel=\"noopener\"><strong>die besten Restaurants in Medell\u00edn <\/strong><\/a>und unseren Geheimtipp f\u00fcr <a href=\"https:\/\/colombiamyway.com\/de\/restaurant-la-octava-maravilla\/\" target=\"_blank\" rel=\"noopener\"><strong>Essen mit einem fantastischen Blick auf die Stadt<\/strong><\/a> . Allgemeine Informationen und Tipps finden Sie in unserem <a href=\"https:\/\/colombiamyway.com\/de\/reisefuehrer-medellin\/\" target=\"_blank\" rel=\"noopener\"><strong>Medell\u00edn Reisef\u00fchrer. <\/strong><\/a>   <\/p>\n<p>[\/et_pb_blurb][\/et_pb_column][\/et_pb_row][\/et_pb_section]<\/p>\n","protected":false},"excerpt":{"rendered":"<p>Medell\u00edn ist eine echte Feinschmeckerstadt. Sie k\u00f6nnen in exklusiven Restaurants essen, die k\u00f6stlichsten Stra\u00dfengerichte probieren und traditionelle Gerichte kosten. Medell\u00edn liegt in der Region Antioquia, die zusammen mit den Regionen Caldas, Quind\u00edo und Risaralda (dem Kaffeedreieck) auch als &#8220;Paisa&#8221;-Region bekannt ist. Hier lieben die vielen Kaffeebauern eine nahrhafte Mahlzeit, bevor sie zur Arbeit auf die [&hellip;]<\/p>\n","protected":false},"author":1,"featured_media":256629,"parent":0,"menu_order":0,"comment_status":"closed","ping_status":"closed","template":"","meta":{"nf_dc_page":"","_et_pb_use_builder":"on","_et_pb_old_content":"","_et_gb_content_width":"","footnotes":""},"class_list":["post-256628","page","type-page","status-publish","has-post-thumbnail","hentry"],"yoast_head":"<!-- This site is optimized with the Yoast SEO plugin v27.3 - https:\/\/yoast.com\/product\/yoast-seo-wordpress\/ -->\n<title>Essen in Medell\u00edn - Colombia My Way<\/title>\n<meta name=\"description\" content=\"Entdecken Sie das beste Essen in Medell\u00edn mit Aromen aus aller Welt, traditionellen Gerichten und dem k\u00f6stlichsten Street Food.\" \/>\n<meta name=\"robots\" content=\"index, follow, max-snippet:-1, max-image-preview:large, max-video-preview:-1\" \/>\n<link rel=\"canonical\" href=\"https:\/\/colombiamyway.com\/de\/essen-medellin\/\" \/>\n<meta property=\"og:locale\" content=\"de_DE\" \/>\n<meta property=\"og:type\" content=\"article\" \/>\n<meta property=\"og:title\" content=\"Essen in Medell\u00edn - Colombia My Way\" \/>\n<meta property=\"og:description\" content=\"Entdecken Sie das beste Essen in Medell\u00edn mit Aromen aus aller Welt, traditionellen Gerichten und dem k\u00f6stlichsten Street Food.\" \/>\n<meta property=\"og:url\" content=\"https:\/\/colombiamyway.com\/de\/essen-medellin\/\" \/>\n<meta property=\"og:site_name\" content=\"Colombia My Way\" \/>\n<meta property=\"article:publisher\" content=\"https:\/\/www.facebook.com\/profile.php?id=61571407164514\" \/>\n<meta property=\"article:modified_time\" content=\"2025-09-06T18:05:13+00:00\" \/>\n<meta property=\"og:image\" content=\"https:\/\/colombiamyway.com\/wp-content\/uploads\/2022\/06\/lokaal-eten-bij-Mondongos-_-la-70_Laureles-Estadio_Medellin_Colombia.jpg\" \/>\n\t<meta property=\"og:image:width\" content=\"450\" \/>\n\t<meta property=\"og:image:height\" content=\"450\" \/>\n\t<meta property=\"og:image:type\" content=\"image\/jpeg\" \/>\n<meta name=\"twitter:card\" content=\"summary_large_image\" \/>\n<meta name=\"twitter:label1\" content=\"Gesch\u00e4tzte Lesezeit\" \/>\n\t<meta name=\"twitter:data1\" content=\"7\u00a0Minuten\" \/>\n<script type=\"application\/ld+json\" class=\"yoast-schema-graph\">{\"@context\":\"https:\\\/\\\/schema.org\",\"@graph\":[{\"@type\":\"WebPage\",\"@id\":\"https:\\\/\\\/colombiamyway.com\\\/de\\\/essen-medellin\\\/\",\"url\":\"https:\\\/\\\/colombiamyway.com\\\/de\\\/essen-medellin\\\/\",\"name\":\"Essen in Medell\u00edn - Colombia My Way\",\"isPartOf\":{\"@id\":\"https:\\\/\\\/colombiamyway.com\\\/de\\\/#website\"},\"primaryImageOfPage\":{\"@id\":\"https:\\\/\\\/colombiamyway.com\\\/de\\\/essen-medellin\\\/#primaryimage\"},\"image\":{\"@id\":\"https:\\\/\\\/colombiamyway.com\\\/de\\\/essen-medellin\\\/#primaryimage\"},\"thumbnailUrl\":\"https:\\\/\\\/colombiamyway.com\\\/wp-content\\\/uploads\\\/2022\\\/06\\\/lokaal-eten-bij-Mondongos-_-la-70_Laureles-Estadio_Medellin_Colombia.jpg\",\"datePublished\":\"2021-02-22T05:51:29+00:00\",\"dateModified\":\"2025-09-06T18:05:13+00:00\",\"description\":\"Entdecken Sie das beste Essen in Medell\u00edn mit Aromen aus aller Welt, traditionellen Gerichten und dem k\u00f6stlichsten Street Food.\",\"breadcrumb\":{\"@id\":\"https:\\\/\\\/colombiamyway.com\\\/de\\\/essen-medellin\\\/#breadcrumb\"},\"inLanguage\":\"de\",\"potentialAction\":[{\"@type\":\"ReadAction\",\"target\":[\"https:\\\/\\\/colombiamyway.com\\\/de\\\/essen-medellin\\\/\"]}]},{\"@type\":\"ImageObject\",\"inLanguage\":\"de\",\"@id\":\"https:\\\/\\\/colombiamyway.com\\\/de\\\/essen-medellin\\\/#primaryimage\",\"url\":\"https:\\\/\\\/colombiamyway.com\\\/wp-content\\\/uploads\\\/2022\\\/06\\\/lokaal-eten-bij-Mondongos-_-la-70_Laureles-Estadio_Medellin_Colombia.jpg\",\"contentUrl\":\"https:\\\/\\\/colombiamyway.com\\\/wp-content\\\/uploads\\\/2022\\\/06\\\/lokaal-eten-bij-Mondongos-_-la-70_Laureles-Estadio_Medellin_Colombia.jpg\",\"width\":450,\"height\":450},{\"@type\":\"BreadcrumbList\",\"@id\":\"https:\\\/\\\/colombiamyway.com\\\/de\\\/essen-medellin\\\/#breadcrumb\",\"itemListElement\":[{\"@type\":\"ListItem\",\"position\":1,\"name\":\"Home\",\"item\":\"https:\\\/\\\/colombiamyway.com\\\/de\\\/startseite\\\/\"},{\"@type\":\"ListItem\",\"position\":2,\"name\":\"Essen in Medell\u00edn\"}]},{\"@type\":\"WebSite\",\"@id\":\"https:\\\/\\\/colombiamyway.com\\\/de\\\/#website\",\"url\":\"https:\\\/\\\/colombiamyway.com\\\/de\\\/\",\"name\":\"Colombia My Way\",\"description\":\"The Guide for the Independent Traveler\",\"publisher\":{\"@id\":\"https:\\\/\\\/colombiamyway.com\\\/de\\\/#organization\"},\"potentialAction\":[{\"@type\":\"SearchAction\",\"target\":{\"@type\":\"EntryPoint\",\"urlTemplate\":\"https:\\\/\\\/colombiamyway.com\\\/de\\\/?s={search_term_string}\"},\"query-input\":{\"@type\":\"PropertyValueSpecification\",\"valueRequired\":true,\"valueName\":\"search_term_string\"}}],\"inLanguage\":\"de\"},{\"@type\":\"Organization\",\"@id\":\"https:\\\/\\\/colombiamyway.com\\\/de\\\/#organization\",\"name\":\"Colombia My Way\",\"url\":\"https:\\\/\\\/colombiamyway.com\\\/de\\\/\",\"logo\":{\"@type\":\"ImageObject\",\"inLanguage\":\"de\",\"@id\":\"https:\\\/\\\/colombiamyway.com\\\/de\\\/#\\\/schema\\\/logo\\\/image\\\/\",\"url\":\"https:\\\/\\\/i0.wp.com\\\/colombiamyway.com\\\/wp-content\\\/uploads\\\/2024\\\/12\\\/Green-Modern-and-Minimalistic-Travel-Typography-Logo-2.png?fit=500%2C500&ssl=1\",\"contentUrl\":\"https:\\\/\\\/i0.wp.com\\\/colombiamyway.com\\\/wp-content\\\/uploads\\\/2024\\\/12\\\/Green-Modern-and-Minimalistic-Travel-Typography-Logo-2.png?fit=500%2C500&ssl=1\",\"width\":500,\"height\":500,\"caption\":\"Colombia My Way\"},\"image\":{\"@id\":\"https:\\\/\\\/colombiamyway.com\\\/de\\\/#\\\/schema\\\/logo\\\/image\\\/\"},\"sameAs\":[\"https:\\\/\\\/www.facebook.com\\\/profile.php?id=61571407164514\"]}]}<\/script>\n<!-- \/ Yoast SEO plugin. -->","yoast_head_json":{"title":"Essen in Medell\u00edn - Colombia My Way","description":"Entdecken Sie das beste Essen in Medell\u00edn mit Aromen aus aller Welt, traditionellen Gerichten und dem k\u00f6stlichsten Street Food.","robots":{"index":"index","follow":"follow","max-snippet":"max-snippet:-1","max-image-preview":"max-image-preview:large","max-video-preview":"max-video-preview:-1"},"canonical":"https:\/\/colombiamyway.com\/de\/essen-medellin\/","og_locale":"de_DE","og_type":"article","og_title":"Essen in Medell\u00edn - Colombia My Way","og_description":"Entdecken Sie das beste Essen in Medell\u00edn mit Aromen aus aller Welt, traditionellen Gerichten und dem k\u00f6stlichsten Street Food.","og_url":"https:\/\/colombiamyway.com\/de\/essen-medellin\/","og_site_name":"Colombia My Way","article_publisher":"https:\/\/www.facebook.com\/profile.php?id=61571407164514","article_modified_time":"2025-09-06T18:05:13+00:00","og_image":[{"width":450,"height":450,"url":"https:\/\/colombiamyway.com\/wp-content\/uploads\/2022\/06\/lokaal-eten-bij-Mondongos-_-la-70_Laureles-Estadio_Medellin_Colombia.jpg","type":"image\/jpeg"}],"twitter_card":"summary_large_image","twitter_misc":{"Gesch\u00e4tzte Lesezeit":"7\u00a0Minuten"},"schema":{"@context":"https:\/\/schema.org","@graph":[{"@type":"WebPage","@id":"https:\/\/colombiamyway.com\/de\/essen-medellin\/","url":"https:\/\/colombiamyway.com\/de\/essen-medellin\/","name":"Essen in Medell\u00edn - Colombia My Way","isPartOf":{"@id":"https:\/\/colombiamyway.com\/de\/#website"},"primaryImageOfPage":{"@id":"https:\/\/colombiamyway.com\/de\/essen-medellin\/#primaryimage"},"image":{"@id":"https:\/\/colombiamyway.com\/de\/essen-medellin\/#primaryimage"},"thumbnailUrl":"https:\/\/colombiamyway.com\/wp-content\/uploads\/2022\/06\/lokaal-eten-bij-Mondongos-_-la-70_Laureles-Estadio_Medellin_Colombia.jpg","datePublished":"2021-02-22T05:51:29+00:00","dateModified":"2025-09-06T18:05:13+00:00","description":"Entdecken Sie das beste Essen in Medell\u00edn mit Aromen aus aller Welt, traditionellen Gerichten und dem k\u00f6stlichsten Street Food.","breadcrumb":{"@id":"https:\/\/colombiamyway.com\/de\/essen-medellin\/#breadcrumb"},"inLanguage":"de","potentialAction":[{"@type":"ReadAction","target":["https:\/\/colombiamyway.com\/de\/essen-medellin\/"]}]},{"@type":"ImageObject","inLanguage":"de","@id":"https:\/\/colombiamyway.com\/de\/essen-medellin\/#primaryimage","url":"https:\/\/colombiamyway.com\/wp-content\/uploads\/2022\/06\/lokaal-eten-bij-Mondongos-_-la-70_Laureles-Estadio_Medellin_Colombia.jpg","contentUrl":"https:\/\/colombiamyway.com\/wp-content\/uploads\/2022\/06\/lokaal-eten-bij-Mondongos-_-la-70_Laureles-Estadio_Medellin_Colombia.jpg","width":450,"height":450},{"@type":"BreadcrumbList","@id":"https:\/\/colombiamyway.com\/de\/essen-medellin\/#breadcrumb","itemListElement":[{"@type":"ListItem","position":1,"name":"Home","item":"https:\/\/colombiamyway.com\/de\/startseite\/"},{"@type":"ListItem","position":2,"name":"Essen in Medell\u00edn"}]},{"@type":"WebSite","@id":"https:\/\/colombiamyway.com\/de\/#website","url":"https:\/\/colombiamyway.com\/de\/","name":"Colombia My Way","description":"The Guide for the Independent Traveler","publisher":{"@id":"https:\/\/colombiamyway.com\/de\/#organization"},"potentialAction":[{"@type":"SearchAction","target":{"@type":"EntryPoint","urlTemplate":"https:\/\/colombiamyway.com\/de\/?s={search_term_string}"},"query-input":{"@type":"PropertyValueSpecification","valueRequired":true,"valueName":"search_term_string"}}],"inLanguage":"de"},{"@type":"Organization","@id":"https:\/\/colombiamyway.com\/de\/#organization","name":"Colombia My Way","url":"https:\/\/colombiamyway.com\/de\/","logo":{"@type":"ImageObject","inLanguage":"de","@id":"https:\/\/colombiamyway.com\/de\/#\/schema\/logo\/image\/","url":"https:\/\/i0.wp.com\/colombiamyway.com\/wp-content\/uploads\/2024\/12\/Green-Modern-and-Minimalistic-Travel-Typography-Logo-2.png?fit=500%2C500&ssl=1","contentUrl":"https:\/\/i0.wp.com\/colombiamyway.com\/wp-content\/uploads\/2024\/12\/Green-Modern-and-Minimalistic-Travel-Typography-Logo-2.png?fit=500%2C500&ssl=1","width":500,"height":500,"caption":"Colombia My Way"},"image":{"@id":"https:\/\/colombiamyway.com\/de\/#\/schema\/logo\/image\/"},"sameAs":["https:\/\/www.facebook.com\/profile.php?id=61571407164514"]}]}},"_links":{"self":[{"href":"https:\/\/colombiamyway.com\/de\/wp-json\/wp\/v2\/pages\/256628","targetHints":{"allow":["GET"]}}],"collection":[{"href":"https:\/\/colombiamyway.com\/de\/wp-json\/wp\/v2\/pages"}],"about":[{"href":"https:\/\/colombiamyway.com\/de\/wp-json\/wp\/v2\/types\/page"}],"author":[{"embeddable":true,"href":"https:\/\/colombiamyway.com\/de\/wp-json\/wp\/v2\/users\/1"}],"replies":[{"embeddable":true,"href":"https:\/\/colombiamyway.com\/de\/wp-json\/wp\/v2\/comments?post=256628"}],"version-history":[{"count":20,"href":"https:\/\/colombiamyway.com\/de\/wp-json\/wp\/v2\/pages\/256628\/revisions"}],"predecessor-version":[{"id":268918,"href":"https:\/\/colombiamyway.com\/de\/wp-json\/wp\/v2\/pages\/256628\/revisions\/268918"}],"wp:featuredmedia":[{"embeddable":true,"href":"https:\/\/colombiamyway.com\/de\/wp-json\/wp\/v2\/media\/256629"}],"wp:attachment":[{"href":"https:\/\/colombiamyway.com\/de\/wp-json\/wp\/v2\/media?parent=256628"}],"curies":[{"name":"wp","href":"https:\/\/api.w.org\/{rel}","templated":true}]}}