{"id":256713,"date":"2021-01-28T18:32:21","date_gmt":"2021-01-28T22:32:21","guid":{"rendered":"https:\/\/colombiamyway.com\/startseite\/medellin-und-umgebung\/"},"modified":"2025-09-07T12:10:55","modified_gmt":"2025-09-07T16:10:55","slug":"medellin-und-umgebung","status":"publish","type":"page","link":"https:\/\/colombiamyway.com\/de\/medellin-und-umgebung\/","title":{"rendered":"Medell\u00edn und Umgebung"},"content":{"rendered":"<p>[et_pb_section fb_built=&#8221;1&#8243; fullwidth=&#8221;on&#8221; _builder_version=&#8221;4.27.4&#8243; _module_preset=&#8221;default&#8221; background_image=&#8221;https:\/\/colombiamyway.com\/wp-content\/uploads\/2022\/07\/Restaurante-La-Octava-Maravilla_Medellin_Colombia.jpg&#8221; custom_margin=&#8221;||||false|false&#8221; custom_padding=&#8221;90px||591px|||&#8221; global_colors_info=&#8221;{}&#8221;][\/et_pb_section][et_pb_section fb_built=&#8221;1&#8243; _builder_version=&#8221;4.27.4&#8243; _module_preset=&#8221;default&#8221; global_colors_info=&#8221;{}&#8221;][et_pb_row _builder_version=&#8221;4.27.4&#8243; _module_preset=&#8221;default&#8221; global_colors_info=&#8221;{}&#8221;][et_pb_column type=&#8221;4_4&#8243; _builder_version=&#8221;4.27.4&#8243; _module_preset=&#8221;default&#8221; global_colors_info=&#8221;{}&#8221;][lwp_divi_breadcrumbs _builder_version=&#8221;4.27.4&#8243; _module_preset=&#8221;default&#8221; global_colors_info=&#8221;{}&#8221;][\/lwp_divi_breadcrumbs][\/et_pb_column][\/et_pb_row][\/et_pb_section][et_pb_section fb_built=&#8221;1&#8243; _builder_version=&#8221;4.27.4&#8243; _module_preset=&#8221;default&#8221; custom_margin=&#8221;||2px|||&#8221; custom_padding=&#8221;28px||26px|||&#8221; global_colors_info=&#8221;{}&#8221;][et_pb_row _builder_version=&#8221;4.27.4&#8243; _module_preset=&#8221;default&#8221; global_colors_info=&#8221;{}&#8221;][et_pb_column type=&#8221;4_4&#8243; _builder_version=&#8221;4.27.4&#8243; _module_preset=&#8221;default&#8221; global_colors_info=&#8221;{}&#8221;][et_pb_code _builder_version=&#8221;4.27.4&#8243; _module_preset=&#8221;default&#8221; global_colors_info=&#8221;{}&#8221;]<iframe loading=\"lazy\" id=\"stay22-widget\" width=\"100%\" height=\"428\" src=\"https:\/\/www.stay22.com\/embed\/6857e3ba38ba75cbf7db1bda\" frameborder=\"0\"><\/iframe>[\/et_pb_code][\/et_pb_column][\/et_pb_row][\/et_pb_section][et_pb_section fb_built=&#8221;1&#8243; _builder_version=&#8221;4.27.4&#8243; custom_margin=&#8221;1px||0px|||&#8221; custom_padding=&#8221;35px||34px|||&#8221; top_divider_color=&#8221;#004e93&#8243; top_divider_height=&#8221;30px&#8221; bottom_divider_color=&#8221;#EABB3F&#8221; bottom_divider_height=&#8221;25px&#8221; border_color_left=&#8221;#EABB3F&#8221; global_colors_info=&#8221;{}&#8221;][et_pb_row _builder_version=&#8221;4.16&#8243; module_alignment=&#8221;center&#8221; custom_margin=&#8221;-3px|10%||auto||&#8221; custom_padding=&#8221;32px|||||&#8221; locked=&#8221;off&#8221; global_colors_info=&#8221;{}&#8221;][et_pb_column type=&#8221;4_4&#8243; saved_specialty_column_type=&#8221;1_2&#8243; _builder_version=&#8221;4.16&#8243; custom_padding=&#8221;|||&#8221; global_colors_info=&#8221;{}&#8221; custom_padding__hover=&#8221;|||&#8221;][et_pb_divider color=&#8221;#21468B&#8221; divider_weight=&#8221;3px&#8221; _builder_version=&#8221;4.16&#8243; max_width=&#8221;100px&#8221; custom_margin=&#8221;||0px|&#8221; global_colors_info=&#8221;{}&#8221;][\/et_pb_divider][et_pb_text _builder_version=&#8221;4.16&#8243; text_font=&#8221;Montserrat|300|||||||&#8221; text_line_height=&#8221;2em&#8221; header_font=&#8221;||||||||&#8221; header_2_font=&#8221;|600|||||||&#8221; header_2_font_size=&#8221;36px&#8221; header_2_line_height=&#8221;1.4em&#8221; max_width=&#8221;700px&#8221; header_2_font_size_tablet=&#8221;30px&#8221; header_2_font_size_phone=&#8221;24px&#8221; header_2_font_size_last_edited=&#8221;on|phone&#8221; global_colors_info=&#8221;{}&#8221;]<\/p>\n<h2><span lang=\"NL\">\u00dcbersicht<\/span><\/h2>\n<p>[\/et_pb_text][\/et_pb_column][\/et_pb_row][et_pb_row _builder_version=&#8221;4.27.4&#8243; background_color=&#8221;#f5f5f5&#8243; width=&#8221;95%&#8221; module_alignment=&#8221;center&#8221; custom_margin=&#8221;35px|0px|30px|33px|false|false&#8221; custom_padding=&#8221;15px|14px|30px|17px|false|false&#8221; global_colors_info=&#8221;{}&#8221;][et_pb_column type=&#8221;4_4&#8243; _builder_version=&#8221;4.16&#8243; global_colors_info=&#8221;{}&#8221;][et_pb_text _builder_version=&#8221;4.27.4&#8243; text_font=&#8221;||||||||&#8221; text_text_color=&#8221;#282828&#8243; custom_margin=&#8221;0px|13px||9px|false|false&#8221; hover_enabled=&#8221;0&#8243; global_colors_info=&#8221;{}&#8221; sticky_enabled=&#8221;0&#8243;]<\/p>\n<p>Medell\u00edn ist die zweitgr\u00f6\u00dfte Stadt Kolumbiens und Hauptstadt des Departements Antioquia, einer fruchtbaren Region mit Kaffeeplantagen, Blumenfarmen und <a href=\"https:\/\/colombiamyway.com\/de\/doerfer-in-der-naehe-von-medellin\/\" target=\"_blank\" rel=\"noopener\"><strong>traditionellen D\u00f6rfern<\/strong>.<\/a> Abgesehen davon, dass Medell\u00edn selbst viel zu bieten hat, ist die Stadt aufgrund ihrer zentralen Lage auch ein idealer Zwischenstopp w\u00e4hrend einer Kolumbienreise.<\/p>\n<p><strong>H\u00f6hepunkte<\/strong><\/p>\n<ul>\n<li>Mit der Seilbahn zum Parque Arv\u00ed<\/li>\n<li>Mit einer <a href=\"https:\/\/www.viator.com\/tours\/Medellin\/Graffiti-Tour-Comuna-13\/d4563-146574P1\" target=\"_blank\" rel=\"noopener\"><strong>Tour zu einer der Comunas<\/strong>,<\/a> wo Sie einen guten Eindruck von der Ver\u00e4nderung der <strong><a href=\"https:\/\/colombiamyway.com\/de\/reisefuehrer-medellin\/\" target=\"_blank\" rel=\"noopener\">Medell\u00edn<\/a><\/strong><\/li>\n<li>Schlendern Sie \u00fcber die Plaza Botero mit den Skulpturen von Kolumbiens ber\u00fchmtestem K\u00fcnstler<\/li>\n<li><a href=\"https:\/\/colombiamyway.com\/de\/einkaufen-in-medellin\/\" target=\"_blank\" rel=\"noopener\"><strong>Ein Tag zum Einkaufen<\/strong> <\/a>in Kolumbiens gr\u00f6\u00dftem Einkaufszentrum<\/li>\n<li>Gleitschirmfliegen<\/li>\n<li>Das Eje Cafetero (Kaffeedreieck) hat koloniale D\u00f6rfer wie <a href=\"https:\/\/colombiamyway.com\/de\/alles-ueber-salento-kolumbien-was-sie-unternehmen-koennen-und-tipps\/\" target=\"_blank\" rel=\"noopener\"><strong>Salento.<\/strong><\/a> Antioquia hat traditionelle <strong><a href=\"https:\/\/colombiamyway.com\/de\/doerfer-in-der-naehe-von-medellin\/\" target=\"_blank\" rel=\"noopener\">D\u00f6rfer<\/a><\/strong> wie <strong><a href=\"https:\/\/colombiamyway.com\/de\/jardin-antioquia\/\" target=\"_blank\" rel=\"noopener\">Jard\u00edn<\/a><\/strong>, <a href=\"https:\/\/colombiamyway.com\/de\/alles-ueber-santa-fe-de-antioquia-kolumbien\/\" target=\"_blank\" rel=\"noopener\" title=\"Santa Fe de Antioquia\"><strong>Santa Fe de Antioquia<\/strong><\/a> und <strong><a href=\"https:\/\/colombiamyway.com\/de\/alles-ueber-jerico-antioquia\/\" target=\"_blank\" rel=\"noopener\">Jeric\u00f3.<\/a><\/strong> Diese D\u00f6rfer eignen sich hervorragend, um herumzuschlendern und die Atmosph\u00e4re aufzusaugen<\/li>\n<li>Ein Ausflug ins farbenfrohe <strong><a href=\"https:\/\/colombiamyway.com\/de\/alles-ueber-guatape-was-sie-unternehmen-koennen-und-tipps\/\" target=\"_blank\" rel=\"noopener\">Guatap\u00e9 und Piedra del Pe\u00f1ol<\/a><\/strong><\/li>\n<li>Genie\u00dfen Sie die Natur und sportliche Aktivit\u00e4ten in <strong>Reserva Natural Rio Claro<\/strong><\/li>\n<\/ul>\n<p>[\/et_pb_text][\/et_pb_column][\/et_pb_row][\/et_pb_section][et_pb_section fb_built=&#8221;1&#8243; _builder_version=&#8221;4.27.4&#8243; _module_preset=&#8221;default&#8221; custom_padding=&#8221;25px||27px|||&#8221; global_colors_info=&#8221;{}&#8221;][et_pb_row _builder_version=&#8221;4.27.4&#8243; _module_preset=&#8221;default&#8221; background_color=&#8221;#006351&#8243; global_colors_info=&#8221;{}&#8221;][et_pb_column type=&#8221;4_4&#8243; _builder_version=&#8221;4.27.4&#8243; _module_preset=&#8221;default&#8221; global_colors_info=&#8221;{}&#8221;][et_pb_heading title=&#8221;\u00c4hnliche Artikel&#8221; _builder_version=&#8221;4.27.4&#8243; _module_preset=&#8221;default&#8221; title_text_align=&#8221;center&#8221; title_text_color=&#8221;#FFFFFF&#8221; title_font_size=&#8221;35px&#8221; background_enable_color=&#8221;off&#8221; global_colors_info=&#8221;{}&#8221;][\/et_pb_heading][\/et_pb_column][\/et_pb_row][\/et_pb_section][et_pb_section fb_built=&#8221;1&#8243; _builder_version=&#8221;4.27.4&#8243; _module_preset=&#8221;default&#8221; global_colors_info=&#8221;{}&#8221;][et_pb_row _builder_version=&#8221;4.27.4&#8243; _module_preset=&#8221;default&#8221; global_colors_info=&#8221;{}&#8221;][et_pb_column type=&#8221;4_4&#8243; _builder_version=&#8221;4.27.4&#8243; _module_preset=&#8221;default&#8221; global_colors_info=&#8221;{}&#8221;][et_pb_blog fullwidth=&#8221;off&#8221; include_categories=&#8221;268&#8243; show_more=&#8221;on&#8221; show_author=&#8221;off&#8221; show_date=&#8221;off&#8221; _builder_version=&#8221;4.27.4&#8243; _module_preset=&#8221;default&#8221; background_color=&#8221;#FFFFFF&#8221; global_colors_info=&#8221;{}&#8221;][\/et_pb_blog][\/et_pb_column][\/et_pb_row][\/et_pb_section]<\/p>\n","protected":false},"excerpt":{"rendered":"<p><div class=\"et_pb_module lwp_divi_breadcrumbs lwp_divi_breadcrumbs_0\">\n\t\t\t\t\n\t\t\t\t\n\t\t\t\t\n\t\t\t\t\n\t\t\t\t\n\t\t\t\t\n\t\t\t\t<div class=\"et_pb_module_inner\">\n\t\t\t\t\t<div class=\"lwp-breadcrumbs\"> <span class=\"before\"><\/span> <span vocab=\"https:\/\/schema.org\/\" typeof=\"BreadcrumbList\"><span property=\"itemListElement\" typeof=\"ListItem\"><a property=\"item\" typeof=\"WebPage\" href=\"https:\/\/colombiamyway.com\/de\/\" class=\"home\"><span property=\"name\">Home<\/span><\/a><meta property=\"position\" content=\"1\"><\/span> <span class=\"separator et-pb-icon\">&#x39;<\/span> <\/span><\/div>\n\t\t\t\t<\/div>\n\t\t\t<\/div>\u00dcbersichtMedell\u00edn ist die zweitgr\u00f6\u00dfte Stadt Kolumbiens und Hauptstadt des Departements Antioquia, einer fruchtbaren Region mit Kaffeeplantagen, Blumenfarmen und traditionellen D\u00f6rfern. Abgesehen davon, dass Medell\u00edn selbst viel zu bieten hat, ist die Stadt aufgrund ihrer zentralen Lage auch ein idealer Zwischenstopp w\u00e4hrend einer Kolumbienreise. H\u00f6hepunkte Mit der Seilbahn zum Parque Arv\u00ed Mit einer [&hellip;]<\/p>\n","protected":false},"author":1,"featured_media":256714,"parent":0,"menu_order":0,"comment_status":"closed","ping_status":"closed","template":"","meta":{"nf_dc_page":"","_et_pb_use_builder":"on","_et_pb_old_content":"","_et_gb_content_width":"","footnotes":""},"class_list":["post-256713","page","type-page","status-publish","has-post-thumbnail","hentry"],"yoast_head":"<!-- This site is optimized with the Yoast SEO plugin v27.3 - https:\/\/yoast.com\/product\/yoast-seo-wordpress\/ -->\n<title>Medell\u00edn und Umgebung - Colombia My Way<\/title>\n<meta name=\"description\" content=\"Entdecken Sie Medell\u00edn und andere Orte in Antioquia. Planen Sie Ihre Reise, entdecken Sie die besten Aktivit\u00e4ten und buchen Sie Ihre Unterkunft mit NaarColombia\" \/>\n<meta name=\"robots\" content=\"index, follow, max-snippet:-1, max-image-preview:large, max-video-preview:-1\" \/>\n<link rel=\"canonical\" href=\"https:\/\/colombiamyway.com\/de\/medellin-und-umgebung\/\" \/>\n<meta property=\"og:locale\" content=\"de_DE\" \/>\n<meta property=\"og:type\" content=\"article\" \/>\n<meta property=\"og:title\" content=\"Medell\u00edn und Umgebung - Colombia My Way\" \/>\n<meta property=\"og:description\" content=\"Entdecken Sie Medell\u00edn und andere Orte in Antioquia. Planen Sie Ihre Reise, entdecken Sie die besten Aktivit\u00e4ten und buchen Sie Ihre Unterkunft mit NaarColombia\" \/>\n<meta property=\"og:url\" content=\"https:\/\/colombiamyway.com\/de\/medellin-und-umgebung\/\" \/>\n<meta property=\"og:site_name\" content=\"Colombia My Way\" \/>\n<meta property=\"article:publisher\" content=\"https:\/\/www.facebook.com\/profile.php?id=61571407164514\" \/>\n<meta property=\"article:modified_time\" content=\"2025-09-07T16:10:55+00:00\" \/>\n<meta property=\"og:image\" content=\"https:\/\/colombiamyway.com\/wp-content\/uploads\/2022\/07\/Restaurante-La-Octava-Maravilla_Medellin_Colombia.jpg\" \/>\n\t<meta property=\"og:image:width\" content=\"1024\" \/>\n\t<meta property=\"og:image:height\" content=\"768\" \/>\n\t<meta property=\"og:image:type\" content=\"image\/jpeg\" \/>\n<meta name=\"twitter:card\" content=\"summary_large_image\" \/>\n<meta name=\"twitter:label1\" content=\"Gesch\u00e4tzte Lesezeit\" \/>\n\t<meta name=\"twitter:data1\" content=\"4\u00a0Minuten\" \/>\n<script type=\"application\/ld+json\" class=\"yoast-schema-graph\">{\"@context\":\"https:\\\/\\\/schema.org\",\"@graph\":[{\"@type\":\"WebPage\",\"@id\":\"https:\\\/\\\/colombiamyway.com\\\/de\\\/medellin-und-umgebung\\\/\",\"url\":\"https:\\\/\\\/colombiamyway.com\\\/de\\\/medellin-und-umgebung\\\/\",\"name\":\"Medell\u00edn und Umgebung - Colombia My Way\",\"isPartOf\":{\"@id\":\"https:\\\/\\\/colombiamyway.com\\\/de\\\/#website\"},\"primaryImageOfPage\":{\"@id\":\"https:\\\/\\\/colombiamyway.com\\\/de\\\/medellin-und-umgebung\\\/#primaryimage\"},\"image\":{\"@id\":\"https:\\\/\\\/colombiamyway.com\\\/de\\\/medellin-und-umgebung\\\/#primaryimage\"},\"thumbnailUrl\":\"https:\\\/\\\/colombiamyway.com\\\/wp-content\\\/uploads\\\/2022\\\/07\\\/Restaurante-La-Octava-Maravilla_Medellin_Colombia.jpg\",\"datePublished\":\"2021-01-28T22:32:21+00:00\",\"dateModified\":\"2025-09-07T16:10:55+00:00\",\"description\":\"Entdecken Sie Medell\u00edn und andere Orte in Antioquia. Planen Sie Ihre Reise, entdecken Sie die besten Aktivit\u00e4ten und buchen Sie Ihre Unterkunft mit NaarColombia\",\"breadcrumb\":{\"@id\":\"https:\\\/\\\/colombiamyway.com\\\/de\\\/medellin-und-umgebung\\\/#breadcrumb\"},\"inLanguage\":\"de\",\"potentialAction\":[{\"@type\":\"ReadAction\",\"target\":[\"https:\\\/\\\/colombiamyway.com\\\/de\\\/medellin-und-umgebung\\\/\"]}]},{\"@type\":\"ImageObject\",\"inLanguage\":\"de\",\"@id\":\"https:\\\/\\\/colombiamyway.com\\\/de\\\/medellin-und-umgebung\\\/#primaryimage\",\"url\":\"https:\\\/\\\/colombiamyway.com\\\/wp-content\\\/uploads\\\/2022\\\/07\\\/Restaurante-La-Octava-Maravilla_Medellin_Colombia.jpg\",\"contentUrl\":\"https:\\\/\\\/colombiamyway.com\\\/wp-content\\\/uploads\\\/2022\\\/07\\\/Restaurante-La-Octava-Maravilla_Medellin_Colombia.jpg\",\"width\":1024,\"height\":768},{\"@type\":\"BreadcrumbList\",\"@id\":\"https:\\\/\\\/colombiamyway.com\\\/de\\\/medellin-und-umgebung\\\/#breadcrumb\",\"itemListElement\":[{\"@type\":\"ListItem\",\"position\":1,\"name\":\"Home\",\"item\":\"https:\\\/\\\/colombiamyway.com\\\/de\\\/startseite\\\/\"},{\"@type\":\"ListItem\",\"position\":2,\"name\":\"Medell\u00edn und Umgebung\"}]},{\"@type\":\"WebSite\",\"@id\":\"https:\\\/\\\/colombiamyway.com\\\/de\\\/#website\",\"url\":\"https:\\\/\\\/colombiamyway.com\\\/de\\\/\",\"name\":\"Colombia My Way\",\"description\":\"The Guide for the Independent Traveler\",\"publisher\":{\"@id\":\"https:\\\/\\\/colombiamyway.com\\\/de\\\/#organization\"},\"potentialAction\":[{\"@type\":\"SearchAction\",\"target\":{\"@type\":\"EntryPoint\",\"urlTemplate\":\"https:\\\/\\\/colombiamyway.com\\\/de\\\/?s={search_term_string}\"},\"query-input\":{\"@type\":\"PropertyValueSpecification\",\"valueRequired\":true,\"valueName\":\"search_term_string\"}}],\"inLanguage\":\"de\"},{\"@type\":\"Organization\",\"@id\":\"https:\\\/\\\/colombiamyway.com\\\/de\\\/#organization\",\"name\":\"Colombia My Way\",\"url\":\"https:\\\/\\\/colombiamyway.com\\\/de\\\/\",\"logo\":{\"@type\":\"ImageObject\",\"inLanguage\":\"de\",\"@id\":\"https:\\\/\\\/colombiamyway.com\\\/de\\\/#\\\/schema\\\/logo\\\/image\\\/\",\"url\":\"https:\\\/\\\/i0.wp.com\\\/colombiamyway.com\\\/wp-content\\\/uploads\\\/2024\\\/12\\\/Green-Modern-and-Minimalistic-Travel-Typography-Logo-2.png?fit=500%2C500&ssl=1\",\"contentUrl\":\"https:\\\/\\\/i0.wp.com\\\/colombiamyway.com\\\/wp-content\\\/uploads\\\/2024\\\/12\\\/Green-Modern-and-Minimalistic-Travel-Typography-Logo-2.png?fit=500%2C500&ssl=1\",\"width\":500,\"height\":500,\"caption\":\"Colombia My Way\"},\"image\":{\"@id\":\"https:\\\/\\\/colombiamyway.com\\\/de\\\/#\\\/schema\\\/logo\\\/image\\\/\"},\"sameAs\":[\"https:\\\/\\\/www.facebook.com\\\/profile.php?id=61571407164514\"]}]}<\/script>\n<!-- \/ Yoast SEO plugin. -->","yoast_head_json":{"title":"Medell\u00edn und Umgebung - Colombia My Way","description":"Entdecken Sie Medell\u00edn und andere Orte in Antioquia. Planen Sie Ihre Reise, entdecken Sie die besten Aktivit\u00e4ten und buchen Sie Ihre Unterkunft mit NaarColombia","robots":{"index":"index","follow":"follow","max-snippet":"max-snippet:-1","max-image-preview":"max-image-preview:large","max-video-preview":"max-video-preview:-1"},"canonical":"https:\/\/colombiamyway.com\/de\/medellin-und-umgebung\/","og_locale":"de_DE","og_type":"article","og_title":"Medell\u00edn und Umgebung - Colombia My Way","og_description":"Entdecken Sie Medell\u00edn und andere Orte in Antioquia. Planen Sie Ihre Reise, entdecken Sie die besten Aktivit\u00e4ten und buchen Sie Ihre Unterkunft mit NaarColombia","og_url":"https:\/\/colombiamyway.com\/de\/medellin-und-umgebung\/","og_site_name":"Colombia My Way","article_publisher":"https:\/\/www.facebook.com\/profile.php?id=61571407164514","article_modified_time":"2025-09-07T16:10:55+00:00","og_image":[{"width":1024,"height":768,"url":"https:\/\/colombiamyway.com\/wp-content\/uploads\/2022\/07\/Restaurante-La-Octava-Maravilla_Medellin_Colombia.jpg","type":"image\/jpeg"}],"twitter_card":"summary_large_image","twitter_misc":{"Gesch\u00e4tzte Lesezeit":"4\u00a0Minuten"},"schema":{"@context":"https:\/\/schema.org","@graph":[{"@type":"WebPage","@id":"https:\/\/colombiamyway.com\/de\/medellin-und-umgebung\/","url":"https:\/\/colombiamyway.com\/de\/medellin-und-umgebung\/","name":"Medell\u00edn und Umgebung - Colombia My Way","isPartOf":{"@id":"https:\/\/colombiamyway.com\/de\/#website"},"primaryImageOfPage":{"@id":"https:\/\/colombiamyway.com\/de\/medellin-und-umgebung\/#primaryimage"},"image":{"@id":"https:\/\/colombiamyway.com\/de\/medellin-und-umgebung\/#primaryimage"},"thumbnailUrl":"https:\/\/colombiamyway.com\/wp-content\/uploads\/2022\/07\/Restaurante-La-Octava-Maravilla_Medellin_Colombia.jpg","datePublished":"2021-01-28T22:32:21+00:00","dateModified":"2025-09-07T16:10:55+00:00","description":"Entdecken Sie Medell\u00edn und andere Orte in Antioquia. Planen Sie Ihre Reise, entdecken Sie die besten Aktivit\u00e4ten und buchen Sie Ihre Unterkunft mit NaarColombia","breadcrumb":{"@id":"https:\/\/colombiamyway.com\/de\/medellin-und-umgebung\/#breadcrumb"},"inLanguage":"de","potentialAction":[{"@type":"ReadAction","target":["https:\/\/colombiamyway.com\/de\/medellin-und-umgebung\/"]}]},{"@type":"ImageObject","inLanguage":"de","@id":"https:\/\/colombiamyway.com\/de\/medellin-und-umgebung\/#primaryimage","url":"https:\/\/colombiamyway.com\/wp-content\/uploads\/2022\/07\/Restaurante-La-Octava-Maravilla_Medellin_Colombia.jpg","contentUrl":"https:\/\/colombiamyway.com\/wp-content\/uploads\/2022\/07\/Restaurante-La-Octava-Maravilla_Medellin_Colombia.jpg","width":1024,"height":768},{"@type":"BreadcrumbList","@id":"https:\/\/colombiamyway.com\/de\/medellin-und-umgebung\/#breadcrumb","itemListElement":[{"@type":"ListItem","position":1,"name":"Home","item":"https:\/\/colombiamyway.com\/de\/startseite\/"},{"@type":"ListItem","position":2,"name":"Medell\u00edn und Umgebung"}]},{"@type":"WebSite","@id":"https:\/\/colombiamyway.com\/de\/#website","url":"https:\/\/colombiamyway.com\/de\/","name":"Colombia My Way","description":"The Guide for the Independent Traveler","publisher":{"@id":"https:\/\/colombiamyway.com\/de\/#organization"},"potentialAction":[{"@type":"SearchAction","target":{"@type":"EntryPoint","urlTemplate":"https:\/\/colombiamyway.com\/de\/?s={search_term_string}"},"query-input":{"@type":"PropertyValueSpecification","valueRequired":true,"valueName":"search_term_string"}}],"inLanguage":"de"},{"@type":"Organization","@id":"https:\/\/colombiamyway.com\/de\/#organization","name":"Colombia My Way","url":"https:\/\/colombiamyway.com\/de\/","logo":{"@type":"ImageObject","inLanguage":"de","@id":"https:\/\/colombiamyway.com\/de\/#\/schema\/logo\/image\/","url":"https:\/\/i0.wp.com\/colombiamyway.com\/wp-content\/uploads\/2024\/12\/Green-Modern-and-Minimalistic-Travel-Typography-Logo-2.png?fit=500%2C500&ssl=1","contentUrl":"https:\/\/i0.wp.com\/colombiamyway.com\/wp-content\/uploads\/2024\/12\/Green-Modern-and-Minimalistic-Travel-Typography-Logo-2.png?fit=500%2C500&ssl=1","width":500,"height":500,"caption":"Colombia My Way"},"image":{"@id":"https:\/\/colombiamyway.com\/de\/#\/schema\/logo\/image\/"},"sameAs":["https:\/\/www.facebook.com\/profile.php?id=61571407164514"]}]}},"_links":{"self":[{"href":"https:\/\/colombiamyway.com\/de\/wp-json\/wp\/v2\/pages\/256713","targetHints":{"allow":["GET"]}}],"collection":[{"href":"https:\/\/colombiamyway.com\/de\/wp-json\/wp\/v2\/pages"}],"about":[{"href":"https:\/\/colombiamyway.com\/de\/wp-json\/wp\/v2\/types\/page"}],"author":[{"embeddable":true,"href":"https:\/\/colombiamyway.com\/de\/wp-json\/wp\/v2\/users\/1"}],"replies":[{"embeddable":true,"href":"https:\/\/colombiamyway.com\/de\/wp-json\/wp\/v2\/comments?post=256713"}],"version-history":[{"count":20,"href":"https:\/\/colombiamyway.com\/de\/wp-json\/wp\/v2\/pages\/256713\/revisions"}],"predecessor-version":[{"id":269899,"href":"https:\/\/colombiamyway.com\/de\/wp-json\/wp\/v2\/pages\/256713\/revisions\/269899"}],"wp:featuredmedia":[{"embeddable":true,"href":"https:\/\/colombiamyway.com\/de\/wp-json\/wp\/v2\/media\/256714"}],"wp:attachment":[{"href":"https:\/\/colombiamyway.com\/de\/wp-json\/wp\/v2\/media?parent=256713"}],"curies":[{"name":"wp","href":"https:\/\/api.w.org\/{rel}","templated":true}]}}