{"id":261161,"date":"2021-02-02T12:03:50","date_gmt":"2021-02-02T16:03:50","guid":{"rendered":"https:\/\/colombiamyway.com\/cali-suedwest-kolumbien-2\/"},"modified":"2025-09-14T16:43:46","modified_gmt":"2025-09-14T20:43:46","slug":"cali-suedwest-kolumbien","status":"publish","type":"page","link":"https:\/\/colombiamyway.com\/de\/cali-suedwest-kolumbien\/","title":{"rendered":"Cali &amp; S\u00fcdwest Kolumbien"},"content":{"rendered":"<p>[et_pb_section fb_built=&#8221;1&#8243; custom_padding_last_edited=&#8221;on|phone&#8221; admin_label=&#8221;Packages&#8221; _builder_version=&#8221;4.27.4&#8243; background_enable_color=&#8221;off&#8221; use_background_color_gradient=&#8221;on&#8221; background_color_gradient_type=&#8221;circular&#8221; background_color_gradient_direction_radial=&#8221;top right&#8221; background_color_gradient_stops=&#8221;rgba(242,242,242,0) 69%|rgba(23,171,234,0.28) 100%&#8221; background_color_gradient_overlays_image=&#8221;on&#8221; background_color_gradient_start=&#8221;rgba(242,242,242,0)&#8221; background_color_gradient_start_position=&#8221;69%&#8221; background_color_gradient_end=&#8221;rgba(23,171,234,0.28)&#8221; background_image=&#8221;https:\/\/naarcolombia.com\/wp-content\/uploads\/2021\/02\/Cali_uitzicht-vanaf-Christo-Rey_Colombia.jpg&#8221; custom_margin=&#8221;||0px||false|false&#8221; custom_margin_tablet=&#8221;&#8221; custom_margin_phone=&#8221;||0px||false|false&#8221; custom_margin_last_edited=&#8221;on|phone&#8221; custom_padding=&#8221;250px||250px||false|false&#8221; custom_padding_tablet=&#8221;0px||0px|&#8221; custom_padding_phone=&#8221;25px||50px||false|false&#8221; top_divider_color=&#8221;#21468B&#8221; top_divider_height=&#8221;35px&#8221; bottom_divider_color=&#8221;#EABB3F&#8221; bottom_divider_height=&#8221;25px&#8221; global_colors_info=&#8221;{}&#8221;][\/et_pb_section][et_pb_section fb_built=&#8221;1&#8243; _builder_version=&#8221;4.27.4&#8243; custom_margin=&#8221;1px||0px|||&#8221; custom_padding=&#8221;35px||52px|||&#8221; top_divider_color=&#8221;#004e93&#8243; top_divider_height=&#8221;30px&#8221; bottom_divider_color=&#8221;#EABB3F&#8221; bottom_divider_height=&#8221;25px&#8221; border_color_left=&#8221;#EABB3F&#8221; global_colors_info=&#8221;{}&#8221;][et_pb_row _builder_version=&#8221;4.16&#8243; module_alignment=&#8221;center&#8221; custom_margin=&#8221;-3px|10%||auto||&#8221; custom_padding=&#8221;32px|||||&#8221; locked=&#8221;off&#8221; global_colors_info=&#8221;{}&#8221;][et_pb_column type=&#8221;4_4&#8243; saved_specialty_column_type=&#8221;1_2&#8243; _builder_version=&#8221;4.16&#8243; custom_padding=&#8221;|||&#8221; global_colors_info=&#8221;{}&#8221; custom_padding__hover=&#8221;|||&#8221;][et_pb_divider color=&#8221;#21468B&#8221; divider_weight=&#8221;3px&#8221; _builder_version=&#8221;4.16&#8243; max_width=&#8221;100px&#8221; custom_margin=&#8221;||0px|&#8221; global_colors_info=&#8221;{}&#8221;][\/et_pb_divider][et_pb_text _builder_version=&#8221;4.16&#8243; text_font=&#8221;Montserrat|300|||||||&#8221; text_line_height=&#8221;2em&#8221; header_font=&#8221;||||||||&#8221; header_2_font=&#8221;|600|||||||&#8221; header_2_font_size=&#8221;36px&#8221; header_2_line_height=&#8221;1.4em&#8221; max_width=&#8221;700px&#8221; header_2_font_size_tablet=&#8221;30px&#8221; header_2_font_size_phone=&#8221;24px&#8221; header_2_font_size_last_edited=&#8221;on|phone&#8221; global_colors_info=&#8221;{}&#8221;]<\/p>\n<h2><span lang=\"NL\">\u00dcbersicht<\/span><\/h2>\n<p>[\/et_pb_text][\/et_pb_column][\/et_pb_row][et_pb_row column_structure=&#8221;3_5,2_5&#8243; _builder_version=&#8221;4.27.4&#8243; background_color=&#8221;#f5f5f5&#8243; module_alignment=&#8221;center&#8221; custom_margin=&#8221;35px|260px|50px|185px|false|false&#8221; custom_padding=&#8221;75px|20px|50px|21px|false|false&#8221; hover_enabled=&#8221;0&#8243; global_colors_info=&#8221;{}&#8221; sticky_enabled=&#8221;0&#8243;][et_pb_column type=&#8221;3_5&#8243; _builder_version=&#8221;4.16&#8243; global_colors_info=&#8221;{}&#8221;][et_pb_text _builder_version=&#8221;4.27.4&#8243; text_font=&#8221;||||||||&#8221; text_text_color=&#8221;#282828&#8243; text_font_size=&#8221;18px&#8221; custom_margin=&#8221;-26px|||||&#8221; global_colors_info=&#8221;{}&#8221;]<\/p>\n<p><a href=\"https:\/\/colombiamyway.com\/de\/reisefuehrer-cali\/\" target=\"_blank\" rel=\"noopener\"><strong>Cali<\/strong> <\/a>und der S\u00fcdwesten Kolumbiens haben dem Reisenden viel zu bieten. Cali ist auch als die &#8220;Stadt des Salsa&#8221; bekannt. Der S\u00fcdwesten Kolumbiens bietet eine abwechslungsreiche Landschaft, mit kolonialen St\u00e4dten, arch\u00e4ologischen St\u00e4tten, Naturparks und der <a href=\"https:\/\/colombiamyway.com\/de\/tatacoa-wueste\/\" target=\"_blank\" rel=\"noopener\"><strong>Tatacoa-W\u00fcste<\/strong><\/a>. Auch &#8220;abseits der ausgetretenen Pfade&#8221; gibt es viel zu entdecken, wie zum Beispiel die Gegend von <a href=\"https:\/\/colombiamyway.com\/de\/pasto\/\" target=\"_blank\" rel=\"noopener\"><strong>Pasto,<\/strong><\/a> nahe der Grenze zu Ecuador.   <\/p>\n<p><strong>H\u00f6hepunkte<\/strong><\/p>\n<ul>\n<li>Tanzen Sie die Nacht durch auf den vielen Partys in den <a href=\"https:\/\/colombiamyway.com\/de\/die-besten-salsa-clubs-in-cali-kolumbien\/\" target=\"_blank\" rel=\"noopener\"><strong>besten Salsa-Clubs<\/strong> von <strong>Cali<\/strong><\/a><\/li>\n<li>Sonntag zum Pance River, dem Lieblingsausflug von Familien in Cali und Umgebung<\/li>\n<li>Wandern in PNN Purac\u00e9<\/li>\n<li>Genie\u00dfen Sie die Atmosph\u00e4re in der wei\u00dfen Stadt <a href=\"https:\/\/colombiamyway.com\/de\/popayan\/\" target=\"_blank\" rel=\"noopener\"><strong>Popay\u00e1n<\/strong><\/a><\/li>\n<li>Zu den arch\u00e4ologischen St\u00e4tten <a href=\"https:\/\/colombiamyway.com\/de\/alles-ueber-san-agustin-in-kolumbien-was-sie-unternehmen-koennen-und-tipps\/\" target=\"_blank\" rel=\"noopener\"><strong>San Agust\u00edn<\/strong><\/a> und Tierradentro<\/li>\n<li>Sternguckerei in der <a href=\"https:\/\/colombiamyway.com\/de\/tatacoa-wueste\/\" target=\"_blank\" rel=\"noopener\"><strong>Tatacoa W\u00fcste<\/strong><\/a><\/li>\n<li>Bootsfahrt auf der Laguna de la Cocha, dem &#8220;Venedig&#8221; von Kolumbien<\/li>\n<li>Zur neugotischen Kirche Santuario de Las Lejas, in der N\u00e4he von <a href=\"https:\/\/colombiamyway.com\/de\/pasto\/\" target=\"_blank\" rel=\"noopener\"><strong>Pasto<\/strong><\/a><\/li>\n<li>An die indigene Gemeinschaft Guambiano in Silvia<\/li>\n<li>Wanderung zum Wasserfall Fin del Mundo in <a href=\"https:\/\/colombiamyway.com\/de\/mocoa\/\" target=\"_blank\" rel=\"noopener\"><strong>Mocoa<\/strong><\/a><\/li>\n<\/ul>\n<p>[\/et_pb_text][\/et_pb_column][et_pb_column type=&#8221;2_5&#8243; _builder_version=&#8221;4.16&#8243; global_colors_info=&#8221;{}&#8221;][et_pb_code _builder_version=&#8221;4.16&#8243; border_radii=&#8221;on|10px|10px|10px|10px&#8221; border_width_all=&#8221;3px&#8221; border_color_all=&#8221;#0c71c3&#8243; global_colors_info=&#8221;{}&#8221;]<iframe src=\"https:\/\/www.google.com\/maps\/embed?pb=!1m18!1m12!1m3!1d127450.08722157538!2d-76.59570447312967!3d3.395233235807861!2m3!1f0!2f0!3f0!3m2!1i1024!2i768!4f13.1!3m3!1m2!1s0x8e30a6f0cc4bb3f1%3A0x1f0fb5e952ae6168!2sCali%2C%20Valle%20del%20Cauca%2C%20Colombia!5e0!3m2!1ses!2snl!4v1619792804346!5m2!1ses!2snl\" width=\"600\" height=\"450\" style=\"border:0;\" allowfullscreen=\"\" loading=\"lazy\"><\/iframe>[\/et_pb_code][\/et_pb_column][\/et_pb_row][et_pb_row _builder_version=&#8221;4.27.4&#8243; _module_preset=&#8221;default&#8221; global_colors_info=&#8221;{}&#8221;][et_pb_column type=&#8221;4_4&#8243; _builder_version=&#8221;4.27.4&#8243; _module_preset=&#8221;default&#8221; global_colors_info=&#8221;{}&#8221;][et_pb_code _builder_version=&#8221;4.27.4&#8243; _module_preset=&#8221;default&#8221; global_colors_info=&#8221;{}&#8221;]<iframe loading=\"lazy\" id=\"stay22-widget\" width=\"100%\" height=\"428\" src=\"https:\/\/www.stay22.com\/embed\/68616c71ef762c58b328f103\" frameborder=\"0\"><\/iframe>[\/et_pb_code][\/et_pb_column][\/et_pb_row][\/et_pb_section][et_pb_section fb_built=&#8221;1&#8243; _builder_version=&#8221;4.27.4&#8243; _module_preset=&#8221;default&#8221; custom_padding=&#8221;40px||34px|||&#8221; hover_enabled=&#8221;0&#8243; global_colors_info=&#8221;{}&#8221; background_color=&#8221;#003a1e&#8221; sticky_enabled=&#8221;0&#8243;][et_pb_row _builder_version=&#8221;4.27.4&#8243; _module_preset=&#8221;default&#8221; global_colors_info=&#8221;{}&#8221;][et_pb_column type=&#8221;4_4&#8243; _builder_version=&#8221;4.27.4&#8243; _module_preset=&#8221;default&#8221; global_colors_info=&#8221;{}&#8221;][et_pb_heading title=&#8221;Alle Artikel \u00fcber Cali &#8211; Valle del Cauca&#8221; _builder_version=&#8221;4.27.4&#8243; _module_preset=&#8221;default&#8221; hover_enabled=&#8221;0&#8243; global_colors_info=&#8221;{}&#8221; sticky_enabled=&#8221;0&#8243; title_text_color=&#8221;#FFFFFF&#8221;][\/et_pb_heading][\/et_pb_column][\/et_pb_row][\/et_pb_section][et_pb_section fb_built=&#8221;1&#8243; _builder_version=&#8221;4.27.4&#8243; _module_preset=&#8221;default&#8221; locked=&#8221;off&#8221; global_colors_info=&#8221;{}&#8221;][et_pb_row _builder_version=&#8221;4.27.4&#8243; _module_preset=&#8221;default&#8221; global_colors_info=&#8221;{}&#8221;][et_pb_column type=&#8221;4_4&#8243; _builder_version=&#8221;4.27.4&#8243; _module_preset=&#8221;default&#8221; global_colors_info=&#8221;{}&#8221;][et_pb_blog fullwidth=&#8221;off&#8221; posts_number=&#8221;100&#8243; include_categories=&#8221;257&#8243; show_more=&#8221;on&#8221; show_author=&#8221;off&#8221; show_date=&#8221;off&#8221; _builder_version=&#8221;4.27.4&#8243; _module_preset=&#8221;default&#8221; hover_enabled=&#8221;0&#8243; global_colors_info=&#8221;{}&#8221; show_categories=&#8221;off&#8221; sticky_enabled=&#8221;0&#8243;][\/et_pb_blog][\/et_pb_column][\/et_pb_row][\/et_pb_section]<\/p>\n","protected":false},"excerpt":{"rendered":"<p>\u00dcbersichtCali und der S\u00fcdwesten Kolumbiens haben dem Reisenden viel zu bieten. Cali ist auch als die &#8220;Stadt des Salsa&#8221; bekannt. Der S\u00fcdwesten Kolumbiens bietet eine abwechslungsreiche Landschaft, mit kolonialen St\u00e4dten, arch\u00e4ologischen St\u00e4tten, Naturparks und der Tatacoa-W\u00fcste. Auch &#8220;abseits der ausgetretenen Pfade&#8221; gibt es viel zu entdecken, wie zum Beispiel die Gegend von Pasto, nahe der [&hellip;]<\/p>\n","protected":false},"author":1,"featured_media":264068,"parent":0,"menu_order":0,"comment_status":"closed","ping_status":"closed","template":"","meta":{"nf_dc_page":"","_et_pb_use_builder":"on","_et_pb_old_content":"","_et_gb_content_width":"","footnotes":""},"class_list":["post-261161","page","type-page","status-publish","has-post-thumbnail","hentry"],"yoast_head":"<!-- This site is optimized with the Yoast SEO plugin v27.3 - https:\/\/yoast.com\/product\/yoast-seo-wordpress\/ -->\n<title>Cali &amp; S\u00fcdwest Kolumbien - Colombia My Way<\/title>\n<meta name=\"description\" content=\"Entdecken Sie Cali und andere sch\u00f6ne Orte im S\u00fcdwesten Kolumbiens. Planen Sie Ihre Reise und entdecken Sie die besten Dinge, die Sie hier tun k\u00f6nnen.\" \/>\n<meta name=\"robots\" content=\"index, follow, max-snippet:-1, max-image-preview:large, max-video-preview:-1\" \/>\n<link rel=\"canonical\" href=\"https:\/\/colombiamyway.com\/de\/cali-suedwest-kolumbien\/\" \/>\n<meta property=\"og:locale\" content=\"de_DE\" \/>\n<meta property=\"og:type\" content=\"article\" \/>\n<meta property=\"og:title\" content=\"Cali &amp; S\u00fcdwest Kolumbien - Colombia My Way\" \/>\n<meta property=\"og:description\" content=\"Entdecken Sie Cali und andere sch\u00f6ne Orte im S\u00fcdwesten Kolumbiens. Planen Sie Ihre Reise und entdecken Sie die besten Dinge, die Sie hier tun k\u00f6nnen.\" \/>\n<meta property=\"og:url\" content=\"https:\/\/colombiamyway.com\/de\/cali-suedwest-kolumbien\/\" \/>\n<meta property=\"og:site_name\" content=\"Colombia My Way\" \/>\n<meta property=\"article:publisher\" content=\"https:\/\/www.facebook.com\/profile.php?id=61571407164514\" \/>\n<meta property=\"article:modified_time\" content=\"2025-09-14T20:43:46+00:00\" \/>\n<meta property=\"og:image\" content=\"https:\/\/colombiamyway.com\/wp-content\/uploads\/2025\/01\/cali_colombia.jpeg\" \/>\n\t<meta property=\"og:image:width\" content=\"800\" \/>\n\t<meta property=\"og:image:height\" content=\"450\" \/>\n\t<meta property=\"og:image:type\" content=\"image\/jpeg\" \/>\n<meta name=\"twitter:card\" content=\"summary_large_image\" \/>\n<meta name=\"twitter:label1\" content=\"Gesch\u00e4tzte Lesezeit\" \/>\n\t<meta name=\"twitter:data1\" content=\"2\u00a0Minuten\" \/>\n<script type=\"application\/ld+json\" class=\"yoast-schema-graph\">{\"@context\":\"https:\\\/\\\/schema.org\",\"@graph\":[{\"@type\":\"WebPage\",\"@id\":\"https:\\\/\\\/colombiamyway.com\\\/de\\\/cali-suedwest-kolumbien\\\/\",\"url\":\"https:\\\/\\\/colombiamyway.com\\\/de\\\/cali-suedwest-kolumbien\\\/\",\"name\":\"Cali &amp; S\u00fcdwest Kolumbien - Colombia My Way\",\"isPartOf\":{\"@id\":\"https:\\\/\\\/colombiamyway.com\\\/de\\\/#website\"},\"primaryImageOfPage\":{\"@id\":\"https:\\\/\\\/colombiamyway.com\\\/de\\\/cali-suedwest-kolumbien\\\/#primaryimage\"},\"image\":{\"@id\":\"https:\\\/\\\/colombiamyway.com\\\/de\\\/cali-suedwest-kolumbien\\\/#primaryimage\"},\"thumbnailUrl\":\"https:\\\/\\\/colombiamyway.com\\\/wp-content\\\/uploads\\\/2025\\\/01\\\/cali_colombia.jpeg\",\"datePublished\":\"2021-02-02T16:03:50+00:00\",\"dateModified\":\"2025-09-14T20:43:46+00:00\",\"description\":\"Entdecken Sie Cali und andere sch\u00f6ne Orte im S\u00fcdwesten Kolumbiens. Planen Sie Ihre Reise und entdecken Sie die besten Dinge, die Sie hier tun k\u00f6nnen.\",\"breadcrumb\":{\"@id\":\"https:\\\/\\\/colombiamyway.com\\\/de\\\/cali-suedwest-kolumbien\\\/#breadcrumb\"},\"inLanguage\":\"de\",\"potentialAction\":[{\"@type\":\"ReadAction\",\"target\":[\"https:\\\/\\\/colombiamyway.com\\\/de\\\/cali-suedwest-kolumbien\\\/\"]}]},{\"@type\":\"ImageObject\",\"inLanguage\":\"de\",\"@id\":\"https:\\\/\\\/colombiamyway.com\\\/de\\\/cali-suedwest-kolumbien\\\/#primaryimage\",\"url\":\"https:\\\/\\\/colombiamyway.com\\\/wp-content\\\/uploads\\\/2025\\\/01\\\/cali_colombia.jpeg\",\"contentUrl\":\"https:\\\/\\\/colombiamyway.com\\\/wp-content\\\/uploads\\\/2025\\\/01\\\/cali_colombia.jpeg\",\"width\":800,\"height\":450},{\"@type\":\"BreadcrumbList\",\"@id\":\"https:\\\/\\\/colombiamyway.com\\\/de\\\/cali-suedwest-kolumbien\\\/#breadcrumb\",\"itemListElement\":[{\"@type\":\"ListItem\",\"position\":1,\"name\":\"Home\",\"item\":\"https:\\\/\\\/colombiamyway.com\\\/de\\\/startseite\\\/\"},{\"@type\":\"ListItem\",\"position\":2,\"name\":\"Cali &amp; S\u00fcdwest Kolumbien\"}]},{\"@type\":\"WebSite\",\"@id\":\"https:\\\/\\\/colombiamyway.com\\\/de\\\/#website\",\"url\":\"https:\\\/\\\/colombiamyway.com\\\/de\\\/\",\"name\":\"Colombia My Way\",\"description\":\"The Guide for the Independent Traveler\",\"publisher\":{\"@id\":\"https:\\\/\\\/colombiamyway.com\\\/de\\\/#organization\"},\"potentialAction\":[{\"@type\":\"SearchAction\",\"target\":{\"@type\":\"EntryPoint\",\"urlTemplate\":\"https:\\\/\\\/colombiamyway.com\\\/de\\\/?s={search_term_string}\"},\"query-input\":{\"@type\":\"PropertyValueSpecification\",\"valueRequired\":true,\"valueName\":\"search_term_string\"}}],\"inLanguage\":\"de\"},{\"@type\":\"Organization\",\"@id\":\"https:\\\/\\\/colombiamyway.com\\\/de\\\/#organization\",\"name\":\"Colombia My Way\",\"url\":\"https:\\\/\\\/colombiamyway.com\\\/de\\\/\",\"logo\":{\"@type\":\"ImageObject\",\"inLanguage\":\"de\",\"@id\":\"https:\\\/\\\/colombiamyway.com\\\/de\\\/#\\\/schema\\\/logo\\\/image\\\/\",\"url\":\"https:\\\/\\\/i0.wp.com\\\/colombiamyway.com\\\/wp-content\\\/uploads\\\/2024\\\/12\\\/Green-Modern-and-Minimalistic-Travel-Typography-Logo-2.png?fit=500%2C500&ssl=1\",\"contentUrl\":\"https:\\\/\\\/i0.wp.com\\\/colombiamyway.com\\\/wp-content\\\/uploads\\\/2024\\\/12\\\/Green-Modern-and-Minimalistic-Travel-Typography-Logo-2.png?fit=500%2C500&ssl=1\",\"width\":500,\"height\":500,\"caption\":\"Colombia My Way\"},\"image\":{\"@id\":\"https:\\\/\\\/colombiamyway.com\\\/de\\\/#\\\/schema\\\/logo\\\/image\\\/\"},\"sameAs\":[\"https:\\\/\\\/www.facebook.com\\\/profile.php?id=61571407164514\"]}]}<\/script>\n<!-- \/ Yoast SEO plugin. -->","yoast_head_json":{"title":"Cali &amp; S\u00fcdwest Kolumbien - Colombia My Way","description":"Entdecken Sie Cali und andere sch\u00f6ne Orte im S\u00fcdwesten Kolumbiens. Planen Sie Ihre Reise und entdecken Sie die besten Dinge, die Sie hier tun k\u00f6nnen.","robots":{"index":"index","follow":"follow","max-snippet":"max-snippet:-1","max-image-preview":"max-image-preview:large","max-video-preview":"max-video-preview:-1"},"canonical":"https:\/\/colombiamyway.com\/de\/cali-suedwest-kolumbien\/","og_locale":"de_DE","og_type":"article","og_title":"Cali &amp; S\u00fcdwest Kolumbien - Colombia My Way","og_description":"Entdecken Sie Cali und andere sch\u00f6ne Orte im S\u00fcdwesten Kolumbiens. Planen Sie Ihre Reise und entdecken Sie die besten Dinge, die Sie hier tun k\u00f6nnen.","og_url":"https:\/\/colombiamyway.com\/de\/cali-suedwest-kolumbien\/","og_site_name":"Colombia My Way","article_publisher":"https:\/\/www.facebook.com\/profile.php?id=61571407164514","article_modified_time":"2025-09-14T20:43:46+00:00","og_image":[{"width":800,"height":450,"url":"https:\/\/colombiamyway.com\/wp-content\/uploads\/2025\/01\/cali_colombia.jpeg","type":"image\/jpeg"}],"twitter_card":"summary_large_image","twitter_misc":{"Gesch\u00e4tzte Lesezeit":"2\u00a0Minuten"},"schema":{"@context":"https:\/\/schema.org","@graph":[{"@type":"WebPage","@id":"https:\/\/colombiamyway.com\/de\/cali-suedwest-kolumbien\/","url":"https:\/\/colombiamyway.com\/de\/cali-suedwest-kolumbien\/","name":"Cali &amp; S\u00fcdwest Kolumbien - Colombia My Way","isPartOf":{"@id":"https:\/\/colombiamyway.com\/de\/#website"},"primaryImageOfPage":{"@id":"https:\/\/colombiamyway.com\/de\/cali-suedwest-kolumbien\/#primaryimage"},"image":{"@id":"https:\/\/colombiamyway.com\/de\/cali-suedwest-kolumbien\/#primaryimage"},"thumbnailUrl":"https:\/\/colombiamyway.com\/wp-content\/uploads\/2025\/01\/cali_colombia.jpeg","datePublished":"2021-02-02T16:03:50+00:00","dateModified":"2025-09-14T20:43:46+00:00","description":"Entdecken Sie Cali und andere sch\u00f6ne Orte im S\u00fcdwesten Kolumbiens. Planen Sie Ihre Reise und entdecken Sie die besten Dinge, die Sie hier tun k\u00f6nnen.","breadcrumb":{"@id":"https:\/\/colombiamyway.com\/de\/cali-suedwest-kolumbien\/#breadcrumb"},"inLanguage":"de","potentialAction":[{"@type":"ReadAction","target":["https:\/\/colombiamyway.com\/de\/cali-suedwest-kolumbien\/"]}]},{"@type":"ImageObject","inLanguage":"de","@id":"https:\/\/colombiamyway.com\/de\/cali-suedwest-kolumbien\/#primaryimage","url":"https:\/\/colombiamyway.com\/wp-content\/uploads\/2025\/01\/cali_colombia.jpeg","contentUrl":"https:\/\/colombiamyway.com\/wp-content\/uploads\/2025\/01\/cali_colombia.jpeg","width":800,"height":450},{"@type":"BreadcrumbList","@id":"https:\/\/colombiamyway.com\/de\/cali-suedwest-kolumbien\/#breadcrumb","itemListElement":[{"@type":"ListItem","position":1,"name":"Home","item":"https:\/\/colombiamyway.com\/de\/startseite\/"},{"@type":"ListItem","position":2,"name":"Cali &amp; S\u00fcdwest Kolumbien"}]},{"@type":"WebSite","@id":"https:\/\/colombiamyway.com\/de\/#website","url":"https:\/\/colombiamyway.com\/de\/","name":"Colombia My Way","description":"The Guide for the Independent Traveler","publisher":{"@id":"https:\/\/colombiamyway.com\/de\/#organization"},"potentialAction":[{"@type":"SearchAction","target":{"@type":"EntryPoint","urlTemplate":"https:\/\/colombiamyway.com\/de\/?s={search_term_string}"},"query-input":{"@type":"PropertyValueSpecification","valueRequired":true,"valueName":"search_term_string"}}],"inLanguage":"de"},{"@type":"Organization","@id":"https:\/\/colombiamyway.com\/de\/#organization","name":"Colombia My Way","url":"https:\/\/colombiamyway.com\/de\/","logo":{"@type":"ImageObject","inLanguage":"de","@id":"https:\/\/colombiamyway.com\/de\/#\/schema\/logo\/image\/","url":"https:\/\/i0.wp.com\/colombiamyway.com\/wp-content\/uploads\/2024\/12\/Green-Modern-and-Minimalistic-Travel-Typography-Logo-2.png?fit=500%2C500&ssl=1","contentUrl":"https:\/\/i0.wp.com\/colombiamyway.com\/wp-content\/uploads\/2024\/12\/Green-Modern-and-Minimalistic-Travel-Typography-Logo-2.png?fit=500%2C500&ssl=1","width":500,"height":500,"caption":"Colombia My Way"},"image":{"@id":"https:\/\/colombiamyway.com\/de\/#\/schema\/logo\/image\/"},"sameAs":["https:\/\/www.facebook.com\/profile.php?id=61571407164514"]}]}},"_links":{"self":[{"href":"https:\/\/colombiamyway.com\/de\/wp-json\/wp\/v2\/pages\/261161","targetHints":{"allow":["GET"]}}],"collection":[{"href":"https:\/\/colombiamyway.com\/de\/wp-json\/wp\/v2\/pages"}],"about":[{"href":"https:\/\/colombiamyway.com\/de\/wp-json\/wp\/v2\/types\/page"}],"author":[{"embeddable":true,"href":"https:\/\/colombiamyway.com\/de\/wp-json\/wp\/v2\/users\/1"}],"replies":[{"embeddable":true,"href":"https:\/\/colombiamyway.com\/de\/wp-json\/wp\/v2\/comments?post=261161"}],"version-history":[{"count":20,"href":"https:\/\/colombiamyway.com\/de\/wp-json\/wp\/v2\/pages\/261161\/revisions"}],"predecessor-version":[{"id":270151,"href":"https:\/\/colombiamyway.com\/de\/wp-json\/wp\/v2\/pages\/261161\/revisions\/270151"}],"wp:featuredmedia":[{"embeddable":true,"href":"https:\/\/colombiamyway.com\/de\/wp-json\/wp\/v2\/media\/264068"}],"wp:attachment":[{"href":"https:\/\/colombiamyway.com\/de\/wp-json\/wp\/v2\/media?parent=261161"}],"curies":[{"name":"wp","href":"https:\/\/api.w.org\/{rel}","templated":true}]}}