{"id":261639,"date":"2021-03-17T19:48:09","date_gmt":"2021-03-17T23:48:09","guid":{"rendered":"https:\/\/colombiamyway.com\/tasse-kaffee-mit-aussicht-2\/"},"modified":"2025-09-06T14:05:07","modified_gmt":"2025-09-06T18:05:07","slug":"tasse-kaffee-mit-aussicht","status":"publish","type":"page","link":"https:\/\/colombiamyway.com\/de\/tasse-kaffee-mit-aussicht\/","title":{"rendered":"Terrazza San Alberto &#8211; Kaffee mit Aussicht"},"content":{"rendered":"<p>[et_pb_section fb_built=&#8221;1&#8243; custom_padding_last_edited=&#8221;on|tablet&#8221; admin_label=&#8221;Packages&#8221; _builder_version=&#8221;4.16&#8243; background_enable_color=&#8221;off&#8221; background_color_gradient_direction=&#8221;360deg&#8221; background_image=&#8221;https:\/\/naarcolombia.com\/wp-content\/uploads\/2021\/03\/cafe-san-Alberto_Colombia-4-1.jpg&#8221; min_height=&#8221;450px&#8221; custom_margin=&#8221;||1px|||&#8221; custom_padding=&#8221;26px||30px|||&#8221; custom_padding_tablet=&#8221;0px||0px|&#8221; custom_padding_phone=&#8221;&#8221; top_divider_color=&#8221;#e09900&#8243; top_divider_height=&#8221;48px&#8221; bottom_divider_style=&#8221;wave&#8221; bottom_divider_color=&#8221;#EABB3F&#8221; bottom_divider_height=&#8221;20px&#8221; global_colors_info=&#8221;{}&#8221;][\/et_pb_section][et_pb_section fb_built=&#8221;1&#8243; admin_label=&#8221;Gallery&#8221; _builder_version=&#8221;4.16&#8243; background_color=&#8221;#21468B&#8221; custom_padding=&#8221;0px||0px|&#8221; top_divider_height=&#8221;18px&#8221; bottom_divider_color=&#8221;#0c71c3&#8243; bottom_divider_height=&#8221;24px&#8221; locked=&#8221;off&#8221; global_colors_info=&#8221;{}&#8221;][et_pb_row custom_padding_last_edited=&#8221;on|phone&#8221; _builder_version=&#8221;4.16&#8243; custom_padding=&#8221;30px|35px|30px||false|false&#8221; custom_padding_tablet=&#8221;&#8221; custom_padding_phone=&#8221;0px||15px||false|false&#8221; locked=&#8221;off&#8221; global_colors_info=&#8221;{}&#8221;][et_pb_column type=&#8221;4_4&#8243; _builder_version=&#8221;4.16&#8243; custom_padding=&#8221;|||&#8221; global_colors_info=&#8221;{}&#8221; custom_padding__hover=&#8221;|||&#8221;][et_pb_text admin_label=&#8221;Discover Beatuty Title&#8221; _builder_version=&#8221;4.16&#8243; text_font=&#8221;||||&#8221; text_text_color=&#8221;#1a1a1a&#8221; header_font=&#8221;|700|||||||&#8221; header_text_align=&#8221;center&#8221; header_text_color=&#8221;#ffffff&#8221; header_font_size=&#8221;60px&#8221; header_letter_spacing=&#8221;1px&#8221; header_line_height=&#8221;1.2em&#8221; custom_padding=&#8221;10px||||false|false&#8221; custom_padding_tablet=&#8221;30px|||15px|false|false&#8221; custom_padding_phone=&#8221;&#8221; custom_padding_last_edited=&#8221;on|phone&#8221; animation_style=&#8221;slide&#8221; animation_direction=&#8221;%22fade_in%22&#8243; animation_duration=&#8221;500ms&#8221; animation_intensity_slide=&#8221;10%&#8221; header_font_size_tablet=&#8221;45px&#8221; header_font_size_phone=&#8221;24px&#8221; header_font_size_last_edited=&#8221;on|phone&#8221; global_colors_info=&#8221;{}&#8221;]<\/p>\n<h1>Eine Tasse Kaffee &#8220;mit Aussicht&#8221;<\/h1>\n<p>[\/et_pb_text][\/et_pb_column][\/et_pb_row][\/et_pb_section][et_pb_section fb_built=&#8221;1&#8243; _builder_version=&#8221;4.16&#8243; min_height=&#8221;1970px&#8221; custom_margin=&#8221;0px|0px||0px|false|false&#8221; custom_padding=&#8221;35px|0px|35px|0px|false|false&#8221; top_divider_color=&#8221;#e09900&#8243; top_divider_height=&#8221;30px&#8221; bottom_divider_color=&#8221;#21468B&#8221; bottom_divider_height=&#8221;30px&#8221; border_color_right=&#8221;#c90053&#8243; border_width_left=&#8221;20px&#8221; border_color_left=&#8221;#EABB3F&#8221; global_colors_info=&#8221;{}&#8221;][et_pb_row column_structure=&#8221;1_2,1_2&#8243; _builder_version=&#8221;4.16&#8243; width=&#8221;90%&#8221; module_alignment=&#8221;center&#8221; custom_margin=&#8221;|260px||40px||&#8221; custom_padding=&#8221;72px|25px|7px|||&#8221; box_shadow_style=&#8221;preset3&#8243; global_colors_info=&#8221;{}&#8221;][et_pb_column type=&#8221;1_2&#8243; _builder_version=&#8221;4.16&#8243; global_colors_info=&#8221;{}&#8221;][et_pb_text _builder_version=&#8221;4.16&#8243; header_font=&#8221;|600||||on|||&#8221; header_text_color=&#8221;#000000&#8243; min_height=&#8221;34px&#8221; custom_margin=&#8221;-42px||38px|||&#8221; custom_padding=&#8221;21px|||33px||&#8221; border_radii=&#8221;on|2px|2px|2px|2px&#8221; global_colors_info=&#8221;{}&#8221;]<\/p>\n<h1>Terraza San Alberto in Buenavista<\/h1>\n<p>[\/et_pb_text][et_pb_testimonial quote_icon=&#8221;off&#8221; _builder_version=&#8221;4.27.4&#8243; body_font_size=&#8221;25px&#8221; custom_margin=&#8221;|||25px|false|false&#8221; custom_padding=&#8221;15px|35px|35px|35px|false|false&#8221; body_font_size_tablet=&#8221;&#8221; body_font_size_phone=&#8221;&#8221; body_font_size_last_edited=&#8221;on|phone&#8221; global_colors_info=&#8221;{}&#8221;]<\/p>\n<p>Im Kaffeedreieck von Kolumbien gibt es viele gro\u00dfartige Orte, um eine Tasse Kaffee zu trinken. Einer der Orte, der in Bezug auf die Aussicht hervorsticht, ist Terraza San Alberto in dem Dorf <a href=\"https:\/\/colombiamyway.com\/de\/buenavista-quindio-2\/\" target=\"_blank\" rel=\"noopener\"><strong>Buenavista<\/strong><\/a>in der N\u00e4he von <a href=\"https:\/\/colombiamyway.com\/de\/alles-ueber-pijao-was-sie-tun-koennen-und-tipps\/\" target=\"_blank\" rel=\"noopener\"><strong>Pijao<\/strong><\/a>. Dieser Ort ist so sch\u00f6n, dass er einen Abstecher w\u00e4hrend einer Rundfahrt entlang der malerischen Kaffeed\u00f6rfer wert ist.  <\/p>\n<p>[\/et_pb_testimonial][et_pb_text _builder_version=&#8221;4.27.4&#8243; text_font=&#8221;||||||||&#8221; text_text_color=&#8221;#282828&#8243; text_font_size=&#8221;18px&#8221; text_letter_spacing=&#8221;1px&#8221; custom_margin=&#8221;14px||58px|||&#8221; custom_padding=&#8221;|36px||34px||&#8221; global_colors_info=&#8221;{}&#8221;]<\/p>\n<p>Buenavista ist ein &#8220;aufstrebender&#8221; Kaffee-Hotspot in der Region Quind\u00edo. Das Dorf ist noch relativ unbekannt, vor allem im Vergleich zu touristischen D\u00f6rfern wie <a href=\"https:\/\/colombiamyway.com\/de\/alles-ueber-salento-kolumbien-was-sie-unternehmen-koennen-und-tipps\/\" target=\"_blank\" rel=\"noopener\"><strong>Salento<\/strong><\/a> und <a href=\"https:\/\/colombiamyway.com\/de\/reisefuehrer-filandia\/\" target=\"_blank\" rel=\"noopener\"><strong>Filandia<\/strong><\/a>. <\/p>\n<p>Der Kaffee von Hacienda San Alberto hat viele nationale und internationale Auszeichnungen erhalten, darunter den <em>Monde Selection Gold Award<\/em> und den Preis f\u00fcr den exotischsten Kaffee Kolumbiens.<\/p>\n<p>Deshalb machen immer mehr Kaffeeliebhaber gerne einen Abstecher von der ber\u00fchmten touristischen Kaffeeroute, um eine Tasse Kaffee auf der Terrasse der Hacienda San Alberto zu trinken.<\/p>\n<p>[\/et_pb_text][\/et_pb_column][et_pb_column type=&#8221;1_2&#8243; _builder_version=&#8221;4.16&#8243; global_colors_info=&#8221;{}&#8221;][et_pb_text _builder_version=&#8221;4.27.4&#8243; text_font=&#8221;||||||||&#8221; text_text_color=&#8221;#282828&#8243; text_font_size=&#8221;18px&#8221; text_letter_spacing=&#8221;1px&#8221; custom_margin=&#8221;-26px||58px|||&#8221; custom_padding=&#8221;|36px||34px||&#8221; global_colors_info=&#8221;{}&#8221;]<\/p>\n<p><strong>Terrasse &#8220;mit Aussicht<\/strong>&#8221;  <strong><br \/><\/strong>Die Terrasse befindet sich auf einem H\u00fcgel, 200 Meter vom Dorfplatz entfernt. Von der Terrasse aus blicken Sie auf die Kaffeeplantagen in den H\u00fcgeln. <\/p>\n<p><strong>Gef\u00fchrte Besichtigung der Plantage<br \/><\/strong>Es werden auch gef\u00fchrte Besichtigungen der Kaffeeplantage angeboten. Hier erhalten Sie einen Einblick in den Produktionsprozess und sehen (und schmecken) die verschiedenen Techniken der Kaffeezubereitung. Kennern zufolge zeichnet sich der San Alberto Kaffee durch ein Aroma von Karamell und dunkler Schokolade aus.    <strong><\/strong><\/p>\n<p><strong>Caf\u00e9s in Bogot\u00e1 und Cartagena<br \/><\/strong>Passt ein Besuch im Caf\u00e9 San Alberto in Buenavista nicht in Ihren Zeitplan, aber Sie m\u00f6chten den &#8220;preisgekr\u00f6nten&#8221; Kaffee probieren? Es gibt Caf\u00e9s im <a href=\"https:\/\/colombiamyway.com\/de\/goldmuseum-bogota\/\" target=\"_blank\" rel=\"noopener\"><strong>Goldmuseum<\/strong><\/a> und Usaqu\u00e9n in <a href=\"https:\/\/colombiamyway.com\/de\/bogota-und-nord-bogota\/\" target=\"_blank\" rel=\"noopener\"><strong>Bogot\u00e1<\/strong><\/a> und es gibt ein San Alberto Caf\u00e9 in <a href=\"https:\/\/colombiamyway.com\/de\/alles-ueber-cartagena-kolumbien\/\" target=\"_blank\" rel=\"noopener\"><strong>Cartagena<\/strong><\/a>.   <a href=\"https:\/\/www.cafesanalberto.com\/en\/san-alberto-experiences\/\"><\/a><\/p>\n<p>[\/et_pb_text][et_pb_testimonial portrait_url=&#8221;https:\/\/colombiamyway.com\/wp-content\/uploads\/2024\/12\/Green-Modern-and-Minimalistic-Travel-Typography-Logo-2.png&#8221; quote_icon=&#8221;off&#8221; _builder_version=&#8221;4.27.4&#8243; _module_preset=&#8221;default&#8221; module_alignment=&#8221;center&#8221; custom_margin=&#8221;|30px|35px|30px|false|false&#8221; custom_padding=&#8221;||||false|false&#8221; global_colors_info=&#8221;{}&#8221;]<\/p>\n<p><strong>#KolumbienMeine Weg-Tipps:<\/strong><strong><\/strong><\/p>\n<p><strong>Tipp #1<br \/><\/strong>In unserem Reisef\u00fchrer Buenavista finden Sie mehr Informationen \u00fcber <a href=\"https:\/\/colombiamyway.com\/de\/buenavista-quindio-2\/\" target=\"_blank\" rel=\"noopener\"><strong>Caf\u00e9 San Alberto<\/strong><\/a>.<\/p>\n<p><strong>Tipp #2<\/strong><br \/>Wenn Sie an einer Kaffeetour teilnehmen m\u00f6chten, sollten Sie sich im Voraus mit der Hacienda Alberto in Verbindung setzen, da die Touren auf Anfrage und f\u00fcr mindestens 2 Personen stattfinden. Weitere Informationen finden Sie auf der <a href=\"https:\/\/cafesanalbertoint.com\/coffe-temple\/?v=0707ba092e91\" target=\"_blank\" rel=\"noopener\">Website<\/a> des Caf\u00e9 San Alberto <\/p>\n<p><strong>Tipp #3<br \/><\/strong>Schauen Sie sich unseren <a href=\"https:\/\/colombiamyway.com\/de\/ein-fuehrer-durch-das-kolumbianische-kaffeedreieck\/\" target=\"_blank\" rel=\"noopener\"><strong>vollst\u00e4ndigen Reisef\u00fchrer zum Kaffeedreieck<\/strong><\/a> f\u00fcr weitere Inspirationen, was man in der ber\u00fchmten kolumbianischen Kaffeeregion unternehmen kann.<strong><\/strong><\/p>\n<p>[\/et_pb_testimonial][\/et_pb_column][\/et_pb_row][et_pb_row _builder_version=&#8221;4.16&#8243; width_tablet=&#8221;&#8221; width_phone=&#8221;&#8221; width_last_edited=&#8221;on|phone&#8221; module_alignment=&#8221;center&#8221; custom_margin=&#8221;21px|auto||auto||&#8221; global_colors_info=&#8221;{}&#8221;][et_pb_column type=&#8221;4_4&#8243; _builder_version=&#8221;4.16&#8243; global_colors_info=&#8221;{}&#8221;][et_pb_gallery gallery_ids=&#8221;235300,235299,235302,235301,235211,235214,235215&#8243; fullwidth=&#8221;on&#8221; _builder_version=&#8221;4.16&#8243; border_radii=&#8221;on|10px|10px|10px|10px&#8221; global_colors_info=&#8221;{}&#8221;][\/et_pb_gallery][\/et_pb_column][\/et_pb_row][\/et_pb_section]<\/p>\n","protected":false},"excerpt":{"rendered":"<p>Eine Tasse Kaffee &#8220;mit Aussicht&#8221;Terraza San Alberto in BuenavistaIm Kaffeedreieck von Kolumbien gibt es viele gro\u00dfartige Orte, um eine Tasse Kaffee zu trinken. Einer der Orte, der in Bezug auf die Aussicht hervorsticht, ist Terraza San Alberto in dem Dorf Buenavistain der N\u00e4he von Pijao. Dieser Ort ist so sch\u00f6n, dass er einen Abstecher w\u00e4hrend [&hellip;]<\/p>\n","protected":false},"author":1,"featured_media":257263,"parent":0,"menu_order":0,"comment_status":"closed","ping_status":"closed","template":"","meta":{"nf_dc_page":"","_et_pb_use_builder":"on","_et_pb_old_content":"","_et_gb_content_width":"","footnotes":""},"class_list":["post-261639","page","type-page","status-publish","has-post-thumbnail","hentry"],"yoast_head":"<!-- This site is optimized with the Yoast SEO plugin v27.3 - https:\/\/yoast.com\/product\/yoast-seo-wordpress\/ -->\n<title>Terrazza San Alberto - Kaffee mit Aussicht - Colombia My Way<\/title>\n<meta name=\"description\" content=\"Terraza San Alberto ist der beste Ort in der Kaffeeregion, um eine Tasse Kaffee mit Blick auf die Kaffeeplantagen in den H\u00fcgeln zu trinken.\" \/>\n<meta name=\"robots\" content=\"index, follow, max-snippet:-1, max-image-preview:large, max-video-preview:-1\" \/>\n<link rel=\"canonical\" href=\"https:\/\/colombiamyway.com\/de\/tasse-kaffee-mit-aussicht\/\" \/>\n<meta property=\"og:locale\" content=\"de_DE\" \/>\n<meta property=\"og:type\" content=\"article\" \/>\n<meta property=\"og:title\" content=\"Terrazza San Alberto - Kaffee mit Aussicht - Colombia My Way\" \/>\n<meta property=\"og:description\" content=\"Terraza San Alberto ist der beste Ort in der Kaffeeregion, um eine Tasse Kaffee mit Blick auf die Kaffeeplantagen in den H\u00fcgeln zu trinken.\" \/>\n<meta property=\"og:url\" content=\"https:\/\/colombiamyway.com\/de\/tasse-kaffee-mit-aussicht\/\" \/>\n<meta property=\"og:site_name\" content=\"Colombia My Way\" \/>\n<meta property=\"article:publisher\" content=\"https:\/\/www.facebook.com\/profile.php?id=61571407164514\" \/>\n<meta property=\"article:modified_time\" content=\"2025-09-06T18:05:07+00:00\" \/>\n<meta property=\"og:image\" content=\"https:\/\/colombiamyway.com\/wp-content\/uploads\/2024\/11\/terrazza-San-Alberto_buenavista_koffie_colombia.jpg\" \/>\n\t<meta property=\"og:image:width\" content=\"1024\" \/>\n\t<meta property=\"og:image:height\" content=\"768\" \/>\n\t<meta property=\"og:image:type\" content=\"image\/jpeg\" \/>\n<meta name=\"twitter:card\" content=\"summary_large_image\" \/>\n<meta name=\"twitter:label1\" content=\"Gesch\u00e4tzte Lesezeit\" \/>\n\t<meta name=\"twitter:data1\" content=\"5\u00a0Minuten\" \/>\n<script type=\"application\/ld+json\" class=\"yoast-schema-graph\">{\"@context\":\"https:\\\/\\\/schema.org\",\"@graph\":[{\"@type\":\"WebPage\",\"@id\":\"https:\\\/\\\/colombiamyway.com\\\/de\\\/tasse-kaffee-mit-aussicht\\\/\",\"url\":\"https:\\\/\\\/colombiamyway.com\\\/de\\\/tasse-kaffee-mit-aussicht\\\/\",\"name\":\"Terrazza San Alberto - Kaffee mit Aussicht - Colombia My Way\",\"isPartOf\":{\"@id\":\"https:\\\/\\\/colombiamyway.com\\\/de\\\/#website\"},\"primaryImageOfPage\":{\"@id\":\"https:\\\/\\\/colombiamyway.com\\\/de\\\/tasse-kaffee-mit-aussicht\\\/#primaryimage\"},\"image\":{\"@id\":\"https:\\\/\\\/colombiamyway.com\\\/de\\\/tasse-kaffee-mit-aussicht\\\/#primaryimage\"},\"thumbnailUrl\":\"https:\\\/\\\/colombiamyway.com\\\/wp-content\\\/uploads\\\/2024\\\/11\\\/terrazza-San-Alberto_buenavista_koffie_colombia.jpg\",\"datePublished\":\"2021-03-17T23:48:09+00:00\",\"dateModified\":\"2025-09-06T18:05:07+00:00\",\"description\":\"Terraza San Alberto ist der beste Ort in der Kaffeeregion, um eine Tasse Kaffee mit Blick auf die Kaffeeplantagen in den H\u00fcgeln zu trinken.\",\"breadcrumb\":{\"@id\":\"https:\\\/\\\/colombiamyway.com\\\/de\\\/tasse-kaffee-mit-aussicht\\\/#breadcrumb\"},\"inLanguage\":\"de\",\"potentialAction\":[{\"@type\":\"ReadAction\",\"target\":[\"https:\\\/\\\/colombiamyway.com\\\/de\\\/tasse-kaffee-mit-aussicht\\\/\"]}]},{\"@type\":\"ImageObject\",\"inLanguage\":\"de\",\"@id\":\"https:\\\/\\\/colombiamyway.com\\\/de\\\/tasse-kaffee-mit-aussicht\\\/#primaryimage\",\"url\":\"https:\\\/\\\/colombiamyway.com\\\/wp-content\\\/uploads\\\/2024\\\/11\\\/terrazza-San-Alberto_buenavista_koffie_colombia.jpg\",\"contentUrl\":\"https:\\\/\\\/colombiamyway.com\\\/wp-content\\\/uploads\\\/2024\\\/11\\\/terrazza-San-Alberto_buenavista_koffie_colombia.jpg\",\"width\":1024,\"height\":768},{\"@type\":\"BreadcrumbList\",\"@id\":\"https:\\\/\\\/colombiamyway.com\\\/de\\\/tasse-kaffee-mit-aussicht\\\/#breadcrumb\",\"itemListElement\":[{\"@type\":\"ListItem\",\"position\":1,\"name\":\"Home\",\"item\":\"https:\\\/\\\/colombiamyway.com\\\/de\\\/startseite\\\/\"},{\"@type\":\"ListItem\",\"position\":2,\"name\":\"Terrazza San Alberto &#8211; Kaffee mit Aussicht\"}]},{\"@type\":\"WebSite\",\"@id\":\"https:\\\/\\\/colombiamyway.com\\\/de\\\/#website\",\"url\":\"https:\\\/\\\/colombiamyway.com\\\/de\\\/\",\"name\":\"Colombia My Way\",\"description\":\"The Guide for the Independent Traveler\",\"publisher\":{\"@id\":\"https:\\\/\\\/colombiamyway.com\\\/de\\\/#organization\"},\"potentialAction\":[{\"@type\":\"SearchAction\",\"target\":{\"@type\":\"EntryPoint\",\"urlTemplate\":\"https:\\\/\\\/colombiamyway.com\\\/de\\\/?s={search_term_string}\"},\"query-input\":{\"@type\":\"PropertyValueSpecification\",\"valueRequired\":true,\"valueName\":\"search_term_string\"}}],\"inLanguage\":\"de\"},{\"@type\":\"Organization\",\"@id\":\"https:\\\/\\\/colombiamyway.com\\\/de\\\/#organization\",\"name\":\"Colombia My Way\",\"url\":\"https:\\\/\\\/colombiamyway.com\\\/de\\\/\",\"logo\":{\"@type\":\"ImageObject\",\"inLanguage\":\"de\",\"@id\":\"https:\\\/\\\/colombiamyway.com\\\/de\\\/#\\\/schema\\\/logo\\\/image\\\/\",\"url\":\"https:\\\/\\\/i0.wp.com\\\/colombiamyway.com\\\/wp-content\\\/uploads\\\/2024\\\/12\\\/Green-Modern-and-Minimalistic-Travel-Typography-Logo-2.png?fit=500%2C500&ssl=1\",\"contentUrl\":\"https:\\\/\\\/i0.wp.com\\\/colombiamyway.com\\\/wp-content\\\/uploads\\\/2024\\\/12\\\/Green-Modern-and-Minimalistic-Travel-Typography-Logo-2.png?fit=500%2C500&ssl=1\",\"width\":500,\"height\":500,\"caption\":\"Colombia My Way\"},\"image\":{\"@id\":\"https:\\\/\\\/colombiamyway.com\\\/de\\\/#\\\/schema\\\/logo\\\/image\\\/\"},\"sameAs\":[\"https:\\\/\\\/www.facebook.com\\\/profile.php?id=61571407164514\"]}]}<\/script>\n<!-- \/ Yoast SEO plugin. -->","yoast_head_json":{"title":"Terrazza San Alberto - Kaffee mit Aussicht - Colombia My Way","description":"Terraza San Alberto ist der beste Ort in der Kaffeeregion, um eine Tasse Kaffee mit Blick auf die Kaffeeplantagen in den H\u00fcgeln zu trinken.","robots":{"index":"index","follow":"follow","max-snippet":"max-snippet:-1","max-image-preview":"max-image-preview:large","max-video-preview":"max-video-preview:-1"},"canonical":"https:\/\/colombiamyway.com\/de\/tasse-kaffee-mit-aussicht\/","og_locale":"de_DE","og_type":"article","og_title":"Terrazza San Alberto - Kaffee mit Aussicht - Colombia My Way","og_description":"Terraza San Alberto ist der beste Ort in der Kaffeeregion, um eine Tasse Kaffee mit Blick auf die Kaffeeplantagen in den H\u00fcgeln zu trinken.","og_url":"https:\/\/colombiamyway.com\/de\/tasse-kaffee-mit-aussicht\/","og_site_name":"Colombia My Way","article_publisher":"https:\/\/www.facebook.com\/profile.php?id=61571407164514","article_modified_time":"2025-09-06T18:05:07+00:00","og_image":[{"width":1024,"height":768,"url":"https:\/\/colombiamyway.com\/wp-content\/uploads\/2024\/11\/terrazza-San-Alberto_buenavista_koffie_colombia.jpg","type":"image\/jpeg"}],"twitter_card":"summary_large_image","twitter_misc":{"Gesch\u00e4tzte Lesezeit":"5\u00a0Minuten"},"schema":{"@context":"https:\/\/schema.org","@graph":[{"@type":"WebPage","@id":"https:\/\/colombiamyway.com\/de\/tasse-kaffee-mit-aussicht\/","url":"https:\/\/colombiamyway.com\/de\/tasse-kaffee-mit-aussicht\/","name":"Terrazza San Alberto - Kaffee mit Aussicht - Colombia My Way","isPartOf":{"@id":"https:\/\/colombiamyway.com\/de\/#website"},"primaryImageOfPage":{"@id":"https:\/\/colombiamyway.com\/de\/tasse-kaffee-mit-aussicht\/#primaryimage"},"image":{"@id":"https:\/\/colombiamyway.com\/de\/tasse-kaffee-mit-aussicht\/#primaryimage"},"thumbnailUrl":"https:\/\/colombiamyway.com\/wp-content\/uploads\/2024\/11\/terrazza-San-Alberto_buenavista_koffie_colombia.jpg","datePublished":"2021-03-17T23:48:09+00:00","dateModified":"2025-09-06T18:05:07+00:00","description":"Terraza San Alberto ist der beste Ort in der Kaffeeregion, um eine Tasse Kaffee mit Blick auf die Kaffeeplantagen in den H\u00fcgeln zu trinken.","breadcrumb":{"@id":"https:\/\/colombiamyway.com\/de\/tasse-kaffee-mit-aussicht\/#breadcrumb"},"inLanguage":"de","potentialAction":[{"@type":"ReadAction","target":["https:\/\/colombiamyway.com\/de\/tasse-kaffee-mit-aussicht\/"]}]},{"@type":"ImageObject","inLanguage":"de","@id":"https:\/\/colombiamyway.com\/de\/tasse-kaffee-mit-aussicht\/#primaryimage","url":"https:\/\/colombiamyway.com\/wp-content\/uploads\/2024\/11\/terrazza-San-Alberto_buenavista_koffie_colombia.jpg","contentUrl":"https:\/\/colombiamyway.com\/wp-content\/uploads\/2024\/11\/terrazza-San-Alberto_buenavista_koffie_colombia.jpg","width":1024,"height":768},{"@type":"BreadcrumbList","@id":"https:\/\/colombiamyway.com\/de\/tasse-kaffee-mit-aussicht\/#breadcrumb","itemListElement":[{"@type":"ListItem","position":1,"name":"Home","item":"https:\/\/colombiamyway.com\/de\/startseite\/"},{"@type":"ListItem","position":2,"name":"Terrazza San Alberto &#8211; Kaffee mit Aussicht"}]},{"@type":"WebSite","@id":"https:\/\/colombiamyway.com\/de\/#website","url":"https:\/\/colombiamyway.com\/de\/","name":"Colombia My Way","description":"The Guide for the Independent Traveler","publisher":{"@id":"https:\/\/colombiamyway.com\/de\/#organization"},"potentialAction":[{"@type":"SearchAction","target":{"@type":"EntryPoint","urlTemplate":"https:\/\/colombiamyway.com\/de\/?s={search_term_string}"},"query-input":{"@type":"PropertyValueSpecification","valueRequired":true,"valueName":"search_term_string"}}],"inLanguage":"de"},{"@type":"Organization","@id":"https:\/\/colombiamyway.com\/de\/#organization","name":"Colombia My Way","url":"https:\/\/colombiamyway.com\/de\/","logo":{"@type":"ImageObject","inLanguage":"de","@id":"https:\/\/colombiamyway.com\/de\/#\/schema\/logo\/image\/","url":"https:\/\/i0.wp.com\/colombiamyway.com\/wp-content\/uploads\/2024\/12\/Green-Modern-and-Minimalistic-Travel-Typography-Logo-2.png?fit=500%2C500&ssl=1","contentUrl":"https:\/\/i0.wp.com\/colombiamyway.com\/wp-content\/uploads\/2024\/12\/Green-Modern-and-Minimalistic-Travel-Typography-Logo-2.png?fit=500%2C500&ssl=1","width":500,"height":500,"caption":"Colombia My Way"},"image":{"@id":"https:\/\/colombiamyway.com\/de\/#\/schema\/logo\/image\/"},"sameAs":["https:\/\/www.facebook.com\/profile.php?id=61571407164514"]}]}},"_links":{"self":[{"href":"https:\/\/colombiamyway.com\/de\/wp-json\/wp\/v2\/pages\/261639","targetHints":{"allow":["GET"]}}],"collection":[{"href":"https:\/\/colombiamyway.com\/de\/wp-json\/wp\/v2\/pages"}],"about":[{"href":"https:\/\/colombiamyway.com\/de\/wp-json\/wp\/v2\/types\/page"}],"author":[{"embeddable":true,"href":"https:\/\/colombiamyway.com\/de\/wp-json\/wp\/v2\/users\/1"}],"replies":[{"embeddable":true,"href":"https:\/\/colombiamyway.com\/de\/wp-json\/wp\/v2\/comments?post=261639"}],"version-history":[{"count":4,"href":"https:\/\/colombiamyway.com\/de\/wp-json\/wp\/v2\/pages\/261639\/revisions"}],"predecessor-version":[{"id":268907,"href":"https:\/\/colombiamyway.com\/de\/wp-json\/wp\/v2\/pages\/261639\/revisions\/268907"}],"wp:featuredmedia":[{"embeddable":true,"href":"https:\/\/colombiamyway.com\/de\/wp-json\/wp\/v2\/media\/257263"}],"wp:attachment":[{"href":"https:\/\/colombiamyway.com\/de\/wp-json\/wp\/v2\/media?parent=261639"}],"curies":[{"name":"wp","href":"https:\/\/api.w.org\/{rel}","templated":true}]}}