{"id":261654,"date":"2022-03-13T20:10:06","date_gmt":"2022-03-14T00:10:06","guid":{"rendered":"https:\/\/colombiamyway.com\/nuetzliche-apps-2\/"},"modified":"2025-08-14T13:14:18","modified_gmt":"2025-08-14T17:14:18","slug":"nuetzliche-apps-2","status":"publish","type":"page","link":"https:\/\/colombiamyway.com\/de\/nuetzliche-apps-2\/","title":{"rendered":"N\u00fctzliche Apps"},"content":{"rendered":"<p>[et_pb_section fb_built=&#8221;1&#8243; admin_label=&#8221;Maintenance&#8221; _builder_version=&#8221;4.16&#8243; custom_margin=&#8221;|0px||0px|false|true&#8221; custom_margin_tablet=&#8221;|0%|0%|0%||true&#8221; custom_margin_phone=&#8221;&#8221; custom_margin_last_edited=&#8221;on|desktop&#8221; custom_padding=&#8221;33px||25px|||&#8221; border_color_all=&#8221;#ffd07e&#8221; border_width_right=&#8221;0vw&#8221; border_color_right=&#8221;#21468B&#8221; border_width_left=&#8221;20px&#8221; border_color_left=&#8221;#EABB3F&#8221; locked=&#8221;off&#8221; global_colors_info=&#8221;{}&#8221;][et_pb_row _builder_version=&#8221;4.16&#8243; min_height=&#8221;129px&#8221; custom_padding=&#8221;||0px|||&#8221; global_colors_info=&#8221;{}&#8221;][et_pb_column type=&#8221;4_4&#8243; _builder_version=&#8221;4.16&#8243; custom_padding=&#8221;|||&#8221; global_colors_info=&#8221;{}&#8221; custom_padding__hover=&#8221;|||&#8221;][et_pb_text module_id=&#8221;praktische-info-cartagena&#8221; _builder_version=&#8221;4.27.4&#8243; text_font=&#8221;||||||||&#8221; header_font=&#8221;||||||||&#8221; header_2_font=&#8221;Noto Sans|700|||||||&#8221; header_2_text_align=&#8221;left&#8221; header_2_text_color=&#8221;#ffffff&#8221; header_2_font_size=&#8221;48px&#8221; header_2_line_height=&#8221;1.2em&#8221; background_color=&#8221;#21468B&#8221; text_orientation=&#8221;center&#8221; custom_margin=&#8221;||35px||false|false&#8221; custom_padding=&#8221;10px||10px||false|false&#8221; hover_enabled=&#8221;0&#8243; header_2_font_size_tablet=&#8221;&#8221; header_2_font_size_phone=&#8221;28px&#8221; header_2_font_size_last_edited=&#8221;on|desktop&#8221; header_2_text_shadow_style=&#8221;preset1&#8243; border_radii=&#8221;on|10px|10px|10px|10px&#8221; box_shadow_style=&#8221;preset1&#8243; global_colors_info=&#8221;{}&#8221; sticky_enabled=&#8221;0&#8243;]<\/p>\n<h2 style=\"text-align: center;\">N\u00fctzliche Apps und Websites f\u00fcr<br \/>Ihre Reise in Kolumbien<\/h2>\n<p>[\/et_pb_text][\/et_pb_column][\/et_pb_row][et_pb_row _builder_version=&#8221;4.16&#8243; _module_preset=&#8221;default&#8221; background_color=&#8221;#f5f5f5&#8243; locked=&#8221;off&#8221; global_colors_info=&#8221;{}&#8221;][et_pb_column type=&#8221;4_4&#8243; _builder_version=&#8221;4.16&#8243; _module_preset=&#8221;default&#8221; global_colors_info=&#8221;{}&#8221;][et_pb_testimonial author=&#8221;ColombiaMyWay&#8221; portrait_url=&#8221;https:\/\/colombiamyway.com\/wp-content\/uploads\/2024\/12\/Green-Modern-and-Minimalistic-Travel-Typography-Logo-2.png&#8221; quote_icon=&#8221;off&#8221; _builder_version=&#8221;4.27.4&#8243; _module_preset=&#8221;default&#8221; global_colors_info=&#8221;{}&#8221;]<\/p>\n<p>Hier sind einige Apps, die Ihnen w\u00e4hrend Ihrer Reise durch Kolumbien n\u00fctzlich sein k\u00f6nnen. Mit diesen Apps k\u00f6nnen Sie Taxis und Busse buchen, in letzter Minute ein Hotel oder eine Herberge reservieren, Karten herunterladen, W\u00e4hrungen umrechnen, Spanisch \u00fcbersetzen, Touren und Aktivit\u00e4ten buchen, Essen liefern lassen, medizinische Versorgung organisieren und sich \u00fcber aktuelle Reisetipps f\u00fcr Kolumbien auf dem Laufenden halten. <\/p>\n<p>[\/et_pb_testimonial][\/et_pb_column][\/et_pb_row][et_pb_row column_structure=&#8221;3_5,2_5&#8243; _builder_version=&#8221;4.16&#8243; custom_margin=&#8221;|auto|26px|auto||&#8221; custom_padding=&#8221;||0px|||&#8221; global_colors_info=&#8221;{}&#8221;][et_pb_column type=&#8221;3_5&#8243; _builder_version=&#8221;4.16&#8243; custom_padding=&#8221;|||&#8221; global_colors_info=&#8221;{}&#8221; custom_padding__hover=&#8221;|||&#8221;][et_pb_accordion open_toggle_text_color=&#8221;#000000&#8243; open_toggle_background_color=&#8221;#fcbf49&#8243; closed_toggle_text_color=&#8221;#ffffff&#8221; closed_toggle_background_color=&#8221;#f77f00&#8243; icon_color=&#8221;#ffffff&#8221; use_icon_font_size=&#8221;on&#8221; _builder_version=&#8221;4.27.4&#8243; toggle_line_height=&#8221;2em&#8221; closed_toggle_font=&#8221;|600|||||||&#8221; body_text_color=&#8221;#000000&#8243; custom_margin=&#8221;26px|||2px||&#8221; hover_enabled=&#8221;0&#8243; border_radii=&#8221;on|10px|10px|10px|10px&#8221; border_width_all=&#8221;3px&#8221; global_colors_info=&#8221;{}&#8221; sticky_enabled=&#8221;0&#8243;][et_pb_accordion_item title=&#8221;Buchen.com&#8221; open_toggle_background_color=&#8221;#f5f5f5&#8243; closed_toggle_background_color=&#8221;#21468B&#8221; _builder_version=&#8221;4.27.4&#8243; global_colors_info=&#8221;{}&#8221; toggle_font=&#8221;|600|||||||&#8221; open=&#8221;on&#8221;]<\/p>\n<p><strong><a href=\"https:\/\/www.booking.com\/searchresults.nl.html?aid=7906433&amp;lang=nl&amp;sid=f4cc8dbc3dff024c5d03b921cf4965ad&amp;sb=1&amp;src=hotel&amp;src_elem=sb&amp;error_url=https%3A%2F%2Fwww.booking.com%2Fhotel%2Fco%2Fazalea.nl.html%3Faid%3D7906433%3Bsid%3Df4cc8dbc3dff024c5d03b921cf4965ad%3Bdist%3D0%3Bgroup_adults%3D2%3Bno_rooms%3D1%3Broom1%3DA%252CA%3Bsb_price_type%3Dtotal%3Btype%3Dtotal%26%3B&amp;highlighted_hotels=7199287&amp;hp_sbox=1&amp;ss=Colombia&amp;is_ski_area=&amp;ssne=Zipaquir%C3%A1&amp;ssne_untouched=Zipaquir%C3%A1&amp;city=-601831&amp;checkin_year=&amp;checkin_month=&amp;checkout_year=&amp;checkout_month=&amp;group_adults=2&amp;group_children=0&amp;no_rooms=1&amp;from_sf=1&amp;ss_raw=colombia&amp;ac_position=0&amp;ac_langcode=nl&amp;ac_click_type=b&amp;dest_id=47&amp;dest_type=country&amp;place_id_lat=3.88373&amp;place_id_lon=-73.1938&amp;search_pageview_id=f2f44f22f332001e&amp;search_selected=true&amp;search_pageview_id=f2f44f22f332001e&amp;ac_suggestion_list_length=5&amp;ac_suggestion_theme_list_length=0\" target=\"_blank\" rel=\"noopener\">Buchen.com  <\/a><\/strong><\/p>\n<p>F\u00fcr den Fall, dass Sie w\u00e4hrend Ihrer Reise spontan ein Hotel oder eine Herberge buchen oder wechseln m\u00f6chten.<\/p>\n<p>[\/et_pb_accordion_item][et_pb_accordion_item title=&#8221;Busfahrkarten und Taxis&#8221; open_toggle_background_color=&#8221;#f5f5f5&#8243; closed_toggle_background_color=&#8221;#21468B&#8221; _builder_version=&#8221;4.27.4&#8243; global_colors_info=&#8221;{}&#8221; toggle_font=&#8221;|600|||||||&#8221; open=&#8221;off&#8221;]<\/p>\n<p><strong>Bustickets buchen<br \/><\/strong><a href=\"https:\/\/play.google.com\/store\/apps\/details?id=com.busbud.android&amp;hl=en\" target=\"_blank\" rel=\"noopener\"><strong>BusBud Android<\/strong><\/a><br \/><strong><a href=\"\/\/apps.apple.com\/en\/app\/busbud\/id569615989\" target=\"_blank\" rel=\"noopener\">BusBud Apple<\/a><\/strong><\/p>\n<p><strong>Taxu Buchung<\/strong><br \/>Die Apps funktionieren wie Uber, wo Sie den Fahrer verfolgen k\u00f6nnen.<\/p>\n<p>Wir selbst haben gute Erfahrungen mit<span> <\/span><strong><a href=\"https:\/\/indriver.com\/en\/city\" target=\"_blank\" rel=\"noopener\">InDriver<\/a><\/strong> gemacht<strong>.<\/strong><span> <\/span>Die App ist einfach zu bedienen und sowohl tags\u00fcber als auch nachts mussten wir nie l\u00e4nger als etwa 5 Minuten auf ein Taxi warten.<\/p>\n<p><strong>Wie funktioniert InDriver?<\/strong><br \/>Anders als bei den anderen Apps bieten Sie als Kunde einen Preis f\u00fcr die Fahrt an. Die Fahrer k\u00f6nnen Ihren Preis akzeptieren oder ein Gegenangebot machen. Oft gibt es mehr als einen Fahrer, der bereit ist, eine Fahrt zu \u00fcbernehmen, so dass Sie Ihre Wahl treffen und sogar Bewertungen \u00fcber den Fahrer einsehen k\u00f6nnen, wenn Sie m\u00f6chten.  <\/p>\n<p><strong>Einfaches Tappsi\/Cabify<\/strong><br \/><a href=\"https:\/\/play.google.com\/store\/apps\/details?id=com.tappsi.passenger.android&amp;hl=en&amp;gl=US\" target=\"_blank\" rel=\"noopener\"><strong>Android<\/strong><\/a><br \/><a href=\"https:\/\/apps.apple.com\/co\/app\/easy-tappsi-a-cabify-app\/id562064313?l=en\" target=\"_blank\" rel=\"noopener\"><strong>Apple<\/strong><\/a><\/p>\n<p>[\/et_pb_accordion_item][et_pb_accordion_item title=&#8221;Lieferservice&#8221; open_toggle_background_color=&#8221;#f5f5f5&#8243; closed_toggle_background_color=&#8221;#21468B&#8221; _builder_version=&#8221;4.27.4&#8243; global_colors_info=&#8221;{}&#8221; toggle_font=&#8221;|600|||||||&#8221; open=&#8221;off&#8221;]<\/p>\n<p><strong><a href=\"https:\/\/www.rappi.com.co\/\" target=\"_blank\" rel=\"noopener\">Rappi<\/a><br \/><\/strong>Lieferservice f\u00fcr Lebensmittel, Medikamente und vieles mehr<\/p>\n<p>[\/et_pb_accordion_item][et_pb_accordion_item title=&#8221;Kurswandler austauschen&#8221; open=&#8221;off&#8221; open_toggle_background_color=&#8221;#f5f5f5&#8243; closed_toggle_background_color=&#8221;#21468B&#8221; _builder_version=&#8221;4.27.4&#8243; global_colors_info=&#8221;{}&#8221; toggle_font=&#8221;|600|||||||&#8221;]<\/p>\n<p>Mit 1 Klick k\u00f6nnen Sie sehen, was Ihr Dollar oder Euro wert ist.<\/p>\n<p><strong><a href=\"https:\/\/play.google.com\/store\/apps\/details?id=com.easy.currency.pro&amp;hl=nl&amp;gl=US\" target=\"_blank\" rel=\"noopener\">W\u00e4hrungsumrechner Android<\/a><\/strong><br \/><strong><a href=\"https:\/\/apps.apple.com\/nl\/app\/currency\/id284220417\" target=\"_blank\" rel=\"noopener\">W\u00e4hrung umrechnen Apple<\/a><\/strong><\/p>\n<p>&nbsp;<\/p>\n<p>[\/et_pb_accordion_item][et_pb_accordion_item title=&#8221;Medizinische Hilfe&#8221; open_toggle_background_color=&#8221;#f5f5f5&#8243; closed_toggle_background_color=&#8221;#21468B&#8221; _builder_version=&#8221;4.27.4&#8243; global_colors_info=&#8221;{}&#8221; toggle_font=&#8221;|600|||||||&#8221; open=&#8221;off&#8221;]<\/p>\n<p><span style=\"font-weight: 400;\">F\u00fcr den Fall, dass Sie medizinische Hilfe ben\u00f6tigen und eine Konsultation &#8220;zu Hause&#8221; anfordern m\u00f6chten.<br \/><\/span><span style=\"font-weight: 400;\"><a href=\"https:\/\/medicapp.com.co\/#home\" target=\"_blank\" rel=\"noopener\"><strong>MedicApp<\/strong><\/a><\/span><\/p>\n<p>&nbsp;<\/p>\n<p>[\/et_pb_accordion_item][et_pb_accordion_item title=&#8221;Routenplaner und Karten&#8221; open_toggle_background_color=&#8221;#f5f5f5&#8243; closed_toggle_background_color=&#8221;#21468B&#8221; _builder_version=&#8221;4.27.4&#8243; global_colors_info=&#8221;{}&#8221; toggle_font=&#8221;|600|||||||&#8221; open=&#8221;off&#8221;]<\/p>\n<p><strong><a href=\"https:\/\/maps.me\/\" target=\"_blank\" rel=\"noopener\">Maps.Me <\/a><br \/><\/strong><span style=\"text-decoration: underline;\"><\/span><span style=\"font-weight: 400;\">Erm\u00f6glicht es Ihnen, Karten online herunterzuladen, die Sie dann <\/span><span style=\"font-weight: 400;\">offline.<\/span><strong><a href=\"https:\/\/maps.me\/\" target=\"_blank\" rel=\"noopener\"><\/a><\/strong><\/p>\n<p><a href=\"https:\/\/www.google.com\/maps\/place\/Colombia\/@4.5877954,-83.3866551,5z\/data=!3m1!4b1!4m5!3m4!1s0x8e15a43aae1594a3:0x9a0d9a04eff2a340!8m2!3d4.570868!4d-74.297333\" target=\"_blank\" rel=\"noopener\"><strong>Google Maps<\/strong><\/a><\/p>\n<p><strong><a href=\"https:\/\/www.stippl.io\/\" target=\"_blank\" rel=\"noopener\">Stipple<\/a><br \/><\/strong>praktischer Routenplaner<\/p>\n<p>[\/et_pb_accordion_item][et_pb_accordion_item title=&#8221;Tripadvisor.de&#8221; open_toggle_background_color=&#8221;#f5f5f5&#8243; closed_toggle_background_color=&#8221;#21468B&#8221; _builder_version=&#8221;4.27.4&#8243; global_colors_info=&#8221;{}&#8221; toggle_font=&#8221;|600|||||||&#8221; open=&#8221;off&#8221;]<\/p>\n<p><b>Tripadvisor.de<\/b><\/p>\n<p>F\u00fcr Bewertungen und Buchungen von Touren und Aktivit\u00e4ten<\/p>\n<p><strong><a href=\"https:\/\/play.google.com\/store\/apps\/details?id=com.tripadvisor.tripadvisor&amp;hl=NL&amp;referrer=utm_download_tracking=Brand_AppPage_0_63742\" target=\"_blank\" rel=\"noopener\">Tripadvisor Android<\/a><\/strong><br \/><a href=\"https:\/\/apps.apple.com\/nl\/app\/tripadvisor\/id284876795\" target=\"_blank\" rel=\"noopener\"><strong>Tripadvisor Apple<\/strong><\/a><\/p>\n<p>[\/et_pb_accordion_item][et_pb_accordion_item title=&#8221;\u00dcbersetzungs-Apps und Spanisch lernen&#8221; open_toggle_background_color=&#8221;#f5f5f5&#8243; closed_toggle_background_color=&#8221;#21468B&#8221; _builder_version=&#8221;4.27.4&#8243; global_colors_info=&#8221;{}&#8221; toggle_font=&#8221;|600|||||||&#8221; open=&#8221;off&#8221;]<\/p>\n<p><a href=\"https:\/\/www.duolingo.com\/course\/es\/en\/Learn-Spanish\" target=\"_blank\" rel=\"noopener\"><strong>Duolingo <\/strong><\/a><br \/>Zur Erweiterung Ihres Wortschatzes<\/p>\n<p><strong>Google \u00fcbersetzen<\/strong> <strong>\u00dcbersetzungs-App<\/strong><br \/><a href=\"https:\/\/play.google.com\/store\/apps\/details?id=com.google.android.apps.translate&amp;hl=nl\" target=\"_blank\" rel=\"noopener\"><strong>Android<\/strong><\/a><br \/><a href=\"https:\/\/apps.apple.com\/nl\/app\/google-translate\/id414706506\" target=\"_blank\" rel=\"noopener\"><strong>Apple<\/strong><\/a><\/p>\n<p>[\/et_pb_accordion_item][et_pb_accordion_item title=&#8221;Viator.de&#8221; open_toggle_background_color=&#8221;#f5f5f5&#8243; closed_toggle_background_color=&#8221;#21468B&#8221; _builder_version=&#8221;4.27.4&#8243; global_colors_info=&#8221;{}&#8221; toggle_font=&#8221;|600|||||||&#8221; open=&#8221;off&#8221;]<\/p>\n<p><b>viator.de<\/b><\/p>\n<p>F\u00fcr die Vorbuchung von unterhaltsamen Aktivit\u00e4ten mit viel Flexibilit\u00e4t. Sehen Sie sich das Angebot an Touren in Kolumbien hier an: <a href=\"https:\/\/www.viator.com\/nl-NL\/Santa-Marta\/d4520-ttd\/p-158442P1?pid=P00058130&amp;mcid=42383&amp;medium=link\" target=\"_blank\" rel=\"noopener\"><strong>Viator.de<\/strong><\/a> <a href=\"https:\/\/apps.apple.com\/nl\/app\/tripadvisor\/id284876795\" target=\"_blank\" rel=\"noopener\"><strong><\/strong><\/a><\/p>\n<p>[\/et_pb_accordion_item][et_pb_accordion_item title=&#8221;Windfinder.de&#8221; open_toggle_background_color=&#8221;#f5f5f5&#8243; closed_toggle_background_color=&#8221;#21468B&#8221; _builder_version=&#8221;4.27.4&#8243; hover_enabled=&#8221;0&#8243; global_colors_info=&#8221;{}&#8221; toggle_font=&#8221;|600|||||||&#8221; open=&#8221;off&#8221; sticky_enabled=&#8221;0&#8243;]<\/p>\n<p><b>Windfinder.de<\/b><\/p>\n<p>M\u00f6chten Sie eine Wanderung oder einen Bootsausflug planen? Dann sehen Sie sich die Wetter- und Windvorhersage auf <strong><a href=\"https:\/\/www.windfinder.com\/forecast\/colombia_huila_colombia\" target=\"_blank\" rel=\"noopener\">Windfinder.com<\/a> <\/strong> an <strong>. <\/strong>  <\/p>\n<p>[\/et_pb_accordion_item][\/et_pb_accordion][\/et_pb_column][et_pb_column type=&#8221;2_5&#8243; _builder_version=&#8221;4.16&#8243; custom_padding=&#8221;|||&#8221; global_colors_info=&#8221;{}&#8221; custom_padding__hover=&#8221;|||&#8221;][et_pb_image src=&#8221;https:\/\/naarcolombia.com\/wp-content\/uploads\/2020\/03\/Carousel_6.jpg&#8221; _builder_version=&#8221;4.16&#8243; border_radii=&#8221;on|10px|10px|10px|10px&#8221; global_colors_info=&#8221;{}&#8221;][\/et_pb_image][\/et_pb_column][\/et_pb_row][\/et_pb_section]<\/p>\n","protected":false},"excerpt":{"rendered":"<p>N\u00fctzliche Apps und Websites f\u00fcrIhre Reise in KolumbienHier sind einige Apps, die Ihnen w\u00e4hrend Ihrer Reise durch Kolumbien n\u00fctzlich sein k\u00f6nnen. Mit diesen Apps k\u00f6nnen Sie Taxis und Busse buchen, in letzter Minute ein Hotel oder eine Herberge reservieren, Karten herunterladen, W\u00e4hrungen umrechnen, Spanisch \u00fcbersetzen, Touren und Aktivit\u00e4ten buchen, Essen liefern lassen, medizinische Versorgung organisieren [&hellip;]<\/p>\n","protected":false},"author":1,"featured_media":0,"parent":0,"menu_order":0,"comment_status":"closed","ping_status":"closed","template":"","meta":{"nf_dc_page":"","_et_pb_use_builder":"on","_et_pb_old_content":"","_et_gb_content_width":"","footnotes":""},"class_list":["post-261654","page","type-page","status-publish","hentry"],"yoast_head":"<!-- This site is optimized with the Yoast SEO plugin v27.3 - https:\/\/yoast.com\/product\/yoast-seo-wordpress\/ -->\n<title>N\u00fctzliche Apps f\u00fcr Ihre Reise in Kolumbien - Colombia My Way<\/title>\n<meta name=\"description\" content=\"Eine Liste mit n\u00fctzlichen Apps f\u00fcr Ihre Reise durch Kolumbien: Verkehrsmittel, Karten, Lebensmittellieferungen, alles zum Herunterladen auf Ihr Handy.\" \/>\n<meta name=\"robots\" content=\"index, follow, max-snippet:-1, max-image-preview:large, max-video-preview:-1\" \/>\n<link rel=\"canonical\" href=\"https:\/\/colombiamyway.com\/de\/nuetzliche-apps-2\/\" \/>\n<meta property=\"og:locale\" content=\"de_DE\" \/>\n<meta property=\"og:type\" content=\"article\" \/>\n<meta property=\"og:title\" content=\"N\u00fctzliche Apps f\u00fcr Ihre Reise in Kolumbien - Colombia My Way\" \/>\n<meta property=\"og:description\" content=\"Eine Liste mit n\u00fctzlichen Apps f\u00fcr Ihre Reise durch Kolumbien: Verkehrsmittel, Karten, Lebensmittellieferungen, alles zum Herunterladen auf Ihr Handy.\" \/>\n<meta property=\"og:url\" content=\"https:\/\/colombiamyway.com\/de\/nuetzliche-apps-2\/\" \/>\n<meta property=\"og:site_name\" content=\"Colombia My Way\" \/>\n<meta property=\"article:publisher\" content=\"https:\/\/www.facebook.com\/profile.php?id=61571407164514\" \/>\n<meta property=\"article:modified_time\" content=\"2025-08-14T17:14:18+00:00\" \/>\n<meta name=\"twitter:card\" content=\"summary_large_image\" \/>\n<meta name=\"twitter:label1\" content=\"Gesch\u00e4tzte Lesezeit\" \/>\n\t<meta name=\"twitter:data1\" content=\"5\u00a0Minuten\" \/>\n<script type=\"application\/ld+json\" class=\"yoast-schema-graph\">{\"@context\":\"https:\\\/\\\/schema.org\",\"@graph\":[{\"@type\":\"WebPage\",\"@id\":\"https:\\\/\\\/colombiamyway.com\\\/de\\\/nuetzliche-apps-2\\\/\",\"url\":\"https:\\\/\\\/colombiamyway.com\\\/de\\\/nuetzliche-apps-2\\\/\",\"name\":\"N\u00fctzliche Apps f\u00fcr Ihre Reise in Kolumbien - Colombia My Way\",\"isPartOf\":{\"@id\":\"https:\\\/\\\/colombiamyway.com\\\/de\\\/#website\"},\"datePublished\":\"2022-03-14T00:10:06+00:00\",\"dateModified\":\"2025-08-14T17:14:18+00:00\",\"description\":\"Eine Liste mit n\u00fctzlichen Apps f\u00fcr Ihre Reise durch Kolumbien: Verkehrsmittel, Karten, Lebensmittellieferungen, alles zum Herunterladen auf Ihr Handy.\",\"breadcrumb\":{\"@id\":\"https:\\\/\\\/colombiamyway.com\\\/de\\\/nuetzliche-apps-2\\\/#breadcrumb\"},\"inLanguage\":\"de\",\"potentialAction\":[{\"@type\":\"ReadAction\",\"target\":[\"https:\\\/\\\/colombiamyway.com\\\/de\\\/nuetzliche-apps-2\\\/\"]}]},{\"@type\":\"BreadcrumbList\",\"@id\":\"https:\\\/\\\/colombiamyway.com\\\/de\\\/nuetzliche-apps-2\\\/#breadcrumb\",\"itemListElement\":[{\"@type\":\"ListItem\",\"position\":1,\"name\":\"Home\",\"item\":\"https:\\\/\\\/colombiamyway.com\\\/de\\\/startseite\\\/\"},{\"@type\":\"ListItem\",\"position\":2,\"name\":\"N\u00fctzliche Apps\"}]},{\"@type\":\"WebSite\",\"@id\":\"https:\\\/\\\/colombiamyway.com\\\/de\\\/#website\",\"url\":\"https:\\\/\\\/colombiamyway.com\\\/de\\\/\",\"name\":\"Colombia My Way\",\"description\":\"The Guide for the Independent Traveler\",\"publisher\":{\"@id\":\"https:\\\/\\\/colombiamyway.com\\\/de\\\/#organization\"},\"potentialAction\":[{\"@type\":\"SearchAction\",\"target\":{\"@type\":\"EntryPoint\",\"urlTemplate\":\"https:\\\/\\\/colombiamyway.com\\\/de\\\/?s={search_term_string}\"},\"query-input\":{\"@type\":\"PropertyValueSpecification\",\"valueRequired\":true,\"valueName\":\"search_term_string\"}}],\"inLanguage\":\"de\"},{\"@type\":\"Organization\",\"@id\":\"https:\\\/\\\/colombiamyway.com\\\/de\\\/#organization\",\"name\":\"Colombia My Way\",\"url\":\"https:\\\/\\\/colombiamyway.com\\\/de\\\/\",\"logo\":{\"@type\":\"ImageObject\",\"inLanguage\":\"de\",\"@id\":\"https:\\\/\\\/colombiamyway.com\\\/de\\\/#\\\/schema\\\/logo\\\/image\\\/\",\"url\":\"https:\\\/\\\/i0.wp.com\\\/colombiamyway.com\\\/wp-content\\\/uploads\\\/2024\\\/12\\\/Green-Modern-and-Minimalistic-Travel-Typography-Logo-2.png?fit=500%2C500&ssl=1\",\"contentUrl\":\"https:\\\/\\\/i0.wp.com\\\/colombiamyway.com\\\/wp-content\\\/uploads\\\/2024\\\/12\\\/Green-Modern-and-Minimalistic-Travel-Typography-Logo-2.png?fit=500%2C500&ssl=1\",\"width\":500,\"height\":500,\"caption\":\"Colombia My Way\"},\"image\":{\"@id\":\"https:\\\/\\\/colombiamyway.com\\\/de\\\/#\\\/schema\\\/logo\\\/image\\\/\"},\"sameAs\":[\"https:\\\/\\\/www.facebook.com\\\/profile.php?id=61571407164514\"]}]}<\/script>\n<!-- \/ Yoast SEO plugin. -->","yoast_head_json":{"title":"N\u00fctzliche Apps f\u00fcr Ihre Reise in Kolumbien - Colombia My Way","description":"Eine Liste mit n\u00fctzlichen Apps f\u00fcr Ihre Reise durch Kolumbien: Verkehrsmittel, Karten, Lebensmittellieferungen, alles zum Herunterladen auf Ihr Handy.","robots":{"index":"index","follow":"follow","max-snippet":"max-snippet:-1","max-image-preview":"max-image-preview:large","max-video-preview":"max-video-preview:-1"},"canonical":"https:\/\/colombiamyway.com\/de\/nuetzliche-apps-2\/","og_locale":"de_DE","og_type":"article","og_title":"N\u00fctzliche Apps f\u00fcr Ihre Reise in Kolumbien - Colombia My Way","og_description":"Eine Liste mit n\u00fctzlichen Apps f\u00fcr Ihre Reise durch Kolumbien: Verkehrsmittel, Karten, Lebensmittellieferungen, alles zum Herunterladen auf Ihr Handy.","og_url":"https:\/\/colombiamyway.com\/de\/nuetzliche-apps-2\/","og_site_name":"Colombia My Way","article_publisher":"https:\/\/www.facebook.com\/profile.php?id=61571407164514","article_modified_time":"2025-08-14T17:14:18+00:00","twitter_card":"summary_large_image","twitter_misc":{"Gesch\u00e4tzte Lesezeit":"5\u00a0Minuten"},"schema":{"@context":"https:\/\/schema.org","@graph":[{"@type":"WebPage","@id":"https:\/\/colombiamyway.com\/de\/nuetzliche-apps-2\/","url":"https:\/\/colombiamyway.com\/de\/nuetzliche-apps-2\/","name":"N\u00fctzliche Apps f\u00fcr Ihre Reise in Kolumbien - Colombia My Way","isPartOf":{"@id":"https:\/\/colombiamyway.com\/de\/#website"},"datePublished":"2022-03-14T00:10:06+00:00","dateModified":"2025-08-14T17:14:18+00:00","description":"Eine Liste mit n\u00fctzlichen Apps f\u00fcr Ihre Reise durch Kolumbien: Verkehrsmittel, Karten, Lebensmittellieferungen, alles zum Herunterladen auf Ihr Handy.","breadcrumb":{"@id":"https:\/\/colombiamyway.com\/de\/nuetzliche-apps-2\/#breadcrumb"},"inLanguage":"de","potentialAction":[{"@type":"ReadAction","target":["https:\/\/colombiamyway.com\/de\/nuetzliche-apps-2\/"]}]},{"@type":"BreadcrumbList","@id":"https:\/\/colombiamyway.com\/de\/nuetzliche-apps-2\/#breadcrumb","itemListElement":[{"@type":"ListItem","position":1,"name":"Home","item":"https:\/\/colombiamyway.com\/de\/startseite\/"},{"@type":"ListItem","position":2,"name":"N\u00fctzliche Apps"}]},{"@type":"WebSite","@id":"https:\/\/colombiamyway.com\/de\/#website","url":"https:\/\/colombiamyway.com\/de\/","name":"Colombia My Way","description":"The Guide for the Independent Traveler","publisher":{"@id":"https:\/\/colombiamyway.com\/de\/#organization"},"potentialAction":[{"@type":"SearchAction","target":{"@type":"EntryPoint","urlTemplate":"https:\/\/colombiamyway.com\/de\/?s={search_term_string}"},"query-input":{"@type":"PropertyValueSpecification","valueRequired":true,"valueName":"search_term_string"}}],"inLanguage":"de"},{"@type":"Organization","@id":"https:\/\/colombiamyway.com\/de\/#organization","name":"Colombia My Way","url":"https:\/\/colombiamyway.com\/de\/","logo":{"@type":"ImageObject","inLanguage":"de","@id":"https:\/\/colombiamyway.com\/de\/#\/schema\/logo\/image\/","url":"https:\/\/i0.wp.com\/colombiamyway.com\/wp-content\/uploads\/2024\/12\/Green-Modern-and-Minimalistic-Travel-Typography-Logo-2.png?fit=500%2C500&ssl=1","contentUrl":"https:\/\/i0.wp.com\/colombiamyway.com\/wp-content\/uploads\/2024\/12\/Green-Modern-and-Minimalistic-Travel-Typography-Logo-2.png?fit=500%2C500&ssl=1","width":500,"height":500,"caption":"Colombia My Way"},"image":{"@id":"https:\/\/colombiamyway.com\/de\/#\/schema\/logo\/image\/"},"sameAs":["https:\/\/www.facebook.com\/profile.php?id=61571407164514"]}]}},"_links":{"self":[{"href":"https:\/\/colombiamyway.com\/de\/wp-json\/wp\/v2\/pages\/261654","targetHints":{"allow":["GET"]}}],"collection":[{"href":"https:\/\/colombiamyway.com\/de\/wp-json\/wp\/v2\/pages"}],"about":[{"href":"https:\/\/colombiamyway.com\/de\/wp-json\/wp\/v2\/types\/page"}],"author":[{"embeddable":true,"href":"https:\/\/colombiamyway.com\/de\/wp-json\/wp\/v2\/users\/1"}],"replies":[{"embeddable":true,"href":"https:\/\/colombiamyway.com\/de\/wp-json\/wp\/v2\/comments?post=261654"}],"version-history":[{"count":10,"href":"https:\/\/colombiamyway.com\/de\/wp-json\/wp\/v2\/pages\/261654\/revisions"}],"predecessor-version":[{"id":267436,"href":"https:\/\/colombiamyway.com\/de\/wp-json\/wp\/v2\/pages\/261654\/revisions\/267436"}],"wp:attachment":[{"href":"https:\/\/colombiamyway.com\/de\/wp-json\/wp\/v2\/media?parent=261654"}],"curies":[{"name":"wp","href":"https:\/\/api.w.org\/{rel}","templated":true}]}}