{"id":261657,"date":"2022-03-12T13:47:27","date_gmt":"2022-03-12T17:47:27","guid":{"rendered":"https:\/\/colombiamyway.com\/reisedokumente-2\/"},"modified":"2025-05-08T15:59:13","modified_gmt":"2025-05-08T19:59:13","slug":"reisedokumente-2","status":"publish","type":"page","link":"https:\/\/colombiamyway.com\/de\/reisedokumente-2\/","title":{"rendered":"Reisedokumente"},"content":{"rendered":"<p>[et_pb_section fb_built=&#8221;1&#8243; admin_label=&#8221;Maintenance&#8221; _builder_version=&#8221;4.16&#8243; custom_margin=&#8221;|0px||0px|false|true&#8221; custom_margin_tablet=&#8221;|0%|0%|0%||true&#8221; custom_margin_phone=&#8221;&#8221; custom_margin_last_edited=&#8221;on|desktop&#8221; custom_padding=&#8221;33px||40px|||&#8221; border_color_all=&#8221;#ffd07e&#8221; border_width_right=&#8221;0vw&#8221; border_color_right=&#8221;#21468B&#8221; border_width_left=&#8221;20px&#8221; border_color_left=&#8221;#EABB3F&#8221; locked=&#8221;off&#8221; global_colors_info=&#8221;{}&#8221;][et_pb_row _builder_version=&#8221;4.16&#8243; min_height=&#8221;129px&#8221; custom_margin=&#8221;|auto|35px|auto||&#8221; custom_padding=&#8221;||0px|||&#8221; global_colors_info=&#8221;{}&#8221;][et_pb_column type=&#8221;4_4&#8243; _builder_version=&#8221;4.16&#8243; custom_padding=&#8221;|||&#8221; global_colors_info=&#8221;{}&#8221; custom_padding__hover=&#8221;|||&#8221;][et_pb_text module_id=&#8221;praktische-info-cartagena&#8221; _builder_version=&#8221;4.16&#8243; text_font=&#8221;||||||||&#8221; header_font=&#8221;||||||||&#8221; header_2_font=&#8221;Noto Sans|700|||||||&#8221; header_2_text_align=&#8221;left&#8221; header_2_text_color=&#8221;#ffffff&#8221; header_2_font_size=&#8221;48px&#8221; header_2_line_height=&#8221;1.2em&#8221; background_color=&#8221;#21468B&#8221; text_orientation=&#8221;center&#8221; custom_margin=&#8221;||35px||false|false&#8221; custom_padding=&#8221;10px||10px||false|false&#8221; header_2_font_size_tablet=&#8221;&#8221; header_2_font_size_phone=&#8221;28px&#8221; header_2_font_size_last_edited=&#8221;on|desktop&#8221; header_2_text_shadow_style=&#8221;preset1&#8243; border_radii=&#8221;on|10px|10px|10px|10px&#8221; box_shadow_style=&#8221;preset1&#8243; global_colors_info=&#8221;{}&#8221;]<\/p>\n<h2 style=\"text-align: center;\">Reisedokumente<\/h2>\n<p>[\/et_pb_text][\/et_pb_column][\/et_pb_row][et_pb_row _builder_version=&#8221;4.16&#8243; _module_preset=&#8221;default&#8221; background_color=&#8221;#f5f5f5&#8243; locked=&#8221;off&#8221; global_colors_info=&#8221;{}&#8221;][et_pb_column type=&#8221;4_4&#8243; _builder_version=&#8221;4.16&#8243; _module_preset=&#8221;default&#8221; global_colors_info=&#8221;{}&#8221;][et_pb_testimonial author=&#8221;ToColombia&#8221; portrait_url=&#8221;https:\/\/colombiamyway.com\/wp-content\/uploads\/2024\/12\/Green-Modern-and-Minimalistic-Travel-Typography-Logo-2.png&#8221; quote_icon=&#8221;off&#8221; _builder_version=&#8221;4.27.4&#8243; _module_preset=&#8221;default&#8221; global_colors_info=&#8221;{}&#8221;]<\/p>\n<p>Hier finden Sie alle Informationen, die Sie f\u00fcr Reisedokumente f\u00fcr Kolumbien ben\u00f6tigen: MIG-Einreiseformular, Reisepass und Regeln zur Gelbfieberimpfung und anderen Impfungen.<\/p>\n<p>[\/et_pb_testimonial][\/et_pb_column][\/et_pb_row][et_pb_row column_structure=&#8221;3_5,2_5&#8243; _builder_version=&#8221;4.16.1&#8243; custom_margin=&#8221;24px|auto|0px|auto|false|false&#8221; custom_padding=&#8221;||35px||false|false&#8221; global_colors_info=&#8221;{}&#8221;][et_pb_column type=&#8221;3_5&#8243; _builder_version=&#8221;4.16&#8243; custom_padding=&#8221;|||&#8221; global_colors_info=&#8221;{}&#8221; custom_padding__hover=&#8221;|||&#8221;][et_pb_accordion open_toggle_text_color=&#8221;#000000&#8243; open_toggle_background_color=&#8221;#fcbf49&#8243; closed_toggle_text_color=&#8221;#ffffff&#8221; closed_toggle_background_color=&#8221;#f77f00&#8243; icon_color=&#8221;#ffffff&#8221; use_icon_font_size=&#8221;on&#8221; _builder_version=&#8221;4.27.4&#8243; closed_toggle_font=&#8221;|600|||||||&#8221; body_text_color=&#8221;#000000&#8243; custom_margin=&#8221;26px|||2px||&#8221; border_radii=&#8221;on|10px|10px|10px|10px&#8221; border_width_all=&#8221;3px&#8221; global_colors_info=&#8221;{}&#8221;][et_pb_accordion_item title=&#8221;MIG-Einwanderungsformular&#8221; open=&#8221;on&#8221; open_toggle_background_color=&#8221;#f5f5f5&#8243; closed_toggle_background_color=&#8221;#21468B&#8221; _builder_version=&#8221;4.27.4&#8243; global_colors_info=&#8221;{}&#8221; toggle_font=&#8221;|600|||||||&#8221;]<\/p>\n<p><span style=\"font-weight: 400;\">Das Formular finden Sie <a href=\"https:\/\/apps.migracioncolombia.gov.co\/pre-registro\/en\" target=\"_blank\" rel=\"noopener\"><strong>hier<\/strong> <\/a>  <\/span><span style=\"font-weight: 400;\">online ausf\u00fcllen. Dies muss innerhalb von 24 Stunden und 1 Stunde vor der Abreise erfolgen. Sie erhalten eine Best\u00e4tigung in Ihrer E-Mail (\u00fcberpr\u00fcfen Sie Ihren Spam-Ordner). Drucken Sie die E-Mail aus und zeigen Sie sie der Einwanderungsbeh\u00f6rde. Wenn Sie die E-Mail nicht erhalten haben, machen Sie einen Screenshot des ausgef\u00fcllten Formulars, damit Sie etwas zum Vorzeigen haben.      <\/span><\/p>\n<p><strong>Achtung!  <\/strong>Es gibt auch private Agenturen mit einer Website, die f\u00fcr das Ausf\u00fcllen des MIG-Formulars eine Geb\u00fchr verlangen. Der regul\u00e4re, kostenlose Weg ist das Ausf\u00fcllen des Formulars \u00fcber <a href=\"https:\/\/apps.migracioncolombia.gov.co\/pre-registro\/en\" target=\"_blank\" rel=\"noopener\"><strong>diese Website der Regierung<\/strong><\/a>. <\/p>\n<p>Offiziell m\u00fcssen Sie auch das MIG-Formular ausf\u00fcllen, wenn Sie Kolumbien wieder verlassen. Wir sind nie danach gefragt worden. Als wir uns bei der Einwanderungsbeamtin danach erkundigten, sagte sie, dass sie in ihrem System sehen k\u00f6nnen, wer das Formular ausgef\u00fcllt hat, dass es aber nicht wirklich schwierig ist, wenn jemand es nicht ausgef\u00fcllt hat.  <\/p>\n<p>[\/et_pb_accordion_item][et_pb_accordion_item title=&#8221;Covid Regeln?&#8221; open_toggle_background_color=&#8221;#f5f5f5&#8243; closed_toggle_background_color=&#8221;#21468B&#8221; _builder_version=&#8221;4.27.4&#8243; global_colors_info=&#8221;{}&#8221; toggle_font=&#8221;|600|||||||&#8221; open=&#8221;off&#8221;]<\/p>\n<p><span style=\"font-weight: 400;\"><em>-Update Mai 2025-<\/em><\/span><\/p>\n<p><strong><span style=\"font-weight: 400;\">Es gibt keine Covid-Regeln mehr f\u00fcr die Einreise nach Kolumbien. Geimpfte Personen werden nicht nach dem Impfbuch gefragt und ungeimpfte Personen m\u00fcssen keinen negativen PCR-Test oder Antigentest vorweisen.   <\/span><\/strong><\/p>\n<p>Hinweis: Mundschutz ist nicht obligatorisch und wird nach wie vor nur in \u00f6ffentlichen Verkehrsmitteln und in Krankenh\u00e4usern und anderen Gesundheitseinrichtungen empfohlen.<\/p>\n<p><span style=\"font-weight: 400;\">Die neuesten Informationen finden Sie auf der Website des <a href=\"https:\/\/colombia.travel\/en\" target=\"_blank\" rel=\"noopener\"><strong>Kolumbianischen Fremdenverkehrsamtes <\/strong><\/a>  <\/span><\/p>\n<p>[\/et_pb_accordion_item][et_pb_accordion_item title=&#8221;Reisepass&#8221; open_toggle_background_color=&#8221;#f5f5f5&#8243; closed_toggle_background_color=&#8221;#21468B&#8221; _builder_version=&#8221;4.27.4&#8243; global_colors_info=&#8221;{}&#8221; toggle_font=&#8221;|600|||||||&#8221; open=&#8221;off&#8221;]<\/p>\n<ul>\n<li style=\"font-weight: 400;\" aria-level=\"1\"><span style=\"font-weight: 400;\">Ihr Reisepass muss bei der Ausreise aus Kolumbien noch mindestens 6 Monate g\u00fcltig sein.<\/span><\/li>\n<li style=\"font-weight: 400;\" aria-level=\"1\"><span style=\"font-weight: 400;\">Kinder ben\u00f6tigen ihr eigenes Reisedokument<\/span><\/li>\n<\/ul>\n<p>[\/et_pb_accordion_item][et_pb_accordion_item title=&#8221;Adresse Kolumbien&#8221; open_toggle_background_color=&#8221;#f5f5f5&#8243; closed_toggle_background_color=&#8221;#21468B&#8221; _builder_version=&#8221;4.27.4&#8243; global_colors_info=&#8221;{}&#8221; toggle_font=&#8221;|600|||||||&#8221; open=&#8221;off&#8221;]<\/p>\n<p><span style=\"font-weight: 400;\">Der Einwanderungsbeamte wird Sie nach Ihrer Adresse in Kolumbien fragen. Legen Sie auf jeden Fall Ihre Reservierung(en) vor, zumindest f\u00fcr die erste Nacht. Auf Verlangen m\u00fcssen Sie ein R\u00fcckflugticket oder eine Transitkarte vorlegen.    <\/span><\/p>\n<p>[\/et_pb_accordion_item][et_pb_accordion_item title=&#8221;Visum?&#8221; open_toggle_background_color=&#8221;#f5f5f5&#8243; closed_toggle_background_color=&#8221;#21468B&#8221; _builder_version=&#8221;4.27.4&#8243; global_colors_info=&#8221;{}&#8221; toggle_font=&#8221;|600|||||||&#8221; open=&#8221;off&#8221;]<\/p>\n<p>Inhaber amerikanischer, kanadischer und britischer Reisep\u00e4sse k\u00f6nnen <strong data-start=\"3242\" data-end=\"3263\">90 Tage visumfrei<\/strong> reisen, einmal verl\u00e4ngern, um insgesamt 180 Tage pro Kalenderjahr zu erreichen, und m\u00fcssen dann den Visumstatus wechseln oder ausreisen und im n\u00e4chsten Jahr zur\u00fcckkehren.<\/p>\n<p data-start=\"2780\" data-end=\"2812\"><strong>Bleiben Sie l\u00e4nger als 180 Tage<br \/><\/strong>Wenn Sie l\u00e4nger als sechs Monate bleiben m\u00f6chten, sollten Sie einen Wechsel in Erw\u00e4gung ziehen:<\/p>\n<ul data-start=\"2889\" data-end=\"3160\">\n<li data-start=\"2889\" data-end=\"2969\" class=\"\">\n<p data-start=\"2891\" data-end=\"2969\" class=\"\"><strong data-start=\"2891\" data-end=\"2924\">Visum f\u00fcr digitale Nomaden (V-Nomad):<\/strong> Leben Sie bis zu 2 Jahre, w\u00e4hrend Sie aus der Ferne arbeiten.<\/p>\n<\/li>\n<li data-start=\"2970\" data-end=\"3060\" class=\"\">\n<p data-start=\"2972\" data-end=\"3060\" class=\"\"><strong data-start=\"2972\" data-end=\"3015\">Migrantenvisum (M) f\u00fcr Investoren oder Heiratsvisum:<\/strong> Mehrj\u00e4hrige Optionen mit Weg zur Residenz.<\/p>\n<\/li>\n<li data-start=\"3061\" data-end=\"3160\" class=\"\">\n<p data-start=\"3063\" data-end=\"3160\" class=\"\"><strong data-start=\"3063\" data-end=\"3094\">Visa f\u00fcr Studenten oder Freiwillige:<\/strong> Flexible Alternativen, wenn Sie Spanisch studieren oder Freiwilligenarbeit leisten.<\/p>\n<\/li>\n<\/ul>\n<p>[\/et_pb_accordion_item][et_pb_accordion_item title=&#8221;Bescheinigung \u00fcber die Gelbfieberimpfung?&#8221; open_toggle_background_color=&#8221;#f5f5f5&#8243; closed_toggle_background_color=&#8221;#21468B&#8221; _builder_version=&#8221;4.27.4&#8243; global_colors_info=&#8221;{}&#8221; toggle_font=&#8221;|600|||||||&#8221; open=&#8221;off&#8221;]<\/p>\n<p><span style=\"font-weight: 400;\">Wenn Sie aus Brasilien kommen, werden Sie m\u00f6glicherweise nach Ihrem Gelbfieber-Impfschein gefragt. Wenn Sie in den Naturpark Ca\u00f1o Cristales reisen, ist eine Gelbfieberimpfung obligatorisch und Sie m\u00fcssen die Impfbescheinigung vorlegen k\u00f6nnen. <\/span><\/p>\n<p><strong>&#8212;&#8212;Wichtiges Gelbfieber-Update 18. April 2025<\/strong><\/p>\n<p>In Kolumbien ist derzeit das Gelbfieber ausgebrochen. Wir empfehlen Ihnen daher, sich vor Ihrer Reise von Ihrem Arzt beraten zu lassen, abh\u00e4ngig von Ihrer pers\u00f6nlichen Situation und Ihrer Reiseroute. Wenn Sie bereits in Kolumbien sind, k\u00f6nnen Sie sich am Flughafen El Dorado kostenlos gegen Gelbfieber impfen lassen, bevor Sie in ein Hochrisikogebiet reisen. Dies muss rechtzeitig geschehen, da die Impfung erst nach 10 Tagen wirkt. Sie k\u00f6nnen sich auch in einer Arztpraxis, einem Krankenhaus oder beim Roten Kreuz impfen lassen. Die Impfung ist in Kolumbien vielerorts kostenlos. F\u00fcr mehr Informationen lesen Sie     <span> <\/span><a href=\"https:\/\/edition.cnn.com\/2025\/04\/18\/americas\/colombia-yellow-fever-health-emergency-intl-latam\/index.html\" target=\"_blank\" rel=\"noopener\">dieser Artikel<\/a><span> <\/span>\u00fcber den Ausbruch von Gelbfieber in Kolumbien<\/p>\n<p><strong>&#8212;&#8212;<\/strong><\/p>\n<p>&nbsp;<\/p>\n<p>[\/et_pb_accordion_item][\/et_pb_accordion][\/et_pb_column][et_pb_column type=&#8221;2_5&#8243; _builder_version=&#8221;4.16&#8243; custom_padding=&#8221;|||&#8221; global_colors_info=&#8221;{}&#8221; custom_padding__hover=&#8221;|||&#8221;][et_pb_image src=&#8221;https:\/\/naarcolombia.com\/wp-content\/uploads\/2020\/03\/Carousel_6.jpg&#8221; _builder_version=&#8221;4.16&#8243; border_radii=&#8221;on|10px|10px|10px|10px&#8221; global_colors_info=&#8221;{}&#8221;][\/et_pb_image][\/et_pb_column][\/et_pb_row][\/et_pb_section]<\/p>\n","protected":false},"excerpt":{"rendered":"<p>ReisedokumenteHier finden Sie alle Informationen, die Sie f\u00fcr Reisedokumente f\u00fcr Kolumbien ben\u00f6tigen: MIG-Einreiseformular, Reisepass und Regeln zur Gelbfieberimpfung und anderen Impfungen.Das Formular finden Sie hier online ausf\u00fcllen. Dies muss innerhalb von 24 Stunden und 1 Stunde vor der Abreise erfolgen. Sie erhalten eine Best\u00e4tigung in Ihrer E-Mail (\u00fcberpr\u00fcfen Sie Ihren Spam-Ordner). Drucken Sie die E-Mail [&hellip;]<\/p>\n","protected":false},"author":1,"featured_media":0,"parent":0,"menu_order":0,"comment_status":"closed","ping_status":"closed","template":"","meta":{"nf_dc_page":"","_et_pb_use_builder":"on","_et_pb_old_content":"","_et_gb_content_width":"","footnotes":""},"class_list":["post-261657","page","type-page","status-publish","hentry"],"yoast_head":"<!-- This site is optimized with the Yoast SEO plugin v27.3 - https:\/\/yoast.com\/product\/yoast-seo-wordpress\/ -->\n<title>Reisedokumente - Colombia My Way<\/title>\n<meta name=\"description\" content=\"Hier finden Sie alle Informationen zu Reisedokumenten f\u00fcr Kolumbien: MIG-Einreiseformular, Reisepass und Vorschriften zur (Covid-19) Impfung.\" \/>\n<meta name=\"robots\" content=\"index, follow, max-snippet:-1, max-image-preview:large, max-video-preview:-1\" \/>\n<link rel=\"canonical\" href=\"https:\/\/colombiamyway.com\/de\/reisedokumente-2\/\" \/>\n<meta property=\"og:locale\" content=\"de_DE\" \/>\n<meta property=\"og:type\" content=\"article\" \/>\n<meta property=\"og:title\" content=\"Reisedokumente - Colombia My Way\" \/>\n<meta property=\"og:description\" content=\"Hier finden Sie alle Informationen zu Reisedokumenten f\u00fcr Kolumbien: MIG-Einreiseformular, Reisepass und Vorschriften zur (Covid-19) Impfung.\" \/>\n<meta property=\"og:url\" content=\"https:\/\/colombiamyway.com\/de\/reisedokumente-2\/\" \/>\n<meta property=\"og:site_name\" content=\"Colombia My Way\" \/>\n<meta property=\"article:publisher\" content=\"https:\/\/www.facebook.com\/profile.php?id=61571407164514\" \/>\n<meta property=\"article:modified_time\" content=\"2025-05-08T19:59:13+00:00\" \/>\n<meta name=\"twitter:card\" content=\"summary_large_image\" \/>\n<meta name=\"twitter:label1\" content=\"Gesch\u00e4tzte Lesezeit\" \/>\n\t<meta name=\"twitter:data1\" content=\"6\u00a0Minuten\" \/>\n<script type=\"application\/ld+json\" class=\"yoast-schema-graph\">{\"@context\":\"https:\\\/\\\/schema.org\",\"@graph\":[{\"@type\":\"WebPage\",\"@id\":\"https:\\\/\\\/colombiamyway.com\\\/de\\\/reisedokumente-2\\\/\",\"url\":\"https:\\\/\\\/colombiamyway.com\\\/de\\\/reisedokumente-2\\\/\",\"name\":\"Reisedokumente - Colombia My Way\",\"isPartOf\":{\"@id\":\"https:\\\/\\\/colombiamyway.com\\\/de\\\/#website\"},\"datePublished\":\"2022-03-12T17:47:27+00:00\",\"dateModified\":\"2025-05-08T19:59:13+00:00\",\"description\":\"Hier finden Sie alle Informationen zu Reisedokumenten f\u00fcr Kolumbien: MIG-Einreiseformular, Reisepass und Vorschriften zur (Covid-19) Impfung.\",\"breadcrumb\":{\"@id\":\"https:\\\/\\\/colombiamyway.com\\\/de\\\/reisedokumente-2\\\/#breadcrumb\"},\"inLanguage\":\"de\",\"potentialAction\":[{\"@type\":\"ReadAction\",\"target\":[\"https:\\\/\\\/colombiamyway.com\\\/de\\\/reisedokumente-2\\\/\"]}]},{\"@type\":\"BreadcrumbList\",\"@id\":\"https:\\\/\\\/colombiamyway.com\\\/de\\\/reisedokumente-2\\\/#breadcrumb\",\"itemListElement\":[{\"@type\":\"ListItem\",\"position\":1,\"name\":\"Home\",\"item\":\"https:\\\/\\\/colombiamyway.com\\\/de\\\/startseite\\\/\"},{\"@type\":\"ListItem\",\"position\":2,\"name\":\"Reisedokumente\"}]},{\"@type\":\"WebSite\",\"@id\":\"https:\\\/\\\/colombiamyway.com\\\/de\\\/#website\",\"url\":\"https:\\\/\\\/colombiamyway.com\\\/de\\\/\",\"name\":\"Colombia My Way\",\"description\":\"The Guide for the Independent Traveler\",\"publisher\":{\"@id\":\"https:\\\/\\\/colombiamyway.com\\\/de\\\/#organization\"},\"potentialAction\":[{\"@type\":\"SearchAction\",\"target\":{\"@type\":\"EntryPoint\",\"urlTemplate\":\"https:\\\/\\\/colombiamyway.com\\\/de\\\/?s={search_term_string}\"},\"query-input\":{\"@type\":\"PropertyValueSpecification\",\"valueRequired\":true,\"valueName\":\"search_term_string\"}}],\"inLanguage\":\"de\"},{\"@type\":\"Organization\",\"@id\":\"https:\\\/\\\/colombiamyway.com\\\/de\\\/#organization\",\"name\":\"Colombia My Way\",\"url\":\"https:\\\/\\\/colombiamyway.com\\\/de\\\/\",\"logo\":{\"@type\":\"ImageObject\",\"inLanguage\":\"de\",\"@id\":\"https:\\\/\\\/colombiamyway.com\\\/de\\\/#\\\/schema\\\/logo\\\/image\\\/\",\"url\":\"https:\\\/\\\/i0.wp.com\\\/colombiamyway.com\\\/wp-content\\\/uploads\\\/2024\\\/12\\\/Green-Modern-and-Minimalistic-Travel-Typography-Logo-2.png?fit=500%2C500&ssl=1\",\"contentUrl\":\"https:\\\/\\\/i0.wp.com\\\/colombiamyway.com\\\/wp-content\\\/uploads\\\/2024\\\/12\\\/Green-Modern-and-Minimalistic-Travel-Typography-Logo-2.png?fit=500%2C500&ssl=1\",\"width\":500,\"height\":500,\"caption\":\"Colombia My Way\"},\"image\":{\"@id\":\"https:\\\/\\\/colombiamyway.com\\\/de\\\/#\\\/schema\\\/logo\\\/image\\\/\"},\"sameAs\":[\"https:\\\/\\\/www.facebook.com\\\/profile.php?id=61571407164514\"]}]}<\/script>\n<!-- \/ Yoast SEO plugin. -->","yoast_head_json":{"title":"Reisedokumente - Colombia My Way","description":"Hier finden Sie alle Informationen zu Reisedokumenten f\u00fcr Kolumbien: MIG-Einreiseformular, Reisepass und Vorschriften zur (Covid-19) Impfung.","robots":{"index":"index","follow":"follow","max-snippet":"max-snippet:-1","max-image-preview":"max-image-preview:large","max-video-preview":"max-video-preview:-1"},"canonical":"https:\/\/colombiamyway.com\/de\/reisedokumente-2\/","og_locale":"de_DE","og_type":"article","og_title":"Reisedokumente - Colombia My Way","og_description":"Hier finden Sie alle Informationen zu Reisedokumenten f\u00fcr Kolumbien: MIG-Einreiseformular, Reisepass und Vorschriften zur (Covid-19) Impfung.","og_url":"https:\/\/colombiamyway.com\/de\/reisedokumente-2\/","og_site_name":"Colombia My Way","article_publisher":"https:\/\/www.facebook.com\/profile.php?id=61571407164514","article_modified_time":"2025-05-08T19:59:13+00:00","twitter_card":"summary_large_image","twitter_misc":{"Gesch\u00e4tzte Lesezeit":"6\u00a0Minuten"},"schema":{"@context":"https:\/\/schema.org","@graph":[{"@type":"WebPage","@id":"https:\/\/colombiamyway.com\/de\/reisedokumente-2\/","url":"https:\/\/colombiamyway.com\/de\/reisedokumente-2\/","name":"Reisedokumente - Colombia My Way","isPartOf":{"@id":"https:\/\/colombiamyway.com\/de\/#website"},"datePublished":"2022-03-12T17:47:27+00:00","dateModified":"2025-05-08T19:59:13+00:00","description":"Hier finden Sie alle Informationen zu Reisedokumenten f\u00fcr Kolumbien: MIG-Einreiseformular, Reisepass und Vorschriften zur (Covid-19) Impfung.","breadcrumb":{"@id":"https:\/\/colombiamyway.com\/de\/reisedokumente-2\/#breadcrumb"},"inLanguage":"de","potentialAction":[{"@type":"ReadAction","target":["https:\/\/colombiamyway.com\/de\/reisedokumente-2\/"]}]},{"@type":"BreadcrumbList","@id":"https:\/\/colombiamyway.com\/de\/reisedokumente-2\/#breadcrumb","itemListElement":[{"@type":"ListItem","position":1,"name":"Home","item":"https:\/\/colombiamyway.com\/de\/startseite\/"},{"@type":"ListItem","position":2,"name":"Reisedokumente"}]},{"@type":"WebSite","@id":"https:\/\/colombiamyway.com\/de\/#website","url":"https:\/\/colombiamyway.com\/de\/","name":"Colombia My Way","description":"The Guide for the Independent Traveler","publisher":{"@id":"https:\/\/colombiamyway.com\/de\/#organization"},"potentialAction":[{"@type":"SearchAction","target":{"@type":"EntryPoint","urlTemplate":"https:\/\/colombiamyway.com\/de\/?s={search_term_string}"},"query-input":{"@type":"PropertyValueSpecification","valueRequired":true,"valueName":"search_term_string"}}],"inLanguage":"de"},{"@type":"Organization","@id":"https:\/\/colombiamyway.com\/de\/#organization","name":"Colombia My Way","url":"https:\/\/colombiamyway.com\/de\/","logo":{"@type":"ImageObject","inLanguage":"de","@id":"https:\/\/colombiamyway.com\/de\/#\/schema\/logo\/image\/","url":"https:\/\/i0.wp.com\/colombiamyway.com\/wp-content\/uploads\/2024\/12\/Green-Modern-and-Minimalistic-Travel-Typography-Logo-2.png?fit=500%2C500&ssl=1","contentUrl":"https:\/\/i0.wp.com\/colombiamyway.com\/wp-content\/uploads\/2024\/12\/Green-Modern-and-Minimalistic-Travel-Typography-Logo-2.png?fit=500%2C500&ssl=1","width":500,"height":500,"caption":"Colombia My Way"},"image":{"@id":"https:\/\/colombiamyway.com\/de\/#\/schema\/logo\/image\/"},"sameAs":["https:\/\/www.facebook.com\/profile.php?id=61571407164514"]}]}},"_links":{"self":[{"href":"https:\/\/colombiamyway.com\/de\/wp-json\/wp\/v2\/pages\/261657","targetHints":{"allow":["GET"]}}],"collection":[{"href":"https:\/\/colombiamyway.com\/de\/wp-json\/wp\/v2\/pages"}],"about":[{"href":"https:\/\/colombiamyway.com\/de\/wp-json\/wp\/v2\/types\/page"}],"author":[{"embeddable":true,"href":"https:\/\/colombiamyway.com\/de\/wp-json\/wp\/v2\/users\/1"}],"replies":[{"embeddable":true,"href":"https:\/\/colombiamyway.com\/de\/wp-json\/wp\/v2\/comments?post=261657"}],"version-history":[{"count":14,"href":"https:\/\/colombiamyway.com\/de\/wp-json\/wp\/v2\/pages\/261657\/revisions"}],"predecessor-version":[{"id":265945,"href":"https:\/\/colombiamyway.com\/de\/wp-json\/wp\/v2\/pages\/261657\/revisions\/265945"}],"wp:attachment":[{"href":"https:\/\/colombiamyway.com\/de\/wp-json\/wp\/v2\/media?parent=261657"}],"curies":[{"name":"wp","href":"https:\/\/api.w.org\/{rel}","templated":true}]}}