{"id":261712,"date":"2024-12-08T10:51:55","date_gmt":"2024-12-08T14:51:55","guid":{"rendered":"https:\/\/colombiamyway.com\/choco-kulinarisch\/"},"modified":"2025-09-06T14:05:42","modified_gmt":"2025-09-06T18:05:42","slug":"choco-kulinarisch","status":"publish","type":"page","link":"https:\/\/colombiamyway.com\/de\/choco-kulinarisch\/","title":{"rendered":"Essen in Choc\u00f3"},"content":{"rendered":"<p>[et_pb_section fb_built=&#8221;1&#8243; admin_label=&#8221;Header&#8221; _builder_version=&#8221;4.27.4&#8243; background_image=&#8221;https:\/\/naarcolombia.com\/wp-content\/uploads\/2021\/02\/Amazone_culinair_Colombia.jpg&#8221; max_width_last_edited=&#8221;off|desktop&#8221; module_alignment=&#8221;center&#8221; custom_margin=&#8221;|0%||0%|false|true&#8221; custom_margin_tablet=&#8221;0%|0%||0%||true&#8221; custom_margin_phone=&#8221;&#8221; custom_margin_last_edited=&#8221;on|phone&#8221; custom_padding=&#8221;206px||250px||false|false&#8221; bottom_divider_style=&#8221;wave&#8221; bottom_divider_color=&#8221;#EABB3F&#8221; bottom_divider_height=&#8221;20px&#8221; global_colors_info=&#8221;{}&#8221;][\/et_pb_section][et_pb_section fb_built=&#8221;1&#8243; _builder_version=&#8221;4.24.2&#8243; _module_preset=&#8221;default&#8221; custom_padding=&#8221;20px||16px|||&#8221; global_colors_info=&#8221;{}&#8221;][et_pb_row _builder_version=&#8221;4.24.2&#8243; _module_preset=&#8221;default&#8221; global_colors_info=&#8221;{}&#8221;][et_pb_column type=&#8221;4_4&#8243; _builder_version=&#8221;4.24.2&#8243; _module_preset=&#8221;default&#8221; global_colors_info=&#8221;{}&#8221;][lwp_divi_breadcrumbs _builder_version=&#8221;4.24.2&#8243; _module_preset=&#8221;default&#8221; global_colors_info=&#8221;{}&#8221;][\/lwp_divi_breadcrumbs][\/et_pb_column][\/et_pb_row][\/et_pb_section][et_pb_section fb_built=&#8221;1&#8243; admin_label=&#8221;Maintenance&#8221; _builder_version=&#8221;4.27.4&#8243; custom_margin=&#8221;0px|0%|0px|0%|false|true&#8221; custom_margin_tablet=&#8221;|0%|0%|0%||true&#8221; custom_margin_phone=&#8221;&#8221; custom_margin_last_edited=&#8221;on|desktop&#8221; custom_padding=&#8221;19px||33px||false|false&#8221; border_color_all=&#8221;#ffd07e&#8221; border_width_right=&#8221;0vw&#8221; border_color_right=&#8221;rgba(0,0,0,0)&#8221; border_color_left=&#8221;#EABB3F&#8221; locked=&#8221;off&#8221; global_colors_info=&#8221;{}&#8221;][et_pb_row _builder_version=&#8221;4.16&#8243; module_alignment=&#8221;center&#8221; custom_margin=&#8221;-3px|10%||auto||&#8221; custom_padding=&#8221;46px|||||&#8221; locked=&#8221;off&#8221; global_colors_info=&#8221;{}&#8221;][et_pb_column type=&#8221;4_4&#8243; _builder_version=&#8221;4.16&#8243; custom_padding=&#8221;|||&#8221; global_colors_info=&#8221;{}&#8221; custom_padding__hover=&#8221;|||&#8221;][et_pb_divider color=&#8221;#006ef4&#8243; divider_weight=&#8221;3px&#8221; _builder_version=&#8221;4.16&#8243; max_width=&#8221;100px&#8221; custom_margin=&#8221;||0px|&#8221; global_colors_info=&#8221;{}&#8221;][\/et_pb_divider][et_pb_text _builder_version=&#8221;4.25.1&#8243; text_font=&#8221;Montserrat|300|||||||&#8221; text_line_height=&#8221;2em&#8221; header_font=&#8221;||||||||&#8221; header_2_font=&#8221;||||||||&#8221; header_2_font_size=&#8221;36px&#8221; header_2_line_height=&#8221;1.4em&#8221; max_width=&#8221;700px&#8221; header_2_font_size_tablet=&#8221;30px&#8221; header_2_font_size_phone=&#8221;24px&#8221; header_2_font_size_last_edited=&#8221;on|phone&#8221; global_colors_info=&#8221;{}&#8221;]<\/p>\n<p><span style=\"font-weight: 400;\">In der traditionellen K\u00fcche des Amazonas spielt der Fisch aus dem Amazonas eine wichtige Rolle. Es gibt auch Huhn und Fleisch und spezielle Gerichte f\u00fcr den abenteuerlustigen Esser. Aufgrund der Lage an der Grenze dreier L\u00e4nder ist der Einfluss der peruanischen und brasilianischen K\u00fcche in Leticia deutlich sp\u00fcrbar.    <\/span><span style=\"font-weight: 400;\">  In Peru ist die Ceviche sehr beliebt (roher Fisch in Zitrone mariniert) und in Brasilien die Pato no Tucupi; gebratene Ente mit der Tucupi-Sauce. Diese dunkle So\u00dfe aus der Yuca-Wurzel, die mit schwarzem Paprika vermischt wird, ist auch in Kolumbien zu finden.   <\/span><\/p>\n<p><span style=\"font-weight: 400;\">Lesen Sie weiter, um mehr \u00fcber das traditionelle Essen aus dem kolumbianischen Amazonasgebiet zu erfahren.<\/span><\/p>\n<p>[\/et_pb_text][et_pb_text _builder_version=&#8221;4.25.1&#8243; text_font=&#8221;Montserrat|300|||||||&#8221; text_line_height=&#8221;2em&#8221; header_font=&#8221;||||||||&#8221; header_2_font=&#8221;||||||||&#8221; header_2_font_size=&#8221;36px&#8221; header_2_line_height=&#8221;1.4em&#8221; max_width=&#8221;700px&#8221; header_2_font_size_tablet=&#8221;30px&#8221; header_2_font_size_phone=&#8221;24px&#8221; header_2_font_size_last_edited=&#8221;on|phone&#8221; global_colors_info=&#8221;{}&#8221;]<\/p>\n<h2>TYPISCH AMAZON<\/h2>\n<p>[\/et_pb_text][\/et_pb_column][\/et_pb_row][et_pb_row column_structure=&#8221;1_3,1_3,1_3&#8243; _builder_version=&#8221;4.16&#8243; global_colors_info=&#8221;{}&#8221;][et_pb_column type=&#8221;1_3&#8243; _builder_version=&#8221;4.16&#8243; custom_padding=&#8221;|||&#8221; global_colors_info=&#8221;{}&#8221; custom_padding__hover=&#8221;|||&#8221;][et_pb_blurb title=&#8221;PESCADO MOQUEADO&#8221; image=&#8221;https:\/\/colombiamyway.com\/wp-content\/uploads\/2024\/06\/Pescado-Moqueado_eten_amazone_colombia.jpeg&#8221; _builder_version=&#8221;4.25.1&#8243; background_enable_color=&#8221;off&#8221; custom_margin=&#8221;||35px||false|false&#8221; custom_padding=&#8221;35px|35px|35px|35px|false|false&#8221; animation=&#8221;off&#8221; border_radii_image=&#8221;on|10px|10px|10px|10px&#8221; box_shadow_style=&#8221;preset1&#8243; global_colors_info=&#8221;{}&#8221;]<\/p>\n<p><span style=\"font-weight: 400;\">Dies ist ein traditionelles Gericht aus ger\u00e4uchertem Fisch, das in vielen indianischen Gemeinschaften im Amazonasgebiet gegessen wird. Der Fisch wird oft im Ganzen serviert, in Bananenbl\u00e4tter eingewickelt und stundenlang ger\u00e4uchert. Dies ist eines der schmackhaftesten Gerichte des Amazonas.    <\/span><\/p>\n<p><em><\/em><\/p>\n<p><em><\/em><\/p>\n<p>[\/et_pb_blurb][\/et_pb_column][et_pb_column type=&#8221;1_3&#8243; _builder_version=&#8221;4.16&#8243; custom_padding=&#8221;|||&#8221; global_colors_info=&#8221;{}&#8221; custom_padding__hover=&#8221;|||&#8221;][et_pb_blurb title=&#8221;PIRARUC\u00da&#8221; image=&#8221;https:\/\/naarcolombia.com\/wp-content\/uploads\/2024\/06\/pirarucu_kroketjes_leticia_amazone-1.jpeg&#8221; _builder_version=&#8221;4.25.1&#8243; background_enable_color=&#8221;off&#8221; custom_padding=&#8221;35px|35px|35px|35px|false|false&#8221; animation=&#8221;off&#8221; border_radii_image=&#8221;on|10px|10px|10px|10px&#8221; box_shadow_style=&#8221;preset1&#8243; global_colors_info=&#8221;{}&#8221;]<\/p>\n<p><span style=\"font-weight: 400;\">Er ist einer der gr\u00f6\u00dften S\u00fc\u00dfwasserfische der Welt. Der Piraruc\u00fa kann bis zu 3 Meter lang werden und 200 Kilogramm wiegen. Sein wei\u00dfes Fleisch ist zart und geschmackvoll. Der Piraruc\u00fa ist    <\/span><span style=\"font-weight: 400;\">gegrillt, aber auch in anderen Zubereitungsarten zubereitet, wie zum Beispiel diese Kroketten oder Chicharrones.<\/span><\/p>\n<p>[\/et_pb_blurb][\/et_pb_column][et_pb_column type=&#8221;1_3&#8243; _builder_version=&#8221;4.16&#8243; custom_padding=&#8221;|||&#8221; global_colors_info=&#8221;{}&#8221; custom_padding__hover=&#8221;|||&#8221;][et_pb_blurb title=&#8221;PIRANHA&#8221; image=&#8221;https:\/\/naarcolombia.com\/wp-content\/uploads\/2024\/06\/piranha_eten_amazone_colombia-1.jpeg&#8221; _builder_version=&#8221;4.25.1&#8243; background_enable_color=&#8221;off&#8221; custom_margin=&#8221;||35px||false|false&#8221; custom_padding=&#8221;35px|35px|35px|35px|false|false&#8221; animation=&#8221;off&#8221; border_radii_image=&#8221;on|10px|10px|10px|10px&#8221; box_shadow_style=&#8221;preset1&#8243; global_colors_info=&#8221;{}&#8221;]<\/p>\n<p><span style=\"font-weight: 400;\">Das Fischen von Piranhas ist eine der beliebtesten Aktivit\u00e4ten im Amazonasgebiet, aber was Sie vielleicht noch nicht wussten, ist, dass Piranhas auch sehr lecker sind. Vor allem gebratener Piranha ist sehr lecker.   <\/span><\/p>\n<p>[\/et_pb_blurb][\/et_pb_column][\/et_pb_row][et_pb_row column_structure=&#8221;1_3,1_3,1_3&#8243; _builder_version=&#8221;4.16&#8243; global_colors_info=&#8221;{}&#8221;][et_pb_column type=&#8221;1_3&#8243; _builder_version=&#8221;4.16&#8243; custom_padding=&#8221;|||&#8221; global_colors_info=&#8221;{}&#8221; custom_padding__hover=&#8221;|||&#8221;][et_pb_blurb title=&#8221;MOJOJOY&#8221; image=&#8221;https:\/\/naarcolombia.com\/wp-content\/uploads\/2024\/06\/mojojoy_eten_amazone_colombia.jpeg&#8221; _builder_version=&#8221;4.25.1&#8243; background_enable_color=&#8221;off&#8221; custom_margin=&#8221;||36px|||&#8221; custom_padding=&#8221;35px|35px|35px|35px|false|false&#8221; animation=&#8221;off&#8221; border_radii_image=&#8221;on|10px|10px|10px|10px&#8221; box_shadow_style=&#8221;preset1&#8243; global_colors_info=&#8221;{}&#8221;]<\/p>\n<p><span style=\"font-weight: 400;\">Haben Sie Lust auf ein kulinarisches Abenteuer? Dann probieren Sie die Larven von Palmr\u00fcsslern   <\/span><span style=\"font-weight: 400;\">, die gegrillt, gebraten und\/oder mit Fleisch, Huhn oder Fisch gef\u00fcllt werden. Aufgrund ihres hohen N\u00e4hrwerts werden diese W\u00fcrmer in den amerikanischen Ureinwohnergemeinschaften h\u00e4ufig gegessen.   <\/span><\/p>\n<p>[\/et_pb_blurb][\/et_pb_column][et_pb_column type=&#8221;1_3&#8243; _builder_version=&#8221;4.16&#8243; custom_padding=&#8221;|||&#8221; global_colors_info=&#8221;{}&#8221; custom_padding__hover=&#8221;|||&#8221;][et_pb_blurb title=&#8221;EXOTISCHE FR\u00dcCHTE&#8221; image=&#8221;https:\/\/naarcolombia.com\/wp-content\/uploads\/2024\/06\/araza_fruit_amazone_colombia.jpeg&#8221; _builder_version=&#8221;4.25.1&#8243; background_enable_color=&#8221;off&#8221; custom_padding=&#8221;35px|35px|35px|35px|false|false&#8221; animation=&#8221;off&#8221; border_radii_image=&#8221;on|10px|10px|10px|10px&#8221; box_shadow_style=&#8221;preset1&#8243; global_colors_info=&#8221;{}&#8221;]<\/p>\n<p><span style=\"font-weight: 400;\">Im Amazonasgebiet k\u00f6nnen Sie viele Arten von frischen Fr\u00fcchten essen, darunter Acai-Beeren und Araz\u00e1. Diese typische Frucht aus dem Amazonasgebiet \u00e4hnelt der Guavenfrucht. Die Araz\u00e1 ist als Saft oder als S\u00fc\u00dfigkeit mit einem Schokoladen\u00fcberzug beliebt. Auf dem Markt in Leticia k\u00f6nnen Sie viele verschiedene Arten von exotischen Fr\u00fcchten erstehen.     <\/span><\/p>\n<p>[\/et_pb_blurb][\/et_pb_column][et_pb_column type=&#8221;1_3&#8243; _builder_version=&#8221;4.16&#8243; custom_padding=&#8221;|||&#8221; global_colors_info=&#8221;{}&#8221; custom_padding__hover=&#8221;|||&#8221;][et_pb_blurb title=&#8221;CREMA DE CUPUAZ\u00da&#8221; image=&#8221;https:\/\/naarcolombia.com\/wp-content\/uploads\/2024\/06\/cupuacu_fruit_amazone_colombia.jpeg&#8221; _builder_version=&#8221;4.25.1&#8243; background_enable_color=&#8221;off&#8221; custom_margin=&#8221;||36px|||&#8221; custom_padding=&#8221;35px|35px|35px|35px|false|false&#8221; animation=&#8221;off&#8221; border_radii_image=&#8221;on|10px|10px|10px|10px&#8221; box_shadow_style=&#8221;preset1&#8243; global_colors_info=&#8221;{}&#8221;]<\/p>\n<p><span style=\"font-weight: 400;\">Eine k\u00f6stliche Nachspeise aus der traditionellen Frucht Cupuaz\u00fa, Kondensmilch und Sahne. Cupuaz\u00fa ist auch k\u00f6stlich in Eiscreme und frischem Fruchtsaft.   <\/span><\/p>\n<p>[\/et_pb_blurb][\/et_pb_column][\/et_pb_row][et_pb_row _builder_version=&#8221;4.16&#8243; module_alignment=&#8221;center&#8221; custom_margin=&#8221;-3px|10%||157px||&#8221; custom_padding=&#8221;46px|||||&#8221; locked=&#8221;off&#8221; global_colors_info=&#8221;{}&#8221;][et_pb_column type=&#8221;4_4&#8243; _builder_version=&#8221;4.16&#8243; custom_padding=&#8221;|||&#8221; global_colors_info=&#8221;{}&#8221; custom_padding__hover=&#8221;|||&#8221;][et_pb_divider color=&#8221;#006ef4&#8243; divider_weight=&#8221;3px&#8221; _builder_version=&#8221;4.16&#8243; max_width=&#8221;100px&#8221; custom_margin=&#8221;||0px|&#8221; global_colors_info=&#8221;{}&#8221;][\/et_pb_divider][et_pb_blurb title=&#8221;#Kolumbien Tipp&#8221; _builder_version=&#8221;4.25.1&#8243; custom_margin=&#8221;||35px||false|false&#8221; custom_padding=&#8221;||27px||false|false&#8221; border_radii_image=&#8221;on|10px|10px|10px|10px&#8221; global_colors_info=&#8221;{}&#8221;]<\/p>\n<p><strong>Tipp #1<\/strong><br \/><strong>Probieren Sie die lokale Version der &#8220;Pizza&#8221;, die<\/strong> <b>Casabe.<br \/><\/b>Es<span style=\"font-weight: 400;\">  Der Teig der Casabe wird mit Yuca anstelle von Weizenmehl hergestellt. Die Leute sind sehr kreativ mit den Bel\u00e4gen der Casaba, die von Huhn bis zu Meeresfr\u00fcchten reichen k\u00f6nnen.   <\/span><\/p>\n<p><span style=\"font-weight: 400;\"><img loading=\"lazy\" decoding=\"async\" src=\"https:\/\/naarcolombia.com\/wp-content\/uploads\/2024\/06\/el-casabe_amazone_eten_Colombia-300x225.jpeg\" width=\"300\" height=\"225\" alt=\"\" class=\"wp-image-253678 alignnone size-medium\"><\/span><\/p>\n<p><strong>Tipp #2<\/strong><br \/><strong>Schauen Sie sich unseren<\/strong> <a href=\"https:\/\/naarcolombia.com\/amazone\/\" target=\"_blank\" rel=\"noopener\"><strong>Amazonas-Reisef\u00fchrer<\/strong><\/a>, <a href=\"https:\/\/naarcolombia.com\/reisgids-leticia-amazone\/\" target=\"_blank\" rel=\"noopener\"><strong>Leticia<\/strong><\/a> und <a href=\"https:\/\/naarcolombia.com\/reisgids-puerto-narino\/\" target=\"_blank\" rel=\"noopener\"><strong>Puerto Nar\u00edno<\/strong><\/a>.<\/p>\n<p>Tipp #3<br \/><strong>Sind Sie ein echter Feinschmecker? Dann schauen Sie sich diese   <\/strong> <a href=\"https:\/\/www.viator.com\/searchResults\/all?text=food+tours+colombia&amp;pid=P00058130&amp;mcid=42383&amp;medium=link\" target=\"_blank\" rel=\"noopener\"><strong>Essenstouren in Kolumbien<\/strong><\/a>.<\/p>\n<p>[\/et_pb_blurb][\/et_pb_column][\/et_pb_row][\/et_pb_section]<\/p>\n","protected":false},"excerpt":{"rendered":"<p><div class=\"et_pb_module lwp_divi_breadcrumbs lwp_divi_breadcrumbs_0\">\n\t\t\t\t\n\t\t\t\t\n\t\t\t\t\n\t\t\t\t\n\t\t\t\t\n\t\t\t\t\n\t\t\t\t<div class=\"et_pb_module_inner\">\n\t\t\t\t\t<div class=\"lwp-breadcrumbs\"> <span class=\"before\"><\/span> <span vocab=\"https:\/\/schema.org\/\" typeof=\"BreadcrumbList\"><span property=\"itemListElement\" typeof=\"ListItem\"><a property=\"item\" typeof=\"WebPage\" href=\"https:\/\/colombiamyway.com\/de\/\" class=\"home\"><span property=\"name\">Home<\/span><\/a><meta property=\"position\" content=\"1\"><\/span> <span class=\"separator et-pb-icon\">&#x39;<\/span> <\/span><\/div>\n\t\t\t\t<\/div>\n\t\t\t<\/div>In der traditionellen K\u00fcche des Amazonas spielt der Fisch aus dem Amazonas eine wichtige Rolle. Es gibt auch Huhn und Fleisch und spezielle Gerichte f\u00fcr den abenteuerlustigen Esser. Aufgrund der Lage an der Grenze dreier L\u00e4nder ist der Einfluss der peruanischen und brasilianischen K\u00fcche in Leticia deutlich sp\u00fcrbar. In Peru ist die [&hellip;]<\/p>\n","protected":false},"author":1,"featured_media":0,"parent":0,"menu_order":0,"comment_status":"closed","ping_status":"closed","template":"","meta":{"nf_dc_page":"","_et_pb_use_builder":"on","_et_pb_old_content":"","_et_gb_content_width":"","footnotes":""},"class_list":["post-261712","page","type-page","status-publish","hentry"],"yoast_head":"<!-- This site is optimized with the Yoast SEO plugin v27.3 - https:\/\/yoast.com\/product\/yoast-seo-wordpress\/ -->\n<title>Essen in Choc\u00f3 - Colombia My Way<\/title>\n<meta name=\"description\" content=\"Das traditionelle Essen in Choc\u00f3, Pazifik besteht haupts\u00e4chlich aus Fisch. Lesen Sie hier weiter f\u00fcr Spezialit\u00e4ten in Choc\u00f3.\" \/>\n<meta name=\"robots\" content=\"index, follow, max-snippet:-1, max-image-preview:large, max-video-preview:-1\" \/>\n<link rel=\"canonical\" href=\"https:\/\/colombiamyway.com\/de\/choco-kulinarisch\/\" \/>\n<meta property=\"og:locale\" content=\"de_DE\" \/>\n<meta property=\"og:type\" content=\"article\" \/>\n<meta property=\"og:title\" content=\"Essen in Choc\u00f3 - Colombia My Way\" \/>\n<meta property=\"og:description\" content=\"Das traditionelle Essen in Choc\u00f3, Pazifik besteht haupts\u00e4chlich aus Fisch. Lesen Sie hier weiter f\u00fcr Spezialit\u00e4ten in Choc\u00f3.\" \/>\n<meta property=\"og:url\" content=\"https:\/\/colombiamyway.com\/de\/choco-kulinarisch\/\" \/>\n<meta property=\"og:site_name\" content=\"Colombia My Way\" \/>\n<meta property=\"article:publisher\" content=\"https:\/\/www.facebook.com\/profile.php?id=61571407164514\" \/>\n<meta property=\"article:modified_time\" content=\"2025-09-06T18:05:42+00:00\" \/>\n<meta name=\"twitter:card\" content=\"summary_large_image\" \/>\n<meta name=\"twitter:label1\" content=\"Gesch\u00e4tzte Lesezeit\" \/>\n\t<meta name=\"twitter:data1\" content=\"7\u00a0Minuten\" \/>\n<script type=\"application\/ld+json\" class=\"yoast-schema-graph\">{\"@context\":\"https:\\\/\\\/schema.org\",\"@graph\":[{\"@type\":\"WebPage\",\"@id\":\"https:\\\/\\\/colombiamyway.com\\\/de\\\/choco-kulinarisch\\\/\",\"url\":\"https:\\\/\\\/colombiamyway.com\\\/de\\\/choco-kulinarisch\\\/\",\"name\":\"Essen in Choc\u00f3 - Colombia My Way\",\"isPartOf\":{\"@id\":\"https:\\\/\\\/colombiamyway.com\\\/de\\\/#website\"},\"primaryImageOfPage\":{\"@id\":\"https:\\\/\\\/colombiamyway.com\\\/de\\\/choco-kulinarisch\\\/#primaryimage\"},\"image\":{\"@id\":\"https:\\\/\\\/colombiamyway.com\\\/de\\\/choco-kulinarisch\\\/#primaryimage\"},\"thumbnailUrl\":\"https:\\\/\\\/naarcolombia.com\\\/wp-content\\\/uploads\\\/2024\\\/06\\\/el-casabe_amazone_eten_Colombia-300x225.jpeg\",\"datePublished\":\"2024-12-08T14:51:55+00:00\",\"dateModified\":\"2025-09-06T18:05:42+00:00\",\"description\":\"Das traditionelle Essen in Choc\u00f3, Pazifik besteht haupts\u00e4chlich aus Fisch. Lesen Sie hier weiter f\u00fcr Spezialit\u00e4ten in Choc\u00f3.\",\"breadcrumb\":{\"@id\":\"https:\\\/\\\/colombiamyway.com\\\/de\\\/choco-kulinarisch\\\/#breadcrumb\"},\"inLanguage\":\"de\",\"potentialAction\":[{\"@type\":\"ReadAction\",\"target\":[\"https:\\\/\\\/colombiamyway.com\\\/de\\\/choco-kulinarisch\\\/\"]}]},{\"@type\":\"ImageObject\",\"inLanguage\":\"de\",\"@id\":\"https:\\\/\\\/colombiamyway.com\\\/de\\\/choco-kulinarisch\\\/#primaryimage\",\"url\":\"https:\\\/\\\/naarcolombia.com\\\/wp-content\\\/uploads\\\/2024\\\/06\\\/el-casabe_amazone_eten_Colombia-300x225.jpeg\",\"contentUrl\":\"https:\\\/\\\/naarcolombia.com\\\/wp-content\\\/uploads\\\/2024\\\/06\\\/el-casabe_amazone_eten_Colombia-300x225.jpeg\"},{\"@type\":\"BreadcrumbList\",\"@id\":\"https:\\\/\\\/colombiamyway.com\\\/de\\\/choco-kulinarisch\\\/#breadcrumb\",\"itemListElement\":[{\"@type\":\"ListItem\",\"position\":1,\"name\":\"Home\",\"item\":\"https:\\\/\\\/colombiamyway.com\\\/de\\\/startseite\\\/\"},{\"@type\":\"ListItem\",\"position\":2,\"name\":\"Essen in Choc\u00f3\"}]},{\"@type\":\"WebSite\",\"@id\":\"https:\\\/\\\/colombiamyway.com\\\/de\\\/#website\",\"url\":\"https:\\\/\\\/colombiamyway.com\\\/de\\\/\",\"name\":\"Colombia My Way\",\"description\":\"The Guide for the Independent Traveler\",\"publisher\":{\"@id\":\"https:\\\/\\\/colombiamyway.com\\\/de\\\/#organization\"},\"potentialAction\":[{\"@type\":\"SearchAction\",\"target\":{\"@type\":\"EntryPoint\",\"urlTemplate\":\"https:\\\/\\\/colombiamyway.com\\\/de\\\/?s={search_term_string}\"},\"query-input\":{\"@type\":\"PropertyValueSpecification\",\"valueRequired\":true,\"valueName\":\"search_term_string\"}}],\"inLanguage\":\"de\"},{\"@type\":\"Organization\",\"@id\":\"https:\\\/\\\/colombiamyway.com\\\/de\\\/#organization\",\"name\":\"Colombia My Way\",\"url\":\"https:\\\/\\\/colombiamyway.com\\\/de\\\/\",\"logo\":{\"@type\":\"ImageObject\",\"inLanguage\":\"de\",\"@id\":\"https:\\\/\\\/colombiamyway.com\\\/de\\\/#\\\/schema\\\/logo\\\/image\\\/\",\"url\":\"https:\\\/\\\/i0.wp.com\\\/colombiamyway.com\\\/wp-content\\\/uploads\\\/2024\\\/12\\\/Green-Modern-and-Minimalistic-Travel-Typography-Logo-2.png?fit=500%2C500&ssl=1\",\"contentUrl\":\"https:\\\/\\\/i0.wp.com\\\/colombiamyway.com\\\/wp-content\\\/uploads\\\/2024\\\/12\\\/Green-Modern-and-Minimalistic-Travel-Typography-Logo-2.png?fit=500%2C500&ssl=1\",\"width\":500,\"height\":500,\"caption\":\"Colombia My Way\"},\"image\":{\"@id\":\"https:\\\/\\\/colombiamyway.com\\\/de\\\/#\\\/schema\\\/logo\\\/image\\\/\"},\"sameAs\":[\"https:\\\/\\\/www.facebook.com\\\/profile.php?id=61571407164514\"]}]}<\/script>\n<!-- \/ Yoast SEO plugin. -->","yoast_head_json":{"title":"Essen in Choc\u00f3 - Colombia My Way","description":"Das traditionelle Essen in Choc\u00f3, Pazifik besteht haupts\u00e4chlich aus Fisch. Lesen Sie hier weiter f\u00fcr Spezialit\u00e4ten in Choc\u00f3.","robots":{"index":"index","follow":"follow","max-snippet":"max-snippet:-1","max-image-preview":"max-image-preview:large","max-video-preview":"max-video-preview:-1"},"canonical":"https:\/\/colombiamyway.com\/de\/choco-kulinarisch\/","og_locale":"de_DE","og_type":"article","og_title":"Essen in Choc\u00f3 - Colombia My Way","og_description":"Das traditionelle Essen in Choc\u00f3, Pazifik besteht haupts\u00e4chlich aus Fisch. Lesen Sie hier weiter f\u00fcr Spezialit\u00e4ten in Choc\u00f3.","og_url":"https:\/\/colombiamyway.com\/de\/choco-kulinarisch\/","og_site_name":"Colombia My Way","article_publisher":"https:\/\/www.facebook.com\/profile.php?id=61571407164514","article_modified_time":"2025-09-06T18:05:42+00:00","twitter_card":"summary_large_image","twitter_misc":{"Gesch\u00e4tzte Lesezeit":"7\u00a0Minuten"},"schema":{"@context":"https:\/\/schema.org","@graph":[{"@type":"WebPage","@id":"https:\/\/colombiamyway.com\/de\/choco-kulinarisch\/","url":"https:\/\/colombiamyway.com\/de\/choco-kulinarisch\/","name":"Essen in Choc\u00f3 - Colombia My Way","isPartOf":{"@id":"https:\/\/colombiamyway.com\/de\/#website"},"primaryImageOfPage":{"@id":"https:\/\/colombiamyway.com\/de\/choco-kulinarisch\/#primaryimage"},"image":{"@id":"https:\/\/colombiamyway.com\/de\/choco-kulinarisch\/#primaryimage"},"thumbnailUrl":"https:\/\/naarcolombia.com\/wp-content\/uploads\/2024\/06\/el-casabe_amazone_eten_Colombia-300x225.jpeg","datePublished":"2024-12-08T14:51:55+00:00","dateModified":"2025-09-06T18:05:42+00:00","description":"Das traditionelle Essen in Choc\u00f3, Pazifik besteht haupts\u00e4chlich aus Fisch. Lesen Sie hier weiter f\u00fcr Spezialit\u00e4ten in Choc\u00f3.","breadcrumb":{"@id":"https:\/\/colombiamyway.com\/de\/choco-kulinarisch\/#breadcrumb"},"inLanguage":"de","potentialAction":[{"@type":"ReadAction","target":["https:\/\/colombiamyway.com\/de\/choco-kulinarisch\/"]}]},{"@type":"ImageObject","inLanguage":"de","@id":"https:\/\/colombiamyway.com\/de\/choco-kulinarisch\/#primaryimage","url":"https:\/\/naarcolombia.com\/wp-content\/uploads\/2024\/06\/el-casabe_amazone_eten_Colombia-300x225.jpeg","contentUrl":"https:\/\/naarcolombia.com\/wp-content\/uploads\/2024\/06\/el-casabe_amazone_eten_Colombia-300x225.jpeg"},{"@type":"BreadcrumbList","@id":"https:\/\/colombiamyway.com\/de\/choco-kulinarisch\/#breadcrumb","itemListElement":[{"@type":"ListItem","position":1,"name":"Home","item":"https:\/\/colombiamyway.com\/de\/startseite\/"},{"@type":"ListItem","position":2,"name":"Essen in Choc\u00f3"}]},{"@type":"WebSite","@id":"https:\/\/colombiamyway.com\/de\/#website","url":"https:\/\/colombiamyway.com\/de\/","name":"Colombia My Way","description":"The Guide for the Independent Traveler","publisher":{"@id":"https:\/\/colombiamyway.com\/de\/#organization"},"potentialAction":[{"@type":"SearchAction","target":{"@type":"EntryPoint","urlTemplate":"https:\/\/colombiamyway.com\/de\/?s={search_term_string}"},"query-input":{"@type":"PropertyValueSpecification","valueRequired":true,"valueName":"search_term_string"}}],"inLanguage":"de"},{"@type":"Organization","@id":"https:\/\/colombiamyway.com\/de\/#organization","name":"Colombia My Way","url":"https:\/\/colombiamyway.com\/de\/","logo":{"@type":"ImageObject","inLanguage":"de","@id":"https:\/\/colombiamyway.com\/de\/#\/schema\/logo\/image\/","url":"https:\/\/i0.wp.com\/colombiamyway.com\/wp-content\/uploads\/2024\/12\/Green-Modern-and-Minimalistic-Travel-Typography-Logo-2.png?fit=500%2C500&ssl=1","contentUrl":"https:\/\/i0.wp.com\/colombiamyway.com\/wp-content\/uploads\/2024\/12\/Green-Modern-and-Minimalistic-Travel-Typography-Logo-2.png?fit=500%2C500&ssl=1","width":500,"height":500,"caption":"Colombia My Way"},"image":{"@id":"https:\/\/colombiamyway.com\/de\/#\/schema\/logo\/image\/"},"sameAs":["https:\/\/www.facebook.com\/profile.php?id=61571407164514"]}]}},"_links":{"self":[{"href":"https:\/\/colombiamyway.com\/de\/wp-json\/wp\/v2\/pages\/261712","targetHints":{"allow":["GET"]}}],"collection":[{"href":"https:\/\/colombiamyway.com\/de\/wp-json\/wp\/v2\/pages"}],"about":[{"href":"https:\/\/colombiamyway.com\/de\/wp-json\/wp\/v2\/types\/page"}],"author":[{"embeddable":true,"href":"https:\/\/colombiamyway.com\/de\/wp-json\/wp\/v2\/users\/1"}],"replies":[{"embeddable":true,"href":"https:\/\/colombiamyway.com\/de\/wp-json\/wp\/v2\/comments?post=261712"}],"version-history":[{"count":20,"href":"https:\/\/colombiamyway.com\/de\/wp-json\/wp\/v2\/pages\/261712\/revisions"}],"predecessor-version":[{"id":268946,"href":"https:\/\/colombiamyway.com\/de\/wp-json\/wp\/v2\/pages\/261712\/revisions\/268946"}],"wp:attachment":[{"href":"https:\/\/colombiamyway.com\/de\/wp-json\/wp\/v2\/media?parent=261712"}],"curies":[{"name":"wp","href":"https:\/\/api.w.org\/{rel}","templated":true}]}}