{"id":261852,"date":"2021-01-09T20:45:56","date_gmt":"2021-01-10T00:45:56","guid":{"rendered":"https:\/\/colombiamyway.com\/bogota-und-nord-bogota-2\/"},"modified":"2025-09-06T14:05:30","modified_gmt":"2025-09-06T18:05:30","slug":"bogota-und-nord-bogota","status":"publish","type":"page","link":"https:\/\/colombiamyway.com\/de\/bogota-und-nord-bogota\/","title":{"rendered":"Bogot\u00e1 und Nord-Bogot\u00e1"},"content":{"rendered":"<p>[et_pb_section fb_built=&#8221;1&#8243; custom_padding_last_edited=&#8221;on|phone&#8221; admin_label=&#8221;Packages&#8221; _builder_version=&#8221;4.27.4&#8243; background_enable_color=&#8221;off&#8221; background_image=&#8221;https:\/\/naarcolombia.com\/wp-content\/uploads\/2024\/04\/jorge-gardner-Exjq06SLhl4-unsplash.jpg&#8221; custom_margin=&#8221;||0px||false|false&#8221; custom_margin_tablet=&#8221;&#8221; custom_margin_phone=&#8221;||0px||false|false&#8221; custom_margin_last_edited=&#8221;on|phone&#8221; custom_padding=&#8221;74px||433px||false|false&#8221; custom_padding_tablet=&#8221;0px||0px|&#8221; custom_padding_phone=&#8221;25px||87px||false|false&#8221; top_divider_color=&#8221;#21468B&#8221; top_divider_height=&#8221;35px&#8221; bottom_divider_style=&#8221;wave&#8221; bottom_divider_color=&#8221;#EABB3F&#8221; bottom_divider_height=&#8221;25px&#8221; global_colors_info=&#8221;{}&#8221;][\/et_pb_section][et_pb_section fb_built=&#8221;1&#8243; _builder_version=&#8221;4.27.4&#8243; _module_preset=&#8221;default&#8221; custom_padding=&#8221;21px||22px|||&#8221; hover_enabled=&#8221;0&#8243; global_colors_info=&#8221;{}&#8221; background_enable_color=&#8221;off&#8221; sticky_enabled=&#8221;0&#8243;][et_pb_row _builder_version=&#8221;4.24.2&#8243; _module_preset=&#8221;default&#8221; custom_margin=&#8221;-4px|auto||auto||&#8221; global_colors_info=&#8221;{}&#8221;][et_pb_column type=&#8221;4_4&#8243; _builder_version=&#8221;4.24.2&#8243; _module_preset=&#8221;default&#8221; global_colors_info=&#8221;{}&#8221;][lwp_divi_breadcrumbs _builder_version=&#8221;4.24.2&#8243; _module_preset=&#8221;default&#8221; global_colors_info=&#8221;{}&#8221;][\/lwp_divi_breadcrumbs][\/et_pb_column][\/et_pb_row][\/et_pb_section][et_pb_section fb_built=&#8221;1&#8243; _builder_version=&#8221;4.27.4&#8243; custom_margin=&#8221;1px||0px|||&#8221; custom_padding=&#8221;35px||28px|||&#8221; top_divider_color=&#8221;#004e93&#8243; top_divider_height=&#8221;30px&#8221; bottom_divider_color=&#8221;#EABB3F&#8221; bottom_divider_height=&#8221;25px&#8221; border_color_left=&#8221;#EABB3F&#8221; global_colors_info=&#8221;{}&#8221;][et_pb_row _builder_version=&#8221;4.16&#8243; module_alignment=&#8221;center&#8221; custom_margin=&#8221;-3px|10%||auto||&#8221; custom_padding=&#8221;32px|||||&#8221; locked=&#8221;off&#8221; global_colors_info=&#8221;{}&#8221;][et_pb_column type=&#8221;4_4&#8243; saved_specialty_column_type=&#8221;1_2&#8243; _builder_version=&#8221;4.16&#8243; custom_padding=&#8221;|||&#8221; global_colors_info=&#8221;{}&#8221; custom_padding__hover=&#8221;|||&#8221;][et_pb_divider color=&#8221;#21468B&#8221; divider_weight=&#8221;3px&#8221; _builder_version=&#8221;4.16&#8243; max_width=&#8221;100px&#8221; custom_margin=&#8221;||0px|&#8221; global_colors_info=&#8221;{}&#8221;][\/et_pb_divider][et_pb_text _builder_version=&#8221;4.16&#8243; text_font=&#8221;Montserrat|300|||||||&#8221; text_line_height=&#8221;2em&#8221; header_font=&#8221;||||||||&#8221; header_2_font=&#8221;|600|||||||&#8221; header_2_font_size=&#8221;36px&#8221; header_2_line_height=&#8221;1.4em&#8221; max_width=&#8221;700px&#8221; header_2_font_size_tablet=&#8221;30px&#8221; header_2_font_size_phone=&#8221;24px&#8221; header_2_font_size_last_edited=&#8221;on|phone&#8221; global_colors_info=&#8221;{}&#8221;]<\/p>\n<h2><span lang=\"NL\">\u00dcbersicht<\/span><\/h2>\n<p>[\/et_pb_text][\/et_pb_column][\/et_pb_row][et_pb_row _builder_version=&#8221;4.27.4&#8243; _module_preset=&#8221;default&#8221; global_colors_info=&#8221;{}&#8221;][et_pb_column type=&#8221;4_4&#8243; _builder_version=&#8221;4.27.4&#8243; _module_preset=&#8221;default&#8221; global_colors_info=&#8221;{}&#8221;][et_pb_code _builder_version=&#8221;4.27.4&#8243; _module_preset=&#8221;default&#8221; global_colors_info=&#8221;{}&#8221;]<iframe loading=\"lazy\" id=\"stay22-widget\" width=\"100%\" height=\"428\" src=\"https:\/\/www.stay22.com\/embed\/685ca5abd2cb4cc8b8757644\" frameborder=\"0\"><\/iframe>[\/et_pb_code][\/et_pb_column][\/et_pb_row][et_pb_row _builder_version=&#8221;4.27.4&#8243; background_color=&#8221;#f5f5f5&#8243; module_alignment=&#8221;center&#8221; custom_margin=&#8221;10px|260px|8px|164px|false|false&#8221; custom_padding=&#8221;41px|32px|27px|28px|false|false&#8221; global_colors_info=&#8221;{}&#8221;][et_pb_column type=&#8221;4_4&#8243; _builder_version=&#8221;4.16&#8243; global_colors_info=&#8221;{}&#8221;][et_pb_text _builder_version=&#8221;4.27.4&#8243; text_font=&#8221;||||||||&#8221; text_text_color=&#8221;#282828&#8243; text_font_size=&#8221;18px&#8221; custom_margin=&#8221;-26px|||-6px||&#8221; custom_padding=&#8221;|||11px||&#8221; global_colors_info=&#8221;{}&#8221;]<\/p>\n<p>Bogot\u00e1 ist der Ausgangspunkt f\u00fcr die meisten Reisenden, die Kolumbien besuchen. Der Flughafen El Dorado, 15 km von der Hauptstadt Bogot\u00e1 entfernt, gilt als das Tor zu Kolumbien und S\u00fcdamerika. Da Sie wahrscheinlich auch den Flughafen El Dorado besuchen werden, sollten Sie sich diesen Artikel mit<span> praktischen Informationen zur <a href=\"https:\/\/colombiamyway.com\/de\/so-finden-sie-sich-am-flughafen-el-dorado-zurecht\/\" target=\"_blank\" rel=\"noopener\"><strong>Ankunft und Abreise am Flughafen El Dorado ansehen. <\/strong><\/a><\/span>Bogot\u00e1 ist es wert, ein paar Tage auf der Durchreise zu verbringen, oder w\u00e4hrend einer <a href=\"https:\/\/colombiamyway.com\/de\/kurzer-staedtetrip-nach-bogota\/\" target=\"_blank\" rel=\"noopener\"><strong>kurzen St\u00e4dtereise<\/strong><\/a>. Es ist eine interessante Mischung aus traditionellem und trendigem Leben. Sie k\u00f6nnen <a href=\"https:\/\/colombiamyway.com\/de\/entdecken-sie-bogota-wie-ein-einheimischer\/\" target=\"_blank\" rel=\"noopener\"><strong>durch das historische Stadtzentrum schlendern,<\/strong><\/a> oder machen Sie eine <a href=\"https:\/\/colombiamyway.com\/de\/kostenlose-graffiti-tour-bogota\/\" target=\"_blank\" rel=\"noopener\"><strong>Graffiti-Tour<\/strong> <\/a> Wenn Sie die Stadt verlassen, k\u00f6nnen Sie bald in die Natur eintauchen. Die Landschaft ist abwechslungsreich mit Wasserf\u00e4llen, Schluchten und P\u00e1ramo-Landschaften hoch in den Anden. Die Regionen Boyac\u00e1 und Santander sind f\u00fcr ihre sch\u00f6nen Kolonialst\u00e4dte bekannt. Die Gegend in der N\u00e4he des Ca\u00f1on de Chicamocha ist ein Paradies f\u00fcr Outdoor-Sportbegeisterte.       <\/p>\n<p><strong>H\u00f6hepunkte<\/strong><\/p>\n<ul>\n<li>Besuchen Sie eines der Top-Museen in Bogot\u00e1, wie zum Beispiel das <a href=\"https:\/\/colombiamyway.com\/de\/goldmuseum-bogota\/\" target=\"_blank\" rel=\"noopener\"><strong>Goldmuseum<\/strong><\/a><\/li>\n<li>Probieren Sie authentische und moderne Gerichte in der <a href=\"https:\/\/colombiamyway.com\/food-and-drink-colombia\/food-bogota\/\" target=\"_blank\" rel=\"noopener\"><strong>Feinschmeckerstadt Bogot\u00e1<\/strong><\/a><\/li>\n<li>Machen Sie einen Einkaufsbummel in einem der modernen Einkaufszentren<\/li>\n<li>Erleben Sie die Atmosph\u00e4re vergangener Zeiten in den kolonialen &#8220;Perlen&#8221; Kolumbiens: <a href=\"https:\/\/colombiamyway.com\/de\/alles-ueber-barichara\/\" target=\"_blank\" rel=\"noopener\"><strong>Barichara<\/strong> <\/a>und <strong><a href=\"https:\/\/colombiamyway.com\/de\/villa-de-leyva\/\" target=\"_blank\" rel=\"noopener\">Villa de Leyva<\/a><\/strong><\/li>\n<li>Machen Sie einen Tagesausflug zur <strong>Salzkathedrale von Zipaquir\u00e1<\/strong> und zum Guatavita-See<\/li>\n<li>Wandern Sie in den <a href=\"https:\/\/colombiamyway.com\/de\/top-5-nationalparks\/\" target=\"_blank\" rel=\"noopener\"><strong>Nationalparks<\/strong><\/a> wie dem Chingaza National Park und dem El Cocuy National Park<\/li>\n<li>Machen Sie einen Gleitschirmflug \u00fcber den Ca\u00f1on de Chicamocha, oder buchen Sie eine andere Abenteueraktivit\u00e4t in <a href=\"https:\/\/colombiamyway.com\/de\/alles-ueber-san-gil-kolumbien\/\" target=\"_blank\" rel=\"noopener\"><strong>San Gil<\/strong><\/a><\/li>\n<li>Wanderung zum P\u00e1ramo de Ocet\u00e1, von dem authentischen Dorf Mongu\u00ed aus<\/li>\n<\/ul>\n<p>[\/et_pb_text][\/et_pb_column][\/et_pb_row][\/et_pb_section][et_pb_section fb_built=&#8221;1&#8243; _builder_version=&#8221;4.27.4&#8243; _module_preset=&#8221;default&#8221; custom_padding=&#8221;25px||27px|||&#8221; locked=&#8221;off&#8221; global_colors_info=&#8221;{}&#8221;][et_pb_row _builder_version=&#8221;4.27.4&#8243; _module_preset=&#8221;default&#8221; background_color=&#8221;#006351&#8243; global_colors_info=&#8221;{}&#8221;][et_pb_column type=&#8221;4_4&#8243; _builder_version=&#8221;4.27.4&#8243; _module_preset=&#8221;default&#8221; global_colors_info=&#8221;{}&#8221;][et_pb_heading title=&#8221;\u00c4hnliche Artikel&#8221; _builder_version=&#8221;4.27.4&#8243; _module_preset=&#8221;default&#8221; title_text_align=&#8221;center&#8221; title_text_color=&#8221;#FFFFFF&#8221; title_font_size=&#8221;35px&#8221; background_enable_color=&#8221;off&#8221; global_colors_info=&#8221;{}&#8221;][\/et_pb_heading][\/et_pb_column][\/et_pb_row][\/et_pb_section][et_pb_section fb_built=&#8221;1&#8243; _builder_version=&#8221;4.27.4&#8243; _module_preset=&#8221;default&#8221; global_colors_info=&#8221;{}&#8221;][et_pb_row _builder_version=&#8221;4.27.4&#8243; _module_preset=&#8221;default&#8221; global_colors_info=&#8221;{}&#8221;][et_pb_column type=&#8221;4_4&#8243; _builder_version=&#8221;4.27.4&#8243; _module_preset=&#8221;default&#8221; global_colors_info=&#8221;{}&#8221;][et_pb_blog fullwidth=&#8221;off&#8221; include_categories=&#8221;264&#8243; show_author=&#8221;off&#8221; show_date=&#8221;off&#8221; _builder_version=&#8221;4.27.4&#8243; _module_preset=&#8221;default&#8221; global_colors_info=&#8221;{}&#8221;][\/et_pb_blog][\/et_pb_column][\/et_pb_row][\/et_pb_section]<\/p>\n","protected":false},"excerpt":{"rendered":"<p><div class=\"et_pb_module lwp_divi_breadcrumbs lwp_divi_breadcrumbs_0\">\n\t\t\t\t\n\t\t\t\t\n\t\t\t\t\n\t\t\t\t\n\t\t\t\t\n\t\t\t\t\n\t\t\t\t<div class=\"et_pb_module_inner\">\n\t\t\t\t\t<div class=\"lwp-breadcrumbs\"> <span class=\"before\"><\/span> <span vocab=\"https:\/\/schema.org\/\" typeof=\"BreadcrumbList\"><span property=\"itemListElement\" typeof=\"ListItem\"><a property=\"item\" typeof=\"WebPage\" href=\"https:\/\/colombiamyway.com\/de\/\" class=\"home\"><span property=\"name\">Home<\/span><\/a><meta property=\"position\" content=\"1\"><\/span> <span class=\"separator et-pb-icon\">&#x39;<\/span> <\/span><\/div>\n\t\t\t\t<\/div>\n\t\t\t<\/div>\u00dcbersichtBogot\u00e1 ist der Ausgangspunkt f\u00fcr die meisten Reisenden, die Kolumbien besuchen. Der Flughafen El Dorado, 15 km von der Hauptstadt Bogot\u00e1 entfernt, gilt als das Tor zu Kolumbien und S\u00fcdamerika. Da Sie wahrscheinlich auch den Flughafen El Dorado besuchen werden, sollten Sie sich diesen Artikel mit praktischen Informationen zur Ankunft und Abreise [&hellip;]<\/p>\n","protected":false},"author":1,"featured_media":0,"parent":0,"menu_order":0,"comment_status":"closed","ping_status":"closed","template":"","meta":{"nf_dc_page":"","_et_pb_use_builder":"on","_et_pb_old_content":"","_et_gb_content_width":"","footnotes":""},"class_list":["post-261852","page","type-page","status-publish","hentry"],"yoast_head":"<!-- This site is optimized with the Yoast SEO plugin v27.3 - https:\/\/yoast.com\/product\/yoast-seo-wordpress\/ -->\n<title>Bogot\u00e1 und Nord-Bogot\u00e1 - Colombia My Way<\/title>\n<meta name=\"description\" content=\"Entdecken Sie Bogot\u00e1 und den Norden Bogot\u00e1s mit uns. Planen Sie Ihre Reise, entdecken Sie die besten Unternehmungen und buchen Sie hier Ihre Unterkunft.\" \/>\n<meta name=\"robots\" content=\"index, follow, max-snippet:-1, max-image-preview:large, max-video-preview:-1\" \/>\n<link rel=\"canonical\" href=\"https:\/\/colombiamyway.com\/de\/bogota-und-nord-bogota\/\" \/>\n<meta property=\"og:locale\" content=\"de_DE\" \/>\n<meta property=\"og:type\" content=\"article\" \/>\n<meta property=\"og:title\" content=\"Bogot\u00e1 und Nord-Bogot\u00e1 - Colombia My Way\" \/>\n<meta property=\"og:description\" content=\"Entdecken Sie Bogot\u00e1 und den Norden Bogot\u00e1s mit uns. Planen Sie Ihre Reise, entdecken Sie die besten Unternehmungen und buchen Sie hier Ihre Unterkunft.\" \/>\n<meta property=\"og:url\" content=\"https:\/\/colombiamyway.com\/de\/bogota-und-nord-bogota\/\" \/>\n<meta property=\"og:site_name\" content=\"Colombia My Way\" \/>\n<meta property=\"article:publisher\" content=\"https:\/\/www.facebook.com\/profile.php?id=61571407164514\" \/>\n<meta property=\"article:modified_time\" content=\"2025-09-06T18:05:30+00:00\" \/>\n<meta name=\"twitter:card\" content=\"summary_large_image\" \/>\n<meta name=\"twitter:label1\" content=\"Gesch\u00e4tzte Lesezeit\" \/>\n\t<meta name=\"twitter:data1\" content=\"4\u00a0Minuten\" \/>\n<script type=\"application\/ld+json\" class=\"yoast-schema-graph\">{\"@context\":\"https:\\\/\\\/schema.org\",\"@graph\":[{\"@type\":\"WebPage\",\"@id\":\"https:\\\/\\\/colombiamyway.com\\\/de\\\/bogota-und-nord-bogota\\\/\",\"url\":\"https:\\\/\\\/colombiamyway.com\\\/de\\\/bogota-und-nord-bogota\\\/\",\"name\":\"Bogot\u00e1 und Nord-Bogot\u00e1 - Colombia My Way\",\"isPartOf\":{\"@id\":\"https:\\\/\\\/colombiamyway.com\\\/de\\\/#website\"},\"datePublished\":\"2021-01-10T00:45:56+00:00\",\"dateModified\":\"2025-09-06T18:05:30+00:00\",\"description\":\"Entdecken Sie Bogot\u00e1 und den Norden Bogot\u00e1s mit uns. Planen Sie Ihre Reise, entdecken Sie die besten Unternehmungen und buchen Sie hier Ihre Unterkunft.\",\"breadcrumb\":{\"@id\":\"https:\\\/\\\/colombiamyway.com\\\/de\\\/bogota-und-nord-bogota\\\/#breadcrumb\"},\"inLanguage\":\"de\",\"potentialAction\":[{\"@type\":\"ReadAction\",\"target\":[\"https:\\\/\\\/colombiamyway.com\\\/de\\\/bogota-und-nord-bogota\\\/\"]}]},{\"@type\":\"BreadcrumbList\",\"@id\":\"https:\\\/\\\/colombiamyway.com\\\/de\\\/bogota-und-nord-bogota\\\/#breadcrumb\",\"itemListElement\":[{\"@type\":\"ListItem\",\"position\":1,\"name\":\"Home\",\"item\":\"https:\\\/\\\/colombiamyway.com\\\/de\\\/startseite\\\/\"},{\"@type\":\"ListItem\",\"position\":2,\"name\":\"Bogot\u00e1 und Nord-Bogot\u00e1\"}]},{\"@type\":\"WebSite\",\"@id\":\"https:\\\/\\\/colombiamyway.com\\\/de\\\/#website\",\"url\":\"https:\\\/\\\/colombiamyway.com\\\/de\\\/\",\"name\":\"Colombia My Way\",\"description\":\"The Guide for the Independent Traveler\",\"publisher\":{\"@id\":\"https:\\\/\\\/colombiamyway.com\\\/de\\\/#organization\"},\"potentialAction\":[{\"@type\":\"SearchAction\",\"target\":{\"@type\":\"EntryPoint\",\"urlTemplate\":\"https:\\\/\\\/colombiamyway.com\\\/de\\\/?s={search_term_string}\"},\"query-input\":{\"@type\":\"PropertyValueSpecification\",\"valueRequired\":true,\"valueName\":\"search_term_string\"}}],\"inLanguage\":\"de\"},{\"@type\":\"Organization\",\"@id\":\"https:\\\/\\\/colombiamyway.com\\\/de\\\/#organization\",\"name\":\"Colombia My Way\",\"url\":\"https:\\\/\\\/colombiamyway.com\\\/de\\\/\",\"logo\":{\"@type\":\"ImageObject\",\"inLanguage\":\"de\",\"@id\":\"https:\\\/\\\/colombiamyway.com\\\/de\\\/#\\\/schema\\\/logo\\\/image\\\/\",\"url\":\"https:\\\/\\\/i0.wp.com\\\/colombiamyway.com\\\/wp-content\\\/uploads\\\/2024\\\/12\\\/Green-Modern-and-Minimalistic-Travel-Typography-Logo-2.png?fit=500%2C500&ssl=1\",\"contentUrl\":\"https:\\\/\\\/i0.wp.com\\\/colombiamyway.com\\\/wp-content\\\/uploads\\\/2024\\\/12\\\/Green-Modern-and-Minimalistic-Travel-Typography-Logo-2.png?fit=500%2C500&ssl=1\",\"width\":500,\"height\":500,\"caption\":\"Colombia My Way\"},\"image\":{\"@id\":\"https:\\\/\\\/colombiamyway.com\\\/de\\\/#\\\/schema\\\/logo\\\/image\\\/\"},\"sameAs\":[\"https:\\\/\\\/www.facebook.com\\\/profile.php?id=61571407164514\"]}]}<\/script>\n<!-- \/ Yoast SEO plugin. -->","yoast_head_json":{"title":"Bogot\u00e1 und Nord-Bogot\u00e1 - Colombia My Way","description":"Entdecken Sie Bogot\u00e1 und den Norden Bogot\u00e1s mit uns. Planen Sie Ihre Reise, entdecken Sie die besten Unternehmungen und buchen Sie hier Ihre Unterkunft.","robots":{"index":"index","follow":"follow","max-snippet":"max-snippet:-1","max-image-preview":"max-image-preview:large","max-video-preview":"max-video-preview:-1"},"canonical":"https:\/\/colombiamyway.com\/de\/bogota-und-nord-bogota\/","og_locale":"de_DE","og_type":"article","og_title":"Bogot\u00e1 und Nord-Bogot\u00e1 - Colombia My Way","og_description":"Entdecken Sie Bogot\u00e1 und den Norden Bogot\u00e1s mit uns. Planen Sie Ihre Reise, entdecken Sie die besten Unternehmungen und buchen Sie hier Ihre Unterkunft.","og_url":"https:\/\/colombiamyway.com\/de\/bogota-und-nord-bogota\/","og_site_name":"Colombia My Way","article_publisher":"https:\/\/www.facebook.com\/profile.php?id=61571407164514","article_modified_time":"2025-09-06T18:05:30+00:00","twitter_card":"summary_large_image","twitter_misc":{"Gesch\u00e4tzte Lesezeit":"4\u00a0Minuten"},"schema":{"@context":"https:\/\/schema.org","@graph":[{"@type":"WebPage","@id":"https:\/\/colombiamyway.com\/de\/bogota-und-nord-bogota\/","url":"https:\/\/colombiamyway.com\/de\/bogota-und-nord-bogota\/","name":"Bogot\u00e1 und Nord-Bogot\u00e1 - Colombia My Way","isPartOf":{"@id":"https:\/\/colombiamyway.com\/de\/#website"},"datePublished":"2021-01-10T00:45:56+00:00","dateModified":"2025-09-06T18:05:30+00:00","description":"Entdecken Sie Bogot\u00e1 und den Norden Bogot\u00e1s mit uns. Planen Sie Ihre Reise, entdecken Sie die besten Unternehmungen und buchen Sie hier Ihre Unterkunft.","breadcrumb":{"@id":"https:\/\/colombiamyway.com\/de\/bogota-und-nord-bogota\/#breadcrumb"},"inLanguage":"de","potentialAction":[{"@type":"ReadAction","target":["https:\/\/colombiamyway.com\/de\/bogota-und-nord-bogota\/"]}]},{"@type":"BreadcrumbList","@id":"https:\/\/colombiamyway.com\/de\/bogota-und-nord-bogota\/#breadcrumb","itemListElement":[{"@type":"ListItem","position":1,"name":"Home","item":"https:\/\/colombiamyway.com\/de\/startseite\/"},{"@type":"ListItem","position":2,"name":"Bogot\u00e1 und Nord-Bogot\u00e1"}]},{"@type":"WebSite","@id":"https:\/\/colombiamyway.com\/de\/#website","url":"https:\/\/colombiamyway.com\/de\/","name":"Colombia My Way","description":"The Guide for the Independent Traveler","publisher":{"@id":"https:\/\/colombiamyway.com\/de\/#organization"},"potentialAction":[{"@type":"SearchAction","target":{"@type":"EntryPoint","urlTemplate":"https:\/\/colombiamyway.com\/de\/?s={search_term_string}"},"query-input":{"@type":"PropertyValueSpecification","valueRequired":true,"valueName":"search_term_string"}}],"inLanguage":"de"},{"@type":"Organization","@id":"https:\/\/colombiamyway.com\/de\/#organization","name":"Colombia My Way","url":"https:\/\/colombiamyway.com\/de\/","logo":{"@type":"ImageObject","inLanguage":"de","@id":"https:\/\/colombiamyway.com\/de\/#\/schema\/logo\/image\/","url":"https:\/\/i0.wp.com\/colombiamyway.com\/wp-content\/uploads\/2024\/12\/Green-Modern-and-Minimalistic-Travel-Typography-Logo-2.png?fit=500%2C500&ssl=1","contentUrl":"https:\/\/i0.wp.com\/colombiamyway.com\/wp-content\/uploads\/2024\/12\/Green-Modern-and-Minimalistic-Travel-Typography-Logo-2.png?fit=500%2C500&ssl=1","width":500,"height":500,"caption":"Colombia My Way"},"image":{"@id":"https:\/\/colombiamyway.com\/de\/#\/schema\/logo\/image\/"},"sameAs":["https:\/\/www.facebook.com\/profile.php?id=61571407164514"]}]}},"_links":{"self":[{"href":"https:\/\/colombiamyway.com\/de\/wp-json\/wp\/v2\/pages\/261852","targetHints":{"allow":["GET"]}}],"collection":[{"href":"https:\/\/colombiamyway.com\/de\/wp-json\/wp\/v2\/pages"}],"about":[{"href":"https:\/\/colombiamyway.com\/de\/wp-json\/wp\/v2\/types\/page"}],"author":[{"embeddable":true,"href":"https:\/\/colombiamyway.com\/de\/wp-json\/wp\/v2\/users\/1"}],"replies":[{"embeddable":true,"href":"https:\/\/colombiamyway.com\/de\/wp-json\/wp\/v2\/comments?post=261852"}],"version-history":[{"count":18,"href":"https:\/\/colombiamyway.com\/de\/wp-json\/wp\/v2\/pages\/261852\/revisions"}],"predecessor-version":[{"id":268937,"href":"https:\/\/colombiamyway.com\/de\/wp-json\/wp\/v2\/pages\/261852\/revisions\/268937"}],"wp:attachment":[{"href":"https:\/\/colombiamyway.com\/de\/wp-json\/wp\/v2\/media?parent=261852"}],"curies":[{"name":"wp","href":"https:\/\/api.w.org\/{rel}","templated":true}]}}