{"id":262840,"date":"2021-10-20T17:35:32","date_gmt":"2021-10-20T21:35:32","guid":{"rendered":"https:\/\/colombiamyway.com\/top-5-kolumbien-2\/"},"modified":"2025-09-06T13:56:55","modified_gmt":"2025-09-06T17:56:55","slug":"top-5-kolumbien","status":"publish","type":"page","link":"https:\/\/colombiamyway.com\/de\/top-5-kolumbien\/","title":{"rendered":"Top 5 Kolumbien"},"content":{"rendered":"<p>[et_pb_section fb_built=&#8221;1&#8243; fullwidth=&#8221;on&#8221; custom_padding_last_edited=&#8221;on|tablet&#8221; admin_label=&#8221;Header&#8221; _builder_version=&#8221;4.27.4&#8243; background_enable_color=&#8221;off&#8221; background_image=&#8221;https:\/\/naarcolombia.com\/wp-content\/uploads\/2021\/10\/hat-colombia.jpg&#8221; custom_margin=&#8221;-85px||||false|false&#8221; custom_padding=&#8221;300px||250px||false|false&#8221; custom_padding_tablet=&#8221;150px||150px||false|false&#8221; custom_padding_phone=&#8221;150px||150px||false|false&#8221; bottom_divider_style=&#8221;wave&#8221; bottom_divider_color=&#8221;#EABB3F&#8221; bottom_divider_height=&#8221;20px&#8221; bottom_divider_height_last_edited=&#8221;off|desktop&#8221; locked=&#8221;off&#8221; global_colors_info=&#8221;{}&#8221;][\/et_pb_section][et_pb_section fb_built=&#8221;1&#8243; admin_label=&#8221;Gallery&#8221; _builder_version=&#8221;4.27.4&#8243; background_color=&#8221;#1b4242&#8243; custom_margin=&#8221;|0px||0px|false|false&#8221; custom_padding=&#8221;0px||0px|&#8221; top_divider_height=&#8221;18px&#8221; bottom_divider_color=&#8221;#0c71c3&#8243; bottom_divider_height=&#8221;24px&#8221; locked=&#8221;off&#8221; global_colors_info=&#8221;{}&#8221;][et_pb_row _builder_version=&#8221;4.16&#8243; module_alignment=&#8221;center&#8221; custom_padding=&#8221;22px|35px|22px|||&#8221; locked=&#8221;off&#8221; global_colors_info=&#8221;{}&#8221;][et_pb_column type=&#8221;4_4&#8243; _builder_version=&#8221;4.16&#8243; custom_padding=&#8221;|||&#8221; global_colors_info=&#8221;{}&#8221; custom_padding__hover=&#8221;|||&#8221;][et_pb_text admin_label=&#8221;Discover Beatuty Title&#8221; _builder_version=&#8221;4.16&#8243; text_font=&#8221;||||&#8221; text_text_color=&#8221;#1a1a1a&#8221; header_font=&#8221;|700|||||||&#8221; header_text_align=&#8221;center&#8221; header_text_color=&#8221;#ffffff&#8221; header_font_size=&#8221;55px&#8221; header_letter_spacing=&#8221;1px&#8221; header_line_height=&#8221;1.2em&#8221; custom_padding=&#8221;11px|||2px|false|false&#8221; animation_style=&#8221;slide&#8221; animation_direction=&#8221;%22fade_in%22&#8243; animation_duration=&#8221;500ms&#8221; animation_intensity_slide=&#8221;10%&#8221; header_font_size_tablet=&#8221;35px&#8221; header_font_size_phone=&#8221;&#8221; header_font_size_last_edited=&#8221;on|desktop&#8221; global_colors_info=&#8221;{}&#8221;]<\/p>\n<h1 style=\"text-align: center;\">Top 5 Kolumbien<\/h1>\n<p>[\/et_pb_text][\/et_pb_column][\/et_pb_row][\/et_pb_section][et_pb_section fb_built=&#8221;1&#8243; admin_label=&#8221;Maintenance&#8221; _builder_version=&#8221;4.27.4&#8243; min_height=&#8221;1064px&#8221; custom_margin=&#8221;0px|0%|0px|0%|false|true&#8221; custom_margin_tablet=&#8221;|0%|0%|0%||true&#8221; custom_margin_phone=&#8221;&#8221; custom_margin_last_edited=&#8221;on|desktop&#8221; custom_padding=&#8221;63px||30px||false|false&#8221; border_color_all=&#8221;#ffd07e&#8221; border_width_right=&#8221;3vw&#8221; border_color_right=&#8221;rgba(0,0,0,0)&#8221; border_color_left=&#8221;#EABB3F&#8221; locked=&#8221;off&#8221; global_colors_info=&#8221;{}&#8221;][et_pb_row _builder_version=&#8221;4.16&#8243; background_color=&#8221;#f5f5f5&#8243; width=&#8221;90%&#8221; module_alignment=&#8221;center&#8221; min_height=&#8221;174px&#8221; custom_margin=&#8221;36px|100px|50px|20px|false|false&#8221; custom_padding=&#8221;56px|35px|17px|0px|false|false&#8221; box_shadow_style=&#8221;preset2&#8243; locked=&#8221;off&#8221; global_colors_info=&#8221;{}&#8221;][et_pb_column type=&#8221;4_4&#8243; _builder_version=&#8221;4.16&#8243; global_colors_info=&#8221;{}&#8221;][et_pb_text _builder_version=&#8221;4.27.4&#8243; _module_preset=&#8221;default&#8221; custom_padding=&#8221;|||35px||&#8221; global_colors_info=&#8221;{}&#8221;]<\/p>\n<p>Hier k\u00f6nnen Sie alles \u00fcber das Beste in Kolumbien lesen: unsere Top 5 Kolumbien; unsere handverlesenen Favoriten f\u00fcr das Beste, was Kolumbien zu bieten hat. Die <a href=\"https:\/\/naarcolombia.com\/top-5\/top-5-stranden\/\" target=\"_blank\" rel=\"noopener\"><strong>sch\u00f6nsten Str\u00e4nde<\/strong><\/a> und <a href=\"https:\/\/naarcolombia.com\/top-5\/top-5-nationale-parken\/\" target=\"_blank\" rel=\"noopener\"><strong>Nationalparks,<\/strong><\/a> <a href=\"https:\/\/naarcolombia.com\/top-5\/top-5-duiken-colombia\/\" target=\"_blank\" rel=\"noopener\"><strong>die besten Tauchpl\u00e4tze in Kolumbien <\/strong><\/a>und die leckersten <a href=\"https:\/\/naarcolombia.com\/top-5\/street-food\/\" target=\"_blank\" rel=\"noopener\"><strong>Stra\u00dfenessen<\/strong><\/a> und <a href=\"https:\/\/naarcolombia.com\/top-5\/top-5-comfort-food\/\" target=\"_blank\" rel=\"noopener\"><strong>Komfort Essen<\/strong><\/a> Dies und mehr k\u00f6nnen Sie in unseren Top 5 Kolumbien lesen. <\/p>\n<p>[\/et_pb_text][\/et_pb_column][\/et_pb_row][et_pb_row column_structure=&#8221;1_2,1_2&#8243; _builder_version=&#8221;4.16&#8243; _module_preset=&#8221;default&#8221; global_colors_info=&#8221;{}&#8221;][et_pb_column type=&#8221;1_2&#8243; _builder_version=&#8221;4.16&#8243; _module_preset=&#8221;default&#8221; global_colors_info=&#8221;{}&#8221;][et_pb_blurb title=&#8221;Top 5 Nationalparks&#8221; url=&#8221;https:\/\/colombiamyway.com\/de\/top-5-nationalparks\/&#8221; url_new_window=&#8221;on&#8221; image=&#8221;https:\/\/naarcolombia.com\/wp-content\/uploads\/2020\/07\/los-Nevados-Nationaal-park_koffiedriehoek_Colombia.jpg-2.jpg&#8221; _builder_version=&#8221;4.27.4&#8243; _module_preset=&#8221;default&#8221; header_line_height=&#8221;1.2em&#8221; custom_padding=&#8221;35px|35px||35px||&#8221; link_option_url=&#8221;https:\/\/colombiamyway.com\/de\/top-5-nationalparks\/&#8221; link_option_url_new_window=&#8221;on&#8221; box_shadow_style=&#8221;preset1&#8243; global_colors_info=&#8221;{}&#8221;][\/et_pb_blurb][\/et_pb_column][et_pb_column type=&#8221;1_2&#8243; _builder_version=&#8221;4.16&#8243; _module_preset=&#8221;default&#8221; global_colors_info=&#8221;{}&#8221;][et_pb_blurb title=&#8221;Top 5 Str\u00e4nde&#8221; url=&#8221;https:\/\/colombiamyway.com\/de\/top-5-der-schoensten-straende-in-kolumbien-2\/&#8221; url_new_window=&#8221;on&#8221; image=&#8221;https:\/\/naarcolombia.com\/wp-content\/uploads\/2020\/09\/Manacheel-beach_Providencia_guillermo-bresciano-x_OhIZePZa4-unsplash.jpg&#8221; _builder_version=&#8221;4.27.4&#8243; _module_preset=&#8221;default&#8221; header_line_height=&#8221;1.2em&#8221; custom_padding=&#8221;35px|35px||35px||&#8221; link_option_url=&#8221;https:\/\/colombiamyway.com\/de\/top-5-der-schoensten-straende-in-kolumbien-2\/&#8221; link_option_url_new_window=&#8221;on&#8221; box_shadow_style=&#8221;preset1&#8243; global_colors_info=&#8221;{}&#8221;][\/et_pb_blurb][\/et_pb_column][\/et_pb_row][et_pb_row column_structure=&#8221;1_2,1_2&#8243; _builder_version=&#8221;4.16&#8243; _module_preset=&#8221;default&#8221; custom_margin=&#8221;35px|auto||auto||&#8221; global_colors_info=&#8221;{}&#8221;][et_pb_column type=&#8221;1_2&#8243; _builder_version=&#8221;4.16&#8243; _module_preset=&#8221;default&#8221; global_colors_info=&#8221;{}&#8221;][et_pb_blurb title=&#8221;Top-5-Tauchpl\u00e4tze&#8221; url=&#8221;https:\/\/colombiamyway.com\/de\/top-5-tauchen-kolumbien\/&#8221; url_new_window=&#8221;on&#8221; image=&#8221;https:\/\/naarcolombia.com\/wp-content\/uploads\/2021\/10\/scuba-diving.jpg&#8221; _builder_version=&#8221;4.27.4&#8243; _module_preset=&#8221;default&#8221; header_line_height=&#8221;1.2em&#8221; custom_margin=&#8221;5px||||false|false&#8221; custom_padding=&#8221;35px|35px|35px|35px|false|false&#8221; link_option_url=&#8221;https:\/\/colombiamyway.com\/de\/top-5-tauchen-kolumbien\/&#8221; link_option_url_new_window=&#8221;on&#8221; box_shadow_style=&#8221;preset1&#8243; global_colors_info=&#8221;{}&#8221;][\/et_pb_blurb][\/et_pb_column][et_pb_column type=&#8221;1_2&#8243; _builder_version=&#8221;4.16&#8243; _module_preset=&#8221;default&#8221; global_colors_info=&#8221;{}&#8221;][et_pb_blurb title=&#8221;Die 5 wichtigsten Fakten \u00fcber kolumbianischen Kaffee&#8221; url=&#8221;https:\/\/colombiamyway.com\/de\/die-5-wichtigsten-fakten-ueber-kolumbianischen-kaffee\/&#8221; url_new_window=&#8221;on&#8221; image=&#8221;https:\/\/naarcolombia.com\/wp-content\/uploads\/2021\/04\/koffietour_Hacienda-Combia_Calarca_Colombia.jpg&#8221; _builder_version=&#8221;4.27.4&#8243; _module_preset=&#8221;default&#8221; header_line_height=&#8221;1.2em&#8221; custom_margin=&#8221;10px||||false|false&#8221; custom_padding=&#8221;35px|35px|35px|35px|false|false&#8221; link_option_url_new_window=&#8221;on&#8221; box_shadow_style=&#8221;preset1&#8243; global_colors_info=&#8221;{}&#8221;][\/et_pb_blurb][\/et_pb_column][\/et_pb_row][et_pb_row column_structure=&#8221;1_2,1_2&#8243; _builder_version=&#8221;4.16&#8243; _module_preset=&#8221;default&#8221; custom_margin=&#8221;35px|auto||auto||&#8221; global_colors_info=&#8221;{}&#8221;][et_pb_column type=&#8221;1_2&#8243; _builder_version=&#8221;4.16&#8243; _module_preset=&#8221;default&#8221; global_colors_info=&#8221;{}&#8221;][et_pb_blurb title=&#8221;Top 5 Stra\u00dfenessen&#8221; url=&#8221;https:\/\/colombiamyway.com\/de\/strassenessen\/&#8221; url_new_window=&#8221;on&#8221; image=&#8221;https:\/\/naarcolombia.com\/wp-content\/uploads\/2020\/08\/Streetfood-Cartagena_IMG_450_450.jpg&#8221; _builder_version=&#8221;4.27.4&#8243; _module_preset=&#8221;default&#8221; header_line_height=&#8221;1.2em&#8221; custom_padding=&#8221;35px|35px|35px|35px|false|false&#8221; link_option_url=&#8221;https:\/\/colombiamyway.com\/de\/strassenessen\/&#8221; link_option_url_new_window=&#8221;on&#8221; box_shadow_style=&#8221;preset1&#8243; global_colors_info=&#8221;{}&#8221;][\/et_pb_blurb][\/et_pb_column][et_pb_column type=&#8221;1_2&#8243; _builder_version=&#8221;4.16&#8243; _module_preset=&#8221;default&#8221; global_colors_info=&#8221;{}&#8221;][et_pb_blurb title=&#8221;5 Top-Tipps zum Geld sparen&#8221; url=&#8221;https:\/\/colombiamyway.com\/de\/top-5-tipps-zum-geld-sparen\/&#8221; url_new_window=&#8221;on&#8221; image=&#8221;https:\/\/naarcolombia.com\/wp-content\/uploads\/2021\/04\/5-tips-om-geld-te-besparen_lunch_Colombia.jpg&#8221; _builder_version=&#8221;4.27.4&#8243; _module_preset=&#8221;default&#8221; header_line_height=&#8221;1.2em&#8221; custom_margin=&#8221;||||false|false&#8221; custom_padding=&#8221;35px|35px|35px|35px|false|false&#8221; link_option_url_new_window=&#8221;on&#8221; box_shadow_style=&#8221;preset1&#8243; global_colors_info=&#8221;{}&#8221;][\/et_pb_blurb][\/et_pb_column][\/et_pb_row][et_pb_row column_structure=&#8221;1_2,1_2&#8243; _builder_version=&#8221;4.16&#8243; _module_preset=&#8221;default&#8221; custom_margin=&#8221;35px|auto||auto||&#8221; global_colors_info=&#8221;{}&#8221;][et_pb_column type=&#8221;1_2&#8243; _builder_version=&#8221;4.16&#8243; _module_preset=&#8221;default&#8221; global_colors_info=&#8221;{}&#8221;][et_pb_blurb title=&#8221;Top 5 typisch kolumbianisch&#8221; url=&#8221;https:\/\/colombiamyway.com\/de\/top-5-typisch-kolumbianisch\/&#8221; url_new_window=&#8221;on&#8221; image=&#8221;https:\/\/naarcolombia.com\/wp-content\/uploads\/2021\/10\/gastronomy-colombia.jpg&#8221; _builder_version=&#8221;4.27.4&#8243; _module_preset=&#8221;default&#8221; header_line_height=&#8221;1.2em&#8221; custom_padding=&#8221;35px|35px|35px|35px|false|false&#8221; link_option_url_new_window=&#8221;on&#8221; box_shadow_style=&#8221;preset1&#8243; global_colors_info=&#8221;{}&#8221;][\/et_pb_blurb][\/et_pb_column][et_pb_column type=&#8221;1_2&#8243; _builder_version=&#8221;4.16&#8243; _module_preset=&#8221;default&#8221; global_colors_info=&#8221;{}&#8221;][et_pb_blurb title=&#8221;Top 5 Komfort Essen&#8221; url=&#8221;https:\/\/colombiamyway.com\/de\/top-5-trostessen\/&#8221; url_new_window=&#8221;on&#8221; image=&#8221;https:\/\/naarcolombia.com\/wp-content\/uploads\/2021\/04\/hambuergesa_Bogota\u0301_TOP-5-Comfort-food.jpg&#8221; _builder_version=&#8221;4.27.4&#8243; _module_preset=&#8221;default&#8221; header_line_height=&#8221;1.2em&#8221; custom_margin=&#8221;||||false|false&#8221; custom_padding=&#8221;35px|35px|35px|35px|false|false&#8221; link_option_url=&#8221;https:\/\/colombiamyway.com\/de\/top-5-trostessen\/&#8221; link_option_url_new_window=&#8221;on&#8221; box_shadow_style=&#8221;preset1&#8243; global_colors_info=&#8221;{}&#8221;][\/et_pb_blurb][\/et_pb_column][\/et_pb_row][et_pb_row _builder_version=&#8221;4.16&#8243; background_color=&#8221;#f5f5f5&#8243; width=&#8221;90%&#8221; module_alignment=&#8221;center&#8221; custom_margin=&#8221;36px|100px|0px|20px|false|false&#8221; custom_padding=&#8221;56px|35px|49px|0px|false|false&#8221; box_shadow_style=&#8221;preset2&#8243; locked=&#8221;off&#8221; global_colors_info=&#8221;{}&#8221;][et_pb_column type=&#8221;4_4&#8243; _builder_version=&#8221;4.16&#8243; global_colors_info=&#8221;{}&#8221;][et_pb_text _builder_version=&#8221;4.27.4&#8243; _module_preset=&#8221;default&#8221; custom_padding=&#8221;|||35px||&#8221; global_colors_info=&#8221;{}&#8221;]<\/p>\n<p><a href=\"https:\/\/naarcolombia.com\/\" target=\"_blank\" rel=\"noopener\"><strong>Hier<\/strong> <\/a>finden Sie praktische Informationen \u00fcber Kolumbien sowie Reisef\u00fchrer f\u00fcr beliebte Reiseziele und Orte abseits der Touristenpfade. Pr\u00fcfen Sie unsere <a href=\"https:\/\/naarcolombia.com\/home\/reisroutes-colombia\/\" target=\"_blank\" rel=\"noopener\"><strong>Reiserouten<\/strong><\/a> und <a href=\"https:\/\/naarcolombia.com\/reisverhalen\/\" target=\"_blank\" rel=\"noopener\"><strong>Reiseberichte<\/strong><\/a> als Inspiration f\u00fcr Ihre Rundreise durch Kolumbien. <\/p>\n<p>[\/et_pb_text][\/et_pb_column][\/et_pb_row][\/et_pb_section]<\/p>\n","protected":false},"excerpt":{"rendered":"<p>Top 5 KolumbienHier k\u00f6nnen Sie alles \u00fcber das Beste in Kolumbien lesen: unsere Top 5 Kolumbien; unsere handverlesenen Favoriten f\u00fcr das Beste, was Kolumbien zu bieten hat. Die sch\u00f6nsten Str\u00e4nde und Nationalparks, die besten Tauchpl\u00e4tze in Kolumbien und die leckersten Stra\u00dfenessen und Komfort Essen Dies und mehr k\u00f6nnen Sie in unseren Top 5 Kolumbien lesen. [&hellip;]<\/p>\n","protected":false},"author":1,"featured_media":256481,"parent":0,"menu_order":0,"comment_status":"closed","ping_status":"closed","template":"","meta":{"nf_dc_page":"","_et_pb_use_builder":"on","_et_pb_old_content":"","_et_gb_content_width":"","footnotes":""},"class_list":["post-262840","page","type-page","status-publish","has-post-thumbnail","hentry"],"yoast_head":"<!-- This site is optimized with the Yoast SEO plugin v27.3 - https:\/\/yoast.com\/product\/yoast-seo-wordpress\/ -->\n<title>Das Beste aus Kolumbien: Unsere Top 5 - Colombia My Way<\/title>\n<meta name=\"description\" content=\"Hier k\u00f6nnen Sie alles \u00fcber das Beste in Kolumbien lesen. Unsere Top 5 f\u00fcr die besten Str\u00e4nde, Nationalparks, Tauchpl\u00e4tze, Street Food und mehr.\" \/>\n<meta name=\"robots\" content=\"index, follow, max-snippet:-1, max-image-preview:large, max-video-preview:-1\" \/>\n<link rel=\"canonical\" href=\"https:\/\/colombiamyway.com\/de\/top-5-kolumbien\/\" \/>\n<meta property=\"og:locale\" content=\"de_DE\" \/>\n<meta property=\"og:type\" content=\"article\" \/>\n<meta property=\"og:title\" content=\"Das Beste aus Kolumbien: Unsere Top 5 - Colombia My Way\" \/>\n<meta property=\"og:description\" content=\"Hier k\u00f6nnen Sie alles \u00fcber das Beste in Kolumbien lesen. Unsere Top 5 f\u00fcr die besten Str\u00e4nde, Nationalparks, Tauchpl\u00e4tze, Street Food und mehr.\" \/>\n<meta property=\"og:url\" content=\"https:\/\/colombiamyway.com\/de\/top-5-kolumbien\/\" \/>\n<meta property=\"og:site_name\" content=\"Colombia My Way\" \/>\n<meta property=\"article:publisher\" content=\"https:\/\/www.facebook.com\/profile.php?id=61571407164514\" \/>\n<meta property=\"article:modified_time\" content=\"2025-09-06T17:56:55+00:00\" \/>\n<meta property=\"og:image\" content=\"https:\/\/colombiamyway.com\/wp-content\/uploads\/2021\/04\/Top-5-Playa-Manzanilla_Providencia_Colombia-origineel-1.jpg\" \/>\n\t<meta property=\"og:image:width\" content=\"1024\" \/>\n\t<meta property=\"og:image:height\" content=\"768\" \/>\n\t<meta property=\"og:image:type\" content=\"image\/jpeg\" \/>\n<meta name=\"twitter:card\" content=\"summary_large_image\" \/>\n<meta name=\"twitter:label1\" content=\"Gesch\u00e4tzte Lesezeit\" \/>\n\t<meta name=\"twitter:data1\" content=\"6\u00a0Minuten\" \/>\n<script type=\"application\/ld+json\" class=\"yoast-schema-graph\">{\"@context\":\"https:\\\/\\\/schema.org\",\"@graph\":[{\"@type\":\"WebPage\",\"@id\":\"https:\\\/\\\/colombiamyway.com\\\/de\\\/top-5-kolumbien\\\/\",\"url\":\"https:\\\/\\\/colombiamyway.com\\\/de\\\/top-5-kolumbien\\\/\",\"name\":\"Das Beste aus Kolumbien: Unsere Top 5 - Colombia My Way\",\"isPartOf\":{\"@id\":\"https:\\\/\\\/colombiamyway.com\\\/de\\\/#website\"},\"primaryImageOfPage\":{\"@id\":\"https:\\\/\\\/colombiamyway.com\\\/de\\\/top-5-kolumbien\\\/#primaryimage\"},\"image\":{\"@id\":\"https:\\\/\\\/colombiamyway.com\\\/de\\\/top-5-kolumbien\\\/#primaryimage\"},\"thumbnailUrl\":\"https:\\\/\\\/colombiamyway.com\\\/wp-content\\\/uploads\\\/2021\\\/04\\\/Top-5-Playa-Manzanilla_Providencia_Colombia-origineel-1.jpg\",\"datePublished\":\"2021-10-20T21:35:32+00:00\",\"dateModified\":\"2025-09-06T17:56:55+00:00\",\"description\":\"Hier k\u00f6nnen Sie alles \u00fcber das Beste in Kolumbien lesen. Unsere Top 5 f\u00fcr die besten Str\u00e4nde, Nationalparks, Tauchpl\u00e4tze, Street Food und mehr.\",\"breadcrumb\":{\"@id\":\"https:\\\/\\\/colombiamyway.com\\\/de\\\/top-5-kolumbien\\\/#breadcrumb\"},\"inLanguage\":\"de\",\"potentialAction\":[{\"@type\":\"ReadAction\",\"target\":[\"https:\\\/\\\/colombiamyway.com\\\/de\\\/top-5-kolumbien\\\/\"]}]},{\"@type\":\"ImageObject\",\"inLanguage\":\"de\",\"@id\":\"https:\\\/\\\/colombiamyway.com\\\/de\\\/top-5-kolumbien\\\/#primaryimage\",\"url\":\"https:\\\/\\\/colombiamyway.com\\\/wp-content\\\/uploads\\\/2021\\\/04\\\/Top-5-Playa-Manzanilla_Providencia_Colombia-origineel-1.jpg\",\"contentUrl\":\"https:\\\/\\\/colombiamyway.com\\\/wp-content\\\/uploads\\\/2021\\\/04\\\/Top-5-Playa-Manzanilla_Providencia_Colombia-origineel-1.jpg\",\"width\":1024,\"height\":768},{\"@type\":\"BreadcrumbList\",\"@id\":\"https:\\\/\\\/colombiamyway.com\\\/de\\\/top-5-kolumbien\\\/#breadcrumb\",\"itemListElement\":[{\"@type\":\"ListItem\",\"position\":1,\"name\":\"Home\",\"item\":\"https:\\\/\\\/colombiamyway.com\\\/de\\\/startseite\\\/\"},{\"@type\":\"ListItem\",\"position\":2,\"name\":\"Top 5 Kolumbien\"}]},{\"@type\":\"WebSite\",\"@id\":\"https:\\\/\\\/colombiamyway.com\\\/de\\\/#website\",\"url\":\"https:\\\/\\\/colombiamyway.com\\\/de\\\/\",\"name\":\"Colombia My Way\",\"description\":\"The Guide for the Independent Traveler\",\"publisher\":{\"@id\":\"https:\\\/\\\/colombiamyway.com\\\/de\\\/#organization\"},\"potentialAction\":[{\"@type\":\"SearchAction\",\"target\":{\"@type\":\"EntryPoint\",\"urlTemplate\":\"https:\\\/\\\/colombiamyway.com\\\/de\\\/?s={search_term_string}\"},\"query-input\":{\"@type\":\"PropertyValueSpecification\",\"valueRequired\":true,\"valueName\":\"search_term_string\"}}],\"inLanguage\":\"de\"},{\"@type\":\"Organization\",\"@id\":\"https:\\\/\\\/colombiamyway.com\\\/de\\\/#organization\",\"name\":\"Colombia My Way\",\"url\":\"https:\\\/\\\/colombiamyway.com\\\/de\\\/\",\"logo\":{\"@type\":\"ImageObject\",\"inLanguage\":\"de\",\"@id\":\"https:\\\/\\\/colombiamyway.com\\\/de\\\/#\\\/schema\\\/logo\\\/image\\\/\",\"url\":\"https:\\\/\\\/i0.wp.com\\\/colombiamyway.com\\\/wp-content\\\/uploads\\\/2024\\\/12\\\/Green-Modern-and-Minimalistic-Travel-Typography-Logo-2.png?fit=500%2C500&ssl=1\",\"contentUrl\":\"https:\\\/\\\/i0.wp.com\\\/colombiamyway.com\\\/wp-content\\\/uploads\\\/2024\\\/12\\\/Green-Modern-and-Minimalistic-Travel-Typography-Logo-2.png?fit=500%2C500&ssl=1\",\"width\":500,\"height\":500,\"caption\":\"Colombia My Way\"},\"image\":{\"@id\":\"https:\\\/\\\/colombiamyway.com\\\/de\\\/#\\\/schema\\\/logo\\\/image\\\/\"},\"sameAs\":[\"https:\\\/\\\/www.facebook.com\\\/profile.php?id=61571407164514\"]}]}<\/script>\n<!-- \/ Yoast SEO plugin. -->","yoast_head_json":{"title":"Das Beste aus Kolumbien: Unsere Top 5 - Colombia My Way","description":"Hier k\u00f6nnen Sie alles \u00fcber das Beste in Kolumbien lesen. Unsere Top 5 f\u00fcr die besten Str\u00e4nde, Nationalparks, Tauchpl\u00e4tze, Street Food und mehr.","robots":{"index":"index","follow":"follow","max-snippet":"max-snippet:-1","max-image-preview":"max-image-preview:large","max-video-preview":"max-video-preview:-1"},"canonical":"https:\/\/colombiamyway.com\/de\/top-5-kolumbien\/","og_locale":"de_DE","og_type":"article","og_title":"Das Beste aus Kolumbien: Unsere Top 5 - Colombia My Way","og_description":"Hier k\u00f6nnen Sie alles \u00fcber das Beste in Kolumbien lesen. Unsere Top 5 f\u00fcr die besten Str\u00e4nde, Nationalparks, Tauchpl\u00e4tze, Street Food und mehr.","og_url":"https:\/\/colombiamyway.com\/de\/top-5-kolumbien\/","og_site_name":"Colombia My Way","article_publisher":"https:\/\/www.facebook.com\/profile.php?id=61571407164514","article_modified_time":"2025-09-06T17:56:55+00:00","og_image":[{"width":1024,"height":768,"url":"https:\/\/colombiamyway.com\/wp-content\/uploads\/2021\/04\/Top-5-Playa-Manzanilla_Providencia_Colombia-origineel-1.jpg","type":"image\/jpeg"}],"twitter_card":"summary_large_image","twitter_misc":{"Gesch\u00e4tzte Lesezeit":"6\u00a0Minuten"},"schema":{"@context":"https:\/\/schema.org","@graph":[{"@type":"WebPage","@id":"https:\/\/colombiamyway.com\/de\/top-5-kolumbien\/","url":"https:\/\/colombiamyway.com\/de\/top-5-kolumbien\/","name":"Das Beste aus Kolumbien: Unsere Top 5 - Colombia My Way","isPartOf":{"@id":"https:\/\/colombiamyway.com\/de\/#website"},"primaryImageOfPage":{"@id":"https:\/\/colombiamyway.com\/de\/top-5-kolumbien\/#primaryimage"},"image":{"@id":"https:\/\/colombiamyway.com\/de\/top-5-kolumbien\/#primaryimage"},"thumbnailUrl":"https:\/\/colombiamyway.com\/wp-content\/uploads\/2021\/04\/Top-5-Playa-Manzanilla_Providencia_Colombia-origineel-1.jpg","datePublished":"2021-10-20T21:35:32+00:00","dateModified":"2025-09-06T17:56:55+00:00","description":"Hier k\u00f6nnen Sie alles \u00fcber das Beste in Kolumbien lesen. Unsere Top 5 f\u00fcr die besten Str\u00e4nde, Nationalparks, Tauchpl\u00e4tze, Street Food und mehr.","breadcrumb":{"@id":"https:\/\/colombiamyway.com\/de\/top-5-kolumbien\/#breadcrumb"},"inLanguage":"de","potentialAction":[{"@type":"ReadAction","target":["https:\/\/colombiamyway.com\/de\/top-5-kolumbien\/"]}]},{"@type":"ImageObject","inLanguage":"de","@id":"https:\/\/colombiamyway.com\/de\/top-5-kolumbien\/#primaryimage","url":"https:\/\/colombiamyway.com\/wp-content\/uploads\/2021\/04\/Top-5-Playa-Manzanilla_Providencia_Colombia-origineel-1.jpg","contentUrl":"https:\/\/colombiamyway.com\/wp-content\/uploads\/2021\/04\/Top-5-Playa-Manzanilla_Providencia_Colombia-origineel-1.jpg","width":1024,"height":768},{"@type":"BreadcrumbList","@id":"https:\/\/colombiamyway.com\/de\/top-5-kolumbien\/#breadcrumb","itemListElement":[{"@type":"ListItem","position":1,"name":"Home","item":"https:\/\/colombiamyway.com\/de\/startseite\/"},{"@type":"ListItem","position":2,"name":"Top 5 Kolumbien"}]},{"@type":"WebSite","@id":"https:\/\/colombiamyway.com\/de\/#website","url":"https:\/\/colombiamyway.com\/de\/","name":"Colombia My Way","description":"The Guide for the Independent Traveler","publisher":{"@id":"https:\/\/colombiamyway.com\/de\/#organization"},"potentialAction":[{"@type":"SearchAction","target":{"@type":"EntryPoint","urlTemplate":"https:\/\/colombiamyway.com\/de\/?s={search_term_string}"},"query-input":{"@type":"PropertyValueSpecification","valueRequired":true,"valueName":"search_term_string"}}],"inLanguage":"de"},{"@type":"Organization","@id":"https:\/\/colombiamyway.com\/de\/#organization","name":"Colombia My Way","url":"https:\/\/colombiamyway.com\/de\/","logo":{"@type":"ImageObject","inLanguage":"de","@id":"https:\/\/colombiamyway.com\/de\/#\/schema\/logo\/image\/","url":"https:\/\/i0.wp.com\/colombiamyway.com\/wp-content\/uploads\/2024\/12\/Green-Modern-and-Minimalistic-Travel-Typography-Logo-2.png?fit=500%2C500&ssl=1","contentUrl":"https:\/\/i0.wp.com\/colombiamyway.com\/wp-content\/uploads\/2024\/12\/Green-Modern-and-Minimalistic-Travel-Typography-Logo-2.png?fit=500%2C500&ssl=1","width":500,"height":500,"caption":"Colombia My Way"},"image":{"@id":"https:\/\/colombiamyway.com\/de\/#\/schema\/logo\/image\/"},"sameAs":["https:\/\/www.facebook.com\/profile.php?id=61571407164514"]}]}},"_links":{"self":[{"href":"https:\/\/colombiamyway.com\/de\/wp-json\/wp\/v2\/pages\/262840","targetHints":{"allow":["GET"]}}],"collection":[{"href":"https:\/\/colombiamyway.com\/de\/wp-json\/wp\/v2\/pages"}],"about":[{"href":"https:\/\/colombiamyway.com\/de\/wp-json\/wp\/v2\/types\/page"}],"author":[{"embeddable":true,"href":"https:\/\/colombiamyway.com\/de\/wp-json\/wp\/v2\/users\/1"}],"replies":[{"embeddable":true,"href":"https:\/\/colombiamyway.com\/de\/wp-json\/wp\/v2\/comments?post=262840"}],"version-history":[{"count":4,"href":"https:\/\/colombiamyway.com\/de\/wp-json\/wp\/v2\/pages\/262840\/revisions"}],"predecessor-version":[{"id":268868,"href":"https:\/\/colombiamyway.com\/de\/wp-json\/wp\/v2\/pages\/262840\/revisions\/268868"}],"wp:featuredmedia":[{"embeddable":true,"href":"https:\/\/colombiamyway.com\/de\/wp-json\/wp\/v2\/media\/256481"}],"wp:attachment":[{"href":"https:\/\/colombiamyway.com\/de\/wp-json\/wp\/v2\/media?parent=262840"}],"curies":[{"name":"wp","href":"https:\/\/api.w.org\/{rel}","templated":true}]}}