{"id":262878,"date":"2022-02-16T19:31:25","date_gmt":"2022-02-16T23:31:25","guid":{"rendered":"https:\/\/colombiamyway.com\/geldangelegenheiten-2\/"},"modified":"2025-06-24T19:26:07","modified_gmt":"2025-06-24T23:26:07","slug":"geldangelegenheiten-2","status":"publish","type":"page","link":"https:\/\/colombiamyway.com\/de\/geldangelegenheiten-2\/","title":{"rendered":"Geldangelegenheiten"},"content":{"rendered":"<p>[et_pb_section fb_built=&#8221;1&#8243; admin_label=&#8221;Maintenance&#8221; _builder_version=&#8221;4.27.4&#8243; custom_margin=&#8221;|0px||0px|false|true&#8221; custom_margin_tablet=&#8221;|0%|0%|0%||true&#8221; custom_margin_phone=&#8221;&#8221; custom_margin_last_edited=&#8221;on|desktop&#8221; custom_padding=&#8221;33px||39px|||&#8221; hover_enabled=&#8221;0&#8243; border_color_all=&#8221;#ffd07e&#8221; border_width_right=&#8221;0vw&#8221; border_color_right=&#8221;#21468B&#8221; border_color_left=&#8221;#EABB3F&#8221; locked=&#8221;off&#8221; global_colors_info=&#8221;{}&#8221; sticky_enabled=&#8221;0&#8243;][et_pb_row _builder_version=&#8221;4.16&#8243; min_height=&#8221;129px&#8221; custom_padding=&#8221;||0px|||&#8221; global_colors_info=&#8221;{}&#8221;][et_pb_column type=&#8221;4_4&#8243; _builder_version=&#8221;4.16&#8243; custom_padding=&#8221;|||&#8221; global_colors_info=&#8221;{}&#8221; custom_padding__hover=&#8221;|||&#8221;][et_pb_text module_id=&#8221;praktische-info-cartagena&#8221; _builder_version=&#8221;4.27.4&#8243; text_font=&#8221;||||||||&#8221; header_font=&#8221;||||||||&#8221; header_2_font=&#8221;Noto Sans|700|||||||&#8221; header_2_text_align=&#8221;left&#8221; header_2_text_color=&#8221;#ffffff&#8221; header_2_font_size=&#8221;48px&#8221; header_2_line_height=&#8221;1.2em&#8221; background_color=&#8221;#1b4242&#8243; text_orientation=&#8221;center&#8221; custom_margin=&#8221;||35px||false|false&#8221; custom_padding=&#8221;10px||10px||false|false&#8221; hover_enabled=&#8221;0&#8243; header_2_font_size_tablet=&#8221;&#8221; header_2_font_size_phone=&#8221;28px&#8221; header_2_font_size_last_edited=&#8221;on|desktop&#8221; header_2_text_shadow_style=&#8221;preset1&#8243; border_radii=&#8221;on|10px|10px|10px|10px&#8221; box_shadow_style=&#8221;preset1&#8243; global_colors_info=&#8221;{}&#8221; sticky_enabled=&#8221;0&#8243;]<\/p>\n<h2 style=\"text-align: center;\">Geldangelegenheiten<\/h2>\n<p>[\/et_pb_text][\/et_pb_column][\/et_pb_row][et_pb_row _builder_version=&#8221;4.16&#8243; _module_preset=&#8221;default&#8221; background_color=&#8221;#f5f5f5&#8243; locked=&#8221;off&#8221; global_colors_info=&#8221;{}&#8221;][et_pb_column type=&#8221;4_4&#8243; _builder_version=&#8221;4.16&#8243; _module_preset=&#8221;default&#8221; global_colors_info=&#8221;{}&#8221;][et_pb_testimonial author=&#8221;ColombiaMyWay&#8221; portrait_url=&#8221;https:\/\/colombiamyway.com\/wp-content\/uploads\/2024\/12\/Green-Modern-and-Minimalistic-Travel-Typography-Logo-2.png&#8221; quote_icon=&#8221;off&#8221; _builder_version=&#8221;4.27.4&#8243; _module_preset=&#8221;default&#8221; global_colors_info=&#8221;{}&#8221;]<\/p>\n<p>Hier finden Sie alles, was Sie \u00fcber Geldangelegenheiten in Kolumbien wissen m\u00fcssen: W\u00e4hrung, aktueller Wechselkurs des kolumbianischen Peso, g\u00fcnstige Bargeldabhebungen mit den niedrigsten Transaktionsgeb\u00fchren, Bezahlen mit Kreditkarte, Geldtransfer nach Kolumbien und Online-Kauf von Flugtickets.<\/p>\n<p>[\/et_pb_testimonial][\/et_pb_column][\/et_pb_row][et_pb_row column_structure=&#8221;3_5,2_5&#8243; _builder_version=&#8221;4.16.0&#8243; custom_margin=&#8221;|auto|0px|auto|false|false&#8221; custom_padding=&#8221;||35px||false|false&#8221; global_colors_info=&#8221;{}&#8221;][et_pb_column type=&#8221;3_5&#8243; _builder_version=&#8221;4.16&#8243; custom_padding=&#8221;|||&#8221; global_colors_info=&#8221;{}&#8221; custom_padding__hover=&#8221;|||&#8221;][et_pb_accordion open_toggle_text_color=&#8221;#000000&#8243; open_toggle_background_color=&#8221;#fcbf49&#8243; closed_toggle_text_color=&#8221;#ffffff&#8221; closed_toggle_background_color=&#8221;#f77f00&#8243; icon_color=&#8221;#ffffff&#8221; use_icon_font_size=&#8221;on&#8221; _builder_version=&#8221;4.27.4&#8243; closed_toggle_font=&#8221;|600|||||||&#8221; body_text_color=&#8221;#000000&#8243; custom_margin=&#8221;26px|||2px||&#8221; hover_enabled=&#8221;0&#8243; border_radii=&#8221;on|10px|10px|10px|10px&#8221; border_width_all=&#8221;3px&#8221; global_colors_info=&#8221;{}&#8221; sticky_enabled=&#8221;0&#8243;][et_pb_accordion_item title=&#8221;W\u00e4hrung&#8221; open=&#8221;on&#8221; open_toggle_background_color=&#8221;#f5f5f5&#8243; closed_toggle_background_color=&#8221;#1b4242&#8243; _builder_version=&#8221;4.27.4&#8243; hover_enabled=&#8221;0&#8243; global_colors_info=&#8221;{}&#8221; toggle_font=&#8221;|600|||||||&#8221; sticky_enabled=&#8221;0&#8243;]<\/p>\n<p>Die W\u00e4hrung ist der <strong>kolumbianische Peso<\/strong> (COP)<\/p>\n<p>Der Wechselkurs des Peso schwankt um 4000COP f\u00fcr 1$. <span style=\"font-weight: 400;\">Den aktuellen Wechselkurs finden Sie auf <strong><a href=\"https:\/\/www.wisselkoers.nl\/colombiaanse_peso\" target=\"_blank\" rel=\"noopener\">Exchange Rate.com<\/a><\/strong><\/span><\/p>\n<p>&nbsp;<\/p>\n<p>[\/et_pb_accordion_item][et_pb_accordion_item title=&#8221;Funktioniert Ihre Debitkarte in Kolumbien?&#8221; open_toggle_background_color=&#8221;#f5f5f5&#8243; closed_toggle_background_color=&#8221;#1b4242&#8243; _builder_version=&#8221;4.27.4&#8243; hover_enabled=&#8221;0&#8243; global_colors_info=&#8221;{}&#8221; toggle_font=&#8221;|600|||||||&#8221; open=&#8221;off&#8221;]<\/p>\n<p><b><span style=\"font-weight: 400;\">Im Allgemeinen werden alle <em>Maestro-Karten<\/em> akzeptiert. Wenn Ihre Karte keinen Chip, sondern einen Magnetstreifen hat, fragen Sie am besten bei Ihrer Bank nach. Im Kaufhaus Exito hatten wir mehrere Probleme beim Bezahlen mit der Debitkarte. Die Zahlung mit Kreditkarte verlief dort problemlos. Die meisten gr\u00f6\u00dferen Exito&#8217;s haben einen Geldautomaten, an dem Sie Geld abheben k\u00f6nnen, um bar zu bezahlen.      <\/span><\/b><\/p>\n<p>[\/et_pb_accordion_item][et_pb_accordion_item title=&#8221;Wo k\u00f6nnen Sie Geld abheben?&#8221; open_toggle_background_color=&#8221;#f5f5f5&#8243; closed_toggle_background_color=&#8221;#1b4242&#8243; _builder_version=&#8221;4.27.4&#8243; hover_enabled=&#8221;0&#8243; global_colors_info=&#8221;{}&#8221; toggle_font=&#8221;|600|||||||&#8221; open=&#8221;off&#8221;]<\/p>\n<p><span style=\"font-weight: 400;\">An den meisten Flugh\u00e4fen k\u00f6nnen Sie bereits Ihre ersten Pesos abheben. Au\u00dferdem finden Sie Geldautomaten in Einkaufszentren und in gr\u00f6\u00dferen Drogerien, an denen Sie sicher Geld abheben k\u00f6nnen. Stellen Sie sicher, dass die Transaktion abgeschlossen ist, bevor Sie den Geldautomaten verlassen.    <\/span><\/p>\n<p><strong>Tipp: <\/strong>Einmal haben wir erlebt, dass es nicht funktionierte, Geld abzuheben. Als wir die Sprache von Englisch auf Spanisch ge\u00e4ndert haben, hat es funktioniert! <\/p>\n<p>[\/et_pb_accordion_item][et_pb_accordion_item title=&#8221;Transaktionskosten &#8211; maximale Abhebung&#8221; open_toggle_background_color=&#8221;#f5f5f5&#8243; closed_toggle_background_color=&#8221;#1b4242&#8243; _builder_version=&#8221;4.27.4&#8243; hover_enabled=&#8221;0&#8243; global_colors_info=&#8221;{}&#8221; toggle_font=&#8221;|600|||||||&#8221; open=&#8221;off&#8221;]<\/p>\n<p><span style=\"font-weight: 400;\">-aktualisiert Januar 2025 &#8211;<\/span><\/p>\n<p><span style=\"font-weight: 400;\">Die Transaktionsgeb\u00fchren und die H\u00f6chstbetr\u00e4ge, die abgehoben werden k\u00f6nnen, k\u00f6nnen von einer Bank zur anderen erheblich variieren. Bei der <strong>Banco de Bogot\u00e1<\/strong> sind die Transaktionsgeb\u00fchren am niedrigsten (COP 15.000 pro Vorgang) und Sie k\u00f6nnen den h\u00f6chsten Betrag pro Vorgang abheben: COP1.600.000 pro Mal, mit einem Maximum von COP2.000.000 pro Tag. Bei <strong>Davivienda<\/strong> betr\u00e4gt die Transaktionsgeb\u00fchr ebenfalls COP15.000 pro Zeit, aber der H\u00f6chstbetrag, der abgehoben werden kann, ist viel niedriger, n\u00e4mlich COP400.000 pro Zeit, mit einem Maximum von COP2.700.000 pro Tag. Die <strong>Banco caja social<\/strong> ist die einzige Bank, die keine Transaktionsgeb\u00fchren erhebt. Der H\u00f6chstbetrag, der jedes Mal abgehoben werden kann, betr\u00e4gt COP 300.000.   <br \/><\/span><\/p>\n<p><span style=\"font-weight: 400;\"><strong>Andere Banken:<\/strong><\/span><\/p>\n<ul>\n<li><strong>Banco BBVA<\/strong>: Transaktionsgeb\u00fchr COP 18.000. Maximal COP 400.000 pro Transaktion und maximal COP 2.100.000 pro Tag <\/li>\n<li><strong>Bancolombia<\/strong>: Transaktionsgeb\u00fchr COP 26. 990. Maximal COP 600.000 pro Transaktion und maximal COP 2.700.000 pro Tag<\/li>\n<li><strong>Servibanca:<\/strong> Transaktionsgeb\u00fchr COP 16.000. Maximal COP 600.000 pro Transaktion und maximal COP 2.000.000 pro Tag <\/li>\n<\/ul>\n<p><strong>Tipp:<\/strong> Wenn Sie gefragt werden, ob Sie den Wechselkurs der \u00f6rtlichen Bank akzeptieren, empfehlen wir Ihnen, diesen Kurs nicht zu akzeptieren, da er in der Regel nicht g\u00fcnstig ist. Wenn Sie dies nicht akzeptieren, wird Ihre eigene Bank den Betrag umrechnen, was in der Regel g\u00fcnstiger ist. <\/p>\n<p>Hinweis: Die Superintendencia financiera arbeitet an einem neuen Verfahren, bei dem maximal 3.000.000 COP pro Transaktion abgehoben werden k\u00f6nnen, um die hohen Transaktionskosten zu vermeiden, aber dieser Plan wurde noch nicht umgesetzt.<\/p>\n<p>[\/et_pb_accordion_item][et_pb_accordion_item title=&#8221;Bezahlen mit Debitkarte&#8221; open_toggle_background_color=&#8221;#f5f5f5&#8243; closed_toggle_background_color=&#8221;#1b4242&#8243; _builder_version=&#8221;4.27.4&#8243; hover_enabled=&#8221;0&#8243; global_colors_info=&#8221;{}&#8221; toggle_font=&#8221;|600|||||||&#8221; open=&#8221;off&#8221;]<\/p>\n<p><b>Tipp:<\/b><span style=\"font-weight: 400;\"> Wenn Sie bei der Zahlung mit der Debitkarte gefragt werden: <\/span><span style=\"font-weight: 400;\"><em>Cuenta coriente<\/em> oder <em>ahorrar<\/em>, das bedeutet Girokonto, nicht Sparkonto. <\/span>  <span style=\"font-weight: 400;\"><\/span><\/p>\n<p>[\/et_pb_accordion_item][et_pb_accordion_item title=&#8221;Bezahlen mit Kreditkarte&#8221; open_toggle_background_color=&#8221;#f5f5f5&#8243; closed_toggle_background_color=&#8221;#1b4242&#8243; _builder_version=&#8221;4.27.4&#8243; hover_enabled=&#8221;0&#8243; global_colors_info=&#8221;{}&#8221; toggle_font=&#8221;|600|||||||&#8221; open=&#8221;off&#8221;]<\/p>\n<p>Sie k\u00f6nnen in den gr\u00f6\u00dferen St\u00e4dten bei bekannten Supermarktketten mit Ihrer Kreditkarte bezahlen. Kreditkarten werden auch in den meisten gr\u00f6\u00dferen Hotels und Restaurants akzeptiert.   <span style=\"font-weight: 400;\">F\u00fcr Kreditkartenzahlungen in Hotels werden manchmal zus\u00e4tzliche Geb\u00fchren in H\u00f6he von 5% des Gesamtbetrags erhoben.<\/span>  Wenn Sie au\u00dferhalb der gro\u00dfen St\u00e4dte reisen, werden Kreditkarten oft nicht akzeptiert.<\/p>\n<p><b>Tipp:<\/b><span style=\"font-weight: 400;\">  Wenn Sie bei der Zahlung mit Kreditkarte gefragt werden: &#8220;Cuantas cuotas?&#8221; (Wie viele Raten), k\u00f6nnen Sie &#8220;una&#8221; sagen. Kolumbianer k\u00f6nnen in mehreren cuotas bezahlen, aber f\u00fcr Touristen gilt 1 cuota.   <\/span><\/p>\n<p>&nbsp;<\/p>\n<p>[\/et_pb_accordion_item][et_pb_accordion_item title=&#8221;Bezahlen Sie in bar mit COP oder Dollar?&#8221; open_toggle_background_color=&#8221;#f5f5f5&#8243; closed_toggle_background_color=&#8221;#1b4242&#8243; _builder_version=&#8221;4.17.4&#8243; hover_enabled=&#8221;0&#8243; global_colors_info=&#8221;{}&#8221; toggle_font=&#8221;|600|||||||&#8221; open=&#8221;off&#8221;]<\/p>\n<p><span style=\"font-weight: 400;\">Eine Zahlung in Dollar ist aufgrund des ung\u00fcnstigen Kurses in der Regel viel teurer als eine Zahlung in Pesos. Wenn Sie mit Dollar bezahlen m\u00f6chten, erkundigen Sie sich vorher, welcher Wechselkurs verwendet wird. Billiger als der Umtausch von Dollar in Pesos ist es, Pesos am Geldautomaten abzuheben.    <\/span><\/p>\n<p>[\/et_pb_accordion_item][et_pb_accordion_item title=&#8221;Flugtickets online kaufen&#8221; open_toggle_background_color=&#8221;#f5f5f5&#8243; closed_toggle_background_color=&#8221;#1b4242&#8243; _builder_version=&#8221;4.27.4&#8243; hover_enabled=&#8221;0&#8243; global_colors_info=&#8221;{}&#8221; toggle_font=&#8221;|600|||||||&#8221; open=&#8221;off&#8221;]<\/p>\n<ul>\n<li><span style=\"font-weight: 400;\">Kolumbianische Fluggesellschaften bauen manchmal zus\u00e4tzliche Sicherheitsvorkehrungen ein, wenn Sie f\u00fcr Inlandsfl\u00fcge mit einer ausl\u00e4ndischen Kreditkarte bezahlen. Die Zahlung mit Ihrer Kreditkarte wird dann m\u00f6glicherweise nicht akzeptiert. Wenden Sie sich in diesem Fall an die Fluggesellschaft. \u00dcberpr\u00fcfen Sie auch Ihr Junk-Mail-Postfach, denn manchmal landen die Mails dort.     <\/span><\/li>\n<li>Banken k\u00f6nnen manchmal auch eine Kreditkartentransaktion sperren, wenn Sie ein Ticket nach Kolumbien buchen m\u00f6chten.<\/li>\n<li>Die Buchung \u00fcber eine internationale Plattform wie Expedia und Skyscanner ist in der Regel problemlos.<\/li>\n<\/ul>\n<p>[\/et_pb_accordion_item][et_pb_accordion_item title=&#8221;Geld nach Kolumbien \u00fcberweisen&#8221; open_toggle_background_color=&#8221;#f5f5f5&#8243; closed_toggle_background_color=&#8221;#1b4242&#8243; _builder_version=&#8221;4.27.4&#8243; hover_enabled=&#8221;0&#8243; global_colors_info=&#8221;{}&#8221; toggle_font=&#8221;|600|||||||&#8221; open=&#8221;off&#8221;]<\/p>\n<p><strong>Western Union\/MoneyGram<br \/><\/strong><span style=\"font-weight: 400;\">Sind Sie in Kolumbien und brauchen schnell Geld? Dann bitten Sie die Heimatfront, Geld \u00fcber ein Western Union- oder MoneyGram-B\u00fcro zu \u00fcberweisen. Innerhalb weniger Minuten k\u00f6nnen Sie das Geld (Bargeld) in einer der vielen Filialen in Kolumbien mit Ihrem Ausweis und Ihrer Transaktionsnummer abholen. Das ist viel schneller als eine Bank\u00fcberweisung.     <\/span><\/p>\n<p><b>Bank\u00fcberweisung<br \/><\/b><span style=\"font-weight: 400;\">Die Geb\u00fchren gehen zu Lasten des Auftraggebers oder zu Lasten des Auftraggebers + Beg\u00fcnstigten. Dies h\u00e4ngt von der Bank ab. Eine \u00dcberweisung an international ausgerichtete Banken wie Bancolombia geht in der Regel problemlos. Wenn Sie Geld an eine weniger international ausgerichtete Bank \u00fcberweisen m\u00f6chten, kann dies sehr umst\u00e4ndlich sein.     <\/span><\/p>\n<p>[\/et_pb_accordion_item][\/et_pb_accordion][\/et_pb_column][et_pb_column type=&#8221;2_5&#8243; _builder_version=&#8221;4.16&#8243; custom_padding=&#8221;|||&#8221; global_colors_info=&#8221;{}&#8221; custom_padding__hover=&#8221;|||&#8221;][et_pb_image src=&#8221;https:\/\/naarcolombia.com\/wp-content\/uploads\/2020\/03\/Carousel_6.jpg&#8221; _builder_version=&#8221;4.16&#8243; border_radii=&#8221;on|10px|10px|10px|10px&#8221; global_colors_info=&#8221;{}&#8221;][\/et_pb_image][et_pb_image src=&#8221;https:\/\/colombiamyway.com\/wp-content\/uploads\/2020\/01\/money-256319_640.jpg&#8221; disabled_on=&#8221;on|on|off&#8221; _builder_version=&#8221;4.16&#8243; border_radii=&#8221;on|10px|10px|10px|10px&#8221; global_colors_info=&#8221;{}&#8221;][\/et_pb_image][\/et_pb_column][\/et_pb_row][\/et_pb_section]<\/p>\n","protected":false},"excerpt":{"rendered":"<p>GeldangelegenheitenHier finden Sie alles, was Sie \u00fcber Geldangelegenheiten in Kolumbien wissen m\u00fcssen: W\u00e4hrung, aktueller Wechselkurs des kolumbianischen Peso, g\u00fcnstige Bargeldabhebungen mit den niedrigsten Transaktionsgeb\u00fchren, Bezahlen mit Kreditkarte, Geldtransfer nach Kolumbien und Online-Kauf von Flugtickets.Die W\u00e4hrung ist der kolumbianische Peso (COP) Der Wechselkurs des Peso schwankt um 4000COP f\u00fcr 1$. Den aktuellen Wechselkurs finden Sie auf [&hellip;]<\/p>\n","protected":false},"author":1,"featured_media":0,"parent":0,"menu_order":0,"comment_status":"closed","ping_status":"closed","template":"","meta":{"nf_dc_page":"","_et_pb_use_builder":"on","_et_pb_old_content":"","_et_gb_content_width":"","footnotes":""},"class_list":["post-262878","page","type-page","status-publish","hentry"],"yoast_head":"<!-- This site is optimized with the Yoast SEO plugin v27.3 - https:\/\/yoast.com\/product\/yoast-seo-wordpress\/ -->\n<title>Colombia My Way - Geldangelegenheiten in Kolumbien<\/title>\n<meta name=\"description\" content=\"Alles \u00fcber Geldangelegenheiten in Kolumbien finden Sie hier. Informationen \u00fcber Bargeldabhebungen, Zahlungen mit Debit- und Kreditkarten und den Online-Kauf von Flugtickets.\" \/>\n<meta name=\"robots\" content=\"index, follow, max-snippet:-1, max-image-preview:large, max-video-preview:-1\" \/>\n<link rel=\"canonical\" href=\"https:\/\/colombiamyway.com\/de\/geldangelegenheiten-2\/\" \/>\n<meta property=\"og:locale\" content=\"de_DE\" \/>\n<meta property=\"og:type\" content=\"article\" \/>\n<meta property=\"og:title\" content=\"Colombia My Way - Geldangelegenheiten in Kolumbien\" \/>\n<meta property=\"og:description\" content=\"Alles \u00fcber Geldangelegenheiten in Kolumbien finden Sie hier. Informationen \u00fcber Bargeldabhebungen, Zahlungen mit Debit- und Kreditkarten und den Online-Kauf von Flugtickets.\" \/>\n<meta property=\"og:url\" content=\"https:\/\/colombiamyway.com\/de\/geldangelegenheiten-2\/\" \/>\n<meta property=\"og:site_name\" content=\"Colombia My Way\" \/>\n<meta property=\"article:publisher\" content=\"https:\/\/www.facebook.com\/profile.php?id=61571407164514\" \/>\n<meta property=\"article:modified_time\" content=\"2025-06-24T23:26:07+00:00\" \/>\n<meta name=\"twitter:card\" content=\"summary_large_image\" \/>\n<meta name=\"twitter:label1\" content=\"Gesch\u00e4tzte Lesezeit\" \/>\n\t<meta name=\"twitter:data1\" content=\"8\u00a0Minuten\" \/>\n<script type=\"application\/ld+json\" class=\"yoast-schema-graph\">{\"@context\":\"https:\\\/\\\/schema.org\",\"@graph\":[{\"@type\":\"WebPage\",\"@id\":\"https:\\\/\\\/colombiamyway.com\\\/de\\\/geldangelegenheiten-2\\\/\",\"url\":\"https:\\\/\\\/colombiamyway.com\\\/de\\\/geldangelegenheiten-2\\\/\",\"name\":\"Colombia My Way - Geldangelegenheiten in Kolumbien\",\"isPartOf\":{\"@id\":\"https:\\\/\\\/colombiamyway.com\\\/de\\\/#website\"},\"datePublished\":\"2022-02-16T23:31:25+00:00\",\"dateModified\":\"2025-06-24T23:26:07+00:00\",\"description\":\"Alles \u00fcber Geldangelegenheiten in Kolumbien finden Sie hier. Informationen \u00fcber Bargeldabhebungen, Zahlungen mit Debit- und Kreditkarten und den Online-Kauf von Flugtickets.\",\"breadcrumb\":{\"@id\":\"https:\\\/\\\/colombiamyway.com\\\/de\\\/geldangelegenheiten-2\\\/#breadcrumb\"},\"inLanguage\":\"de\",\"potentialAction\":[{\"@type\":\"ReadAction\",\"target\":[\"https:\\\/\\\/colombiamyway.com\\\/de\\\/geldangelegenheiten-2\\\/\"]}]},{\"@type\":\"BreadcrumbList\",\"@id\":\"https:\\\/\\\/colombiamyway.com\\\/de\\\/geldangelegenheiten-2\\\/#breadcrumb\",\"itemListElement\":[{\"@type\":\"ListItem\",\"position\":1,\"name\":\"Home\",\"item\":\"https:\\\/\\\/colombiamyway.com\\\/de\\\/startseite\\\/\"},{\"@type\":\"ListItem\",\"position\":2,\"name\":\"Geldangelegenheiten\"}]},{\"@type\":\"WebSite\",\"@id\":\"https:\\\/\\\/colombiamyway.com\\\/de\\\/#website\",\"url\":\"https:\\\/\\\/colombiamyway.com\\\/de\\\/\",\"name\":\"Colombia My Way\",\"description\":\"The Guide for the Independent Traveler\",\"publisher\":{\"@id\":\"https:\\\/\\\/colombiamyway.com\\\/de\\\/#organization\"},\"potentialAction\":[{\"@type\":\"SearchAction\",\"target\":{\"@type\":\"EntryPoint\",\"urlTemplate\":\"https:\\\/\\\/colombiamyway.com\\\/de\\\/?s={search_term_string}\"},\"query-input\":{\"@type\":\"PropertyValueSpecification\",\"valueRequired\":true,\"valueName\":\"search_term_string\"}}],\"inLanguage\":\"de\"},{\"@type\":\"Organization\",\"@id\":\"https:\\\/\\\/colombiamyway.com\\\/de\\\/#organization\",\"name\":\"Colombia My Way\",\"url\":\"https:\\\/\\\/colombiamyway.com\\\/de\\\/\",\"logo\":{\"@type\":\"ImageObject\",\"inLanguage\":\"de\",\"@id\":\"https:\\\/\\\/colombiamyway.com\\\/de\\\/#\\\/schema\\\/logo\\\/image\\\/\",\"url\":\"https:\\\/\\\/i0.wp.com\\\/colombiamyway.com\\\/wp-content\\\/uploads\\\/2024\\\/12\\\/Green-Modern-and-Minimalistic-Travel-Typography-Logo-2.png?fit=500%2C500&ssl=1\",\"contentUrl\":\"https:\\\/\\\/i0.wp.com\\\/colombiamyway.com\\\/wp-content\\\/uploads\\\/2024\\\/12\\\/Green-Modern-and-Minimalistic-Travel-Typography-Logo-2.png?fit=500%2C500&ssl=1\",\"width\":500,\"height\":500,\"caption\":\"Colombia My Way\"},\"image\":{\"@id\":\"https:\\\/\\\/colombiamyway.com\\\/de\\\/#\\\/schema\\\/logo\\\/image\\\/\"},\"sameAs\":[\"https:\\\/\\\/www.facebook.com\\\/profile.php?id=61571407164514\"]}]}<\/script>\n<!-- \/ Yoast SEO plugin. -->","yoast_head_json":{"title":"Colombia My Way - Geldangelegenheiten in Kolumbien","description":"Alles \u00fcber Geldangelegenheiten in Kolumbien finden Sie hier. Informationen \u00fcber Bargeldabhebungen, Zahlungen mit Debit- und Kreditkarten und den Online-Kauf von Flugtickets.","robots":{"index":"index","follow":"follow","max-snippet":"max-snippet:-1","max-image-preview":"max-image-preview:large","max-video-preview":"max-video-preview:-1"},"canonical":"https:\/\/colombiamyway.com\/de\/geldangelegenheiten-2\/","og_locale":"de_DE","og_type":"article","og_title":"Colombia My Way - Geldangelegenheiten in Kolumbien","og_description":"Alles \u00fcber Geldangelegenheiten in Kolumbien finden Sie hier. Informationen \u00fcber Bargeldabhebungen, Zahlungen mit Debit- und Kreditkarten und den Online-Kauf von Flugtickets.","og_url":"https:\/\/colombiamyway.com\/de\/geldangelegenheiten-2\/","og_site_name":"Colombia My Way","article_publisher":"https:\/\/www.facebook.com\/profile.php?id=61571407164514","article_modified_time":"2025-06-24T23:26:07+00:00","twitter_card":"summary_large_image","twitter_misc":{"Gesch\u00e4tzte Lesezeit":"8\u00a0Minuten"},"schema":{"@context":"https:\/\/schema.org","@graph":[{"@type":"WebPage","@id":"https:\/\/colombiamyway.com\/de\/geldangelegenheiten-2\/","url":"https:\/\/colombiamyway.com\/de\/geldangelegenheiten-2\/","name":"Colombia My Way - Geldangelegenheiten in Kolumbien","isPartOf":{"@id":"https:\/\/colombiamyway.com\/de\/#website"},"datePublished":"2022-02-16T23:31:25+00:00","dateModified":"2025-06-24T23:26:07+00:00","description":"Alles \u00fcber Geldangelegenheiten in Kolumbien finden Sie hier. Informationen \u00fcber Bargeldabhebungen, Zahlungen mit Debit- und Kreditkarten und den Online-Kauf von Flugtickets.","breadcrumb":{"@id":"https:\/\/colombiamyway.com\/de\/geldangelegenheiten-2\/#breadcrumb"},"inLanguage":"de","potentialAction":[{"@type":"ReadAction","target":["https:\/\/colombiamyway.com\/de\/geldangelegenheiten-2\/"]}]},{"@type":"BreadcrumbList","@id":"https:\/\/colombiamyway.com\/de\/geldangelegenheiten-2\/#breadcrumb","itemListElement":[{"@type":"ListItem","position":1,"name":"Home","item":"https:\/\/colombiamyway.com\/de\/startseite\/"},{"@type":"ListItem","position":2,"name":"Geldangelegenheiten"}]},{"@type":"WebSite","@id":"https:\/\/colombiamyway.com\/de\/#website","url":"https:\/\/colombiamyway.com\/de\/","name":"Colombia My Way","description":"The Guide for the Independent Traveler","publisher":{"@id":"https:\/\/colombiamyway.com\/de\/#organization"},"potentialAction":[{"@type":"SearchAction","target":{"@type":"EntryPoint","urlTemplate":"https:\/\/colombiamyway.com\/de\/?s={search_term_string}"},"query-input":{"@type":"PropertyValueSpecification","valueRequired":true,"valueName":"search_term_string"}}],"inLanguage":"de"},{"@type":"Organization","@id":"https:\/\/colombiamyway.com\/de\/#organization","name":"Colombia My Way","url":"https:\/\/colombiamyway.com\/de\/","logo":{"@type":"ImageObject","inLanguage":"de","@id":"https:\/\/colombiamyway.com\/de\/#\/schema\/logo\/image\/","url":"https:\/\/i0.wp.com\/colombiamyway.com\/wp-content\/uploads\/2024\/12\/Green-Modern-and-Minimalistic-Travel-Typography-Logo-2.png?fit=500%2C500&ssl=1","contentUrl":"https:\/\/i0.wp.com\/colombiamyway.com\/wp-content\/uploads\/2024\/12\/Green-Modern-and-Minimalistic-Travel-Typography-Logo-2.png?fit=500%2C500&ssl=1","width":500,"height":500,"caption":"Colombia My Way"},"image":{"@id":"https:\/\/colombiamyway.com\/de\/#\/schema\/logo\/image\/"},"sameAs":["https:\/\/www.facebook.com\/profile.php?id=61571407164514"]}]}},"_links":{"self":[{"href":"https:\/\/colombiamyway.com\/de\/wp-json\/wp\/v2\/pages\/262878","targetHints":{"allow":["GET"]}}],"collection":[{"href":"https:\/\/colombiamyway.com\/de\/wp-json\/wp\/v2\/pages"}],"about":[{"href":"https:\/\/colombiamyway.com\/de\/wp-json\/wp\/v2\/types\/page"}],"author":[{"embeddable":true,"href":"https:\/\/colombiamyway.com\/de\/wp-json\/wp\/v2\/users\/1"}],"replies":[{"embeddable":true,"href":"https:\/\/colombiamyway.com\/de\/wp-json\/wp\/v2\/comments?post=262878"}],"version-history":[{"count":11,"href":"https:\/\/colombiamyway.com\/de\/wp-json\/wp\/v2\/pages\/262878\/revisions"}],"predecessor-version":[{"id":266014,"href":"https:\/\/colombiamyway.com\/de\/wp-json\/wp\/v2\/pages\/262878\/revisions\/266014"}],"wp:attachment":[{"href":"https:\/\/colombiamyway.com\/de\/wp-json\/wp\/v2\/media?parent=262878"}],"curies":[{"name":"wp","href":"https:\/\/api.w.org\/{rel}","templated":true}]}}