{"id":262907,"date":"2021-04-02T16:59:30","date_gmt":"2021-04-02T20:59:30","guid":{"rendered":"https:\/\/colombiamyway.com\/essen-und-trinken-kolumbien-2\/"},"modified":"2025-09-06T14:05:08","modified_gmt":"2025-09-06T18:05:08","slug":"essen-und-trinken-kolumbien","status":"publish","type":"page","link":"https:\/\/colombiamyway.com\/de\/essen-und-trinken-kolumbien\/","title":{"rendered":"Lebensmittel Kolumbien"},"content":{"rendered":"<p>[et_pb_section fb_built=&#8221;1&#8243; admin_label=&#8221;Header&#8221; _builder_version=&#8221;4.27.4&#8243; use_background_color_gradient=&#8221;on&#8221; background_color_gradient_type=&#8221;circular&#8221; background_color_gradient_direction_radial=&#8221;bottom left&#8221; background_color_gradient_stops=&#8221;rgba(255,255,255,0) 35%|#ffffff 100%&#8221; background_color_gradient_overlays_image=&#8221;on&#8221; background_color_gradient_start=&#8221;rgba(255,255,255,0)&#8221; background_color_gradient_start_position=&#8221;35%&#8221; background_color_gradient_end=&#8221;#ffffff&#8221; background_image=&#8221;https:\/\/naarcolombia.com\/wp-content\/uploads\/2021\/04\/food-Colombia.jpg&#8221; custom_margin=&#8221;-90px||||false|false&#8221; custom_padding=&#8221;294px||246px||false|false&#8221; bottom_divider_color=&#8221;#eabb3f&#8221; bottom_divider_height=&#8221;20px&#8221; bottom_divider_repeat=&#8221;0x&#8221; bottom_divider_flip=&#8221;horizontal&#8221; global_colors_info=&#8221;{}&#8221;][\/et_pb_section][et_pb_section fb_built=&#8221;1&#8243; _builder_version=&#8221;4.27.4&#8243; _module_preset=&#8221;default&#8221; custom_padding=&#8221;35px||36px|||&#8221; global_colors_info=&#8221;{}&#8221;][et_pb_row _builder_version=&#8221;4.27.4&#8243; _module_preset=&#8221;default&#8221; global_colors_info=&#8221;{}&#8221;][et_pb_column type=&#8221;4_4&#8243; _builder_version=&#8221;4.27.4&#8243; _module_preset=&#8221;default&#8221; global_colors_info=&#8221;{}&#8221;][et_pb_post_title meta=&#8221;off&#8221; featured_image=&#8221;off&#8221; _builder_version=&#8221;4.27.4&#8243; _module_preset=&#8221;default&#8221; title_font_size=&#8221;45px&#8221; global_colors_info=&#8221;{}&#8221;][\/et_pb_post_title][\/et_pb_column][\/et_pb_row][\/et_pb_section][et_pb_section fb_built=&#8221;1&#8243; custom_padding_last_edited=&#8221;on|tablet&#8221; prev_background_color=&#8221;#000000&#8243; admin_label=&#8221;Packages&#8221; _builder_version=&#8221;4.27.4&#8243; background_color_gradient_direction=&#8221;303deg&#8221; background_enable_image=&#8221;off&#8221; custom_margin=&#8221;0px||||false|false&#8221; custom_padding=&#8221;43px||110px||false|false&#8221; custom_padding_tablet=&#8221;0px||0px|&#8221; custom_padding_phone=&#8221;&#8221; top_divider_style=&#8221;wave2&#8243; top_divider_height=&#8221;0px&#8221; border_color_left=&#8221;#EABB3F&#8221; locked=&#8221;off&#8221; global_colors_info=&#8221;{}&#8221;][et_pb_row _builder_version=&#8221;4.16&#8243; _module_preset=&#8221;default&#8221; background_color=&#8221;#f5f5f5&#8243; locked=&#8221;off&#8221; global_colors_info=&#8221;{}&#8221;][et_pb_column type=&#8221;4_4&#8243; _builder_version=&#8221;4.16&#8243; _module_preset=&#8221;default&#8221; global_colors_info=&#8221;{}&#8221;][et_pb_testimonial author=&#8221;Kolumbien Mein Weg&#8221; portrait_url=&#8221;https:\/\/colombiamyway.com\/wp-content\/uploads\/2024\/12\/Green-Modern-and-Minimalistic-Travel-Typography-Logo-2.png&#8221; quote_icon=&#8221;off&#8221; _builder_version=&#8221;4.27.4&#8243; _module_preset=&#8221;default&#8221; global_colors_info=&#8221;{}&#8221;]<\/p>\n<p><span>Hier finden Sie Informationen \u00fcber die k\u00f6stlichsten Speisen und Getr\u00e4nke in Kolumbien, typisch kolumbianisches Essen, <a href=\"https:\/\/colombiamyway.com\/de\/strassenessen\/\" target=\"_blank\" rel=\"noopener\"><strong>Stra\u00dfenessen<\/strong><\/a> und <a href=\"https:\/\/colombiamyway.com\/de\/top-5-trostessen\/\" target=\"_blank\" rel=\"noopener\"><strong>Komfort-Essen <\/strong><\/a>und Links zu den verschiedenen Regionen mit ihren eigenen traditionellen Gerichten und kulinarischen Spezialit\u00e4ten. Schlie\u00dflich gibt es im kulinarischen Bereich eine Menge zu genie\u00dfen!   <\/span><span>Lange Zeit war Kolumbien in der<\/span><span>  im Schatten beliebter Nachbarl\u00e4nder wie Peru, aber in den letzten Jahren ist Kolumbien auf dem Vormarsch und immer mehr Menschen entdecken, dass man in Kolumbien k\u00f6stlich und abwechslungsreich essen kann. Hier sehen Sie <strong><a href=\"https:\/\/www.viator.com\/searchResults\/all?text=food+tours+colombia&amp;pid=P00058130&amp;mcid=42383&amp;medium=link\" target=\"_blank\" rel=\"noopener\">die besten kulinarischen Touren in Kolumbien<\/a><\/strong>.   <\/span><\/p>\n<p><span><strong>Spitzenk\u00f6che<\/strong><br \/>Auch Spitzenk\u00f6che aus dem Ausland entdecken Kolumbien f\u00fcr sich. Im November 2019 fand in Bogot\u00e1 die Premiere der ersten lateinamerikanischen Ausgabe eines Kochevents der Spitzenklasse statt, die Bogot\u00e1 Madrid Fusi\u00f3n.   <\/span><\/p>\n<p><span><strong>Obst und Gem\u00fcse<\/strong><br \/>Immer mehr K\u00f6che kreieren traditionelle Gerichte mit einem modernen Twist und verwenden die vielen frischen Produkte des Landes. Es gibt eine F\u00fclle von frischem Obst und Gem\u00fcse, Fleisch, Milchprodukten, Kaffee, Schokolade, Fisch und Bananen.   <\/span><span>Zu den g\u00e4ngigen Gem\u00fcsesorten geh\u00f6ren Mais, <em>Yuca<\/em> (Maniok), Kartoffel, <em>el \u00f1ame<\/em> (Kartoffelart), Kochbanane und Avocado. Aus den vielen frischen Fr\u00fcchten werden frische Fruchts\u00e4fte wie <em>Guan\u00e1bana <\/em>(Mispel), <em>Maracuy\u00e1<\/em> (Passionsfrucht), <em>Mora<\/em> (Brombeeren) und Papaya hergestellt. <\/span><\/p>\n<p><img loading=\"lazy\" decoding=\"async\" src=\"https:\/\/naarcolombia.com\/wp-content\/uploads\/2021\/05\/smoothie-zaakje_Valle-de-Cocora_Colombia-300x225.jpg\" width=\"300\" height=\"225\" alt=\"\" class=\"wp-image-246879 alignnone size-medium\"><\/p>\n<p><strong>Fleisch und Huhn nehmen in der kolumbianischen K\u00fcche einen zentralen Platz ein<br \/><\/strong><span>Bei kolumbianischen Gerichten besteht das Gem\u00fcse auf Ihrem Teller oft nur aus ein wenig Salat, einer Scheibe Avocado, ein paar Bohnen oder Patacones (Bananenkekse). Rind- und Schweinefleisch sowie H\u00fchnerfleisch und Wurst werden h\u00e4ufig verwendet. Sie sind auch Bestandteil von s\u00e4ttigenden Suppen wie dem beliebten <em>Sancocho<\/em>, <em>comida corriente<\/em> (Mittagessen des Tages) und nat\u00fcrlich der <em>Bandeja Paisa<\/em>, dem kolumbianischen Nationalgericht. In Regionen wie der Karibikk\u00fcste, dem Pazifik und dem Amazonasgebiet ist frischer Fisch eine wichtige Zutat f\u00fcr die t\u00e4glichen Mahlzeiten.     <\/span><\/p>\n<p><span><img loading=\"lazy\" decoding=\"async\" src=\"https:\/\/naarcolombia.com\/wp-content\/uploads\/2021\/04\/vis-met-kokosrijst_cartagena_colombia-_1024x768-300x225.jpg\" width=\"300\" height=\"225\" alt=\"\" class=\"wp-image-236336 alignnone size-medium\"><\/span><\/p>\n<p><strong><span>Vegetarisches Essen<br \/><\/span><\/strong>Die kolumbianische K\u00fcche ist nicht f\u00fcr ihre vielen vegetarischen Gerichte bekannt, aber es gibt einige schmackhafte Optionen. Einige Restaurants servieren zum Beispiel <em>Patacones<\/em>. F\u00fcr gef\u00fcllte <em>Patacon<\/em> wird ein gro\u00dfer &#8220;Bananenkeks&#8221; mit Gem\u00fcse und K\u00e4se gef\u00fcllt und im Ofen gebacken.  <\/p>\n<p><img loading=\"lazy\" decoding=\"async\" src=\"https:\/\/naarcolombia.com\/wp-content\/uploads\/2024\/06\/vegetarische-patacon_eten_Colombia-240x300.jpeg\" width=\"240\" height=\"300\" alt=\"\" class=\"wp-image-253921 alignnone size-medium\"><\/p>\n<p>Zum Gl\u00fcck gibt es in ganz Kolumbien eine gro\u00dfe Auswahl an frischem Obst. Dieses kann zum Fr\u00fchst\u00fcck und auch als Snack verzehrt werden, wie z.B. die leckeren <em>Mango Biche<\/em>, gr\u00fcne Mangostreifen mit Salz. Auch herzhafte vegetarische Snacks wie Empanadas und Arepas mit K\u00e4se gibt es reichlich.  <\/p>\n<p><img loading=\"lazy\" decoding=\"async\" src=\"https:\/\/naarcolombia.com\/wp-content\/uploads\/2021\/04\/chocolate-con-arepa-y-queso-300x225.jpg\" width=\"300\" height=\"225\" alt=\"\" class=\"wp-image-236597 alignnone size-medium\"><\/p>\n<p><strong>  M\u00f6chten Sie wissen, welche traditionellen Speisen und Stra\u00dfengerichte Sie in Kolumbien bekommen k\u00f6nnen? Dann schauen Sie hier nach Ihrer Lieblingsregion: <\/strong><\/p>\n<p><strong>* <a href=\"https:\/\/colombiamyway.com\/de\/essen-cartagena\/\" target=\"_blank\" rel=\"noopener\">Cartagena &amp; Karibikk\u00fcste<\/a><br \/><\/strong><strong>* <a href=\"https:\/\/colombiamyway.com\/food-and-drink-colombia\/food-bogota\/\" target=\"_blank\" rel=\"noopener\">Region Bogot\u00e1<\/a><br \/>* <a href=\"https:\/\/colombiamyway.com\/food-and-drink-colombia\/food-medellin\/\" target=\"_blank\" rel=\"noopener\">Region Medell\u00edn<\/a><br \/>* <a href=\"https:\/\/colombiamyway.com\/de\/essen-cali\/\" target=\"_blank\" rel=\"noopener\">Cali &amp; S\u00fcdwestkolumbien<\/a><br \/>* <a href=\"https:\/\/colombiamyway.com\/de\/essen-kaffee-dreieck\/\" target=\"_blank\" rel=\"noopener\">Region Salento\/Kaffee<\/a><br \/>* <a href=\"https:\/\/colombiamyway.com\/food-and-drink-colombia\/food-amazon\/\" target=\"_blank\" rel=\"noopener\">Amazonas<\/a><br \/>* <a href=\"https:\/\/colombiamyway.com\/de\/choco-kulinarisch\/\" target=\"_blank\" rel=\"noopener\">Choc\u00f3 (Pazifik)<\/a><br \/>*<a href=\"https:\/\/colombiamyway.com\/de\/essen-llanos\/\" target=\"_blank\" rel=\"noopener\"> Llanos Orientales<\/a><\/strong><strong><\/strong><\/p>\n<p>[\/et_pb_testimonial][\/et_pb_column][\/et_pb_row][\/et_pb_section]<\/p>\n","protected":false},"excerpt":{"rendered":"<p>Hier finden Sie Informationen \u00fcber die k\u00f6stlichsten Speisen und Getr\u00e4nke in Kolumbien, typisch kolumbianisches Essen, Stra\u00dfenessen und Komfort-Essen und Links zu den verschiedenen Regionen mit ihren eigenen traditionellen Gerichten und kulinarischen Spezialit\u00e4ten. Schlie\u00dflich gibt es im kulinarischen Bereich eine Menge zu genie\u00dfen! Lange Zeit war Kolumbien in der im Schatten beliebter Nachbarl\u00e4nder wie Peru, aber [&hellip;]<\/p>\n","protected":false},"author":1,"featured_media":256578,"parent":0,"menu_order":0,"comment_status":"closed","ping_status":"closed","template":"","meta":{"nf_dc_page":"","_et_pb_use_builder":"on","_et_pb_old_content":"","_et_gb_content_width":"","footnotes":""},"class_list":["post-262907","page","type-page","status-publish","has-post-thumbnail","hentry"],"yoast_head":"<!-- This site is optimized with the Yoast SEO plugin v27.3 - https:\/\/yoast.com\/product\/yoast-seo-wordpress\/ -->\n<title>Lebensmittel Kolumbien - Colombia My Way<\/title>\n<meta name=\"description\" content=\"Hier finden Sie Informationen \u00fcber typisch kolumbianische Speisen und Getr\u00e4nke, traditionelles Essen, Street Food und kulinarische Spezialit\u00e4ten nach Regionen.\" \/>\n<meta name=\"robots\" content=\"index, follow, max-snippet:-1, max-image-preview:large, max-video-preview:-1\" \/>\n<link rel=\"canonical\" href=\"https:\/\/colombiamyway.com\/de\/essen-und-trinken-kolumbien\/\" \/>\n<meta property=\"og:locale\" content=\"de_DE\" \/>\n<meta property=\"og:type\" content=\"article\" \/>\n<meta property=\"og:title\" content=\"Lebensmittel Kolumbien - Colombia My Way\" \/>\n<meta property=\"og:description\" content=\"Hier finden Sie Informationen \u00fcber typisch kolumbianische Speisen und Getr\u00e4nke, traditionelles Essen, Street Food und kulinarische Spezialit\u00e4ten nach Regionen.\" \/>\n<meta property=\"og:url\" content=\"https:\/\/colombiamyway.com\/de\/essen-und-trinken-kolumbien\/\" \/>\n<meta property=\"og:site_name\" content=\"Colombia My Way\" \/>\n<meta property=\"article:publisher\" content=\"https:\/\/www.facebook.com\/profile.php?id=61571407164514\" \/>\n<meta property=\"article:modified_time\" content=\"2025-09-06T18:05:08+00:00\" \/>\n<meta property=\"og:image\" content=\"https:\/\/colombiamyway.com\/wp-content\/uploads\/2024\/04\/eten-en-drinken_Colombia_pescaye-restaurante-barranquilla.jpeg\" \/>\n\t<meta property=\"og:image:width\" content=\"600\" \/>\n\t<meta property=\"og:image:height\" content=\"600\" \/>\n\t<meta property=\"og:image:type\" content=\"image\/jpeg\" \/>\n<meta name=\"twitter:card\" content=\"summary_large_image\" \/>\n<meta name=\"twitter:label1\" content=\"Gesch\u00e4tzte Lesezeit\" \/>\n\t<meta name=\"twitter:data1\" content=\"4\u00a0Minuten\" \/>\n<script type=\"application\/ld+json\" class=\"yoast-schema-graph\">{\"@context\":\"https:\\\/\\\/schema.org\",\"@graph\":[{\"@type\":\"WebPage\",\"@id\":\"https:\\\/\\\/colombiamyway.com\\\/de\\\/essen-und-trinken-kolumbien\\\/\",\"url\":\"https:\\\/\\\/colombiamyway.com\\\/de\\\/essen-und-trinken-kolumbien\\\/\",\"name\":\"Lebensmittel Kolumbien - Colombia My Way\",\"isPartOf\":{\"@id\":\"https:\\\/\\\/colombiamyway.com\\\/de\\\/#website\"},\"primaryImageOfPage\":{\"@id\":\"https:\\\/\\\/colombiamyway.com\\\/de\\\/essen-und-trinken-kolumbien\\\/#primaryimage\"},\"image\":{\"@id\":\"https:\\\/\\\/colombiamyway.com\\\/de\\\/essen-und-trinken-kolumbien\\\/#primaryimage\"},\"thumbnailUrl\":\"https:\\\/\\\/colombiamyway.com\\\/wp-content\\\/uploads\\\/2024\\\/04\\\/eten-en-drinken_Colombia_pescaye-restaurante-barranquilla.jpeg\",\"datePublished\":\"2021-04-02T20:59:30+00:00\",\"dateModified\":\"2025-09-06T18:05:08+00:00\",\"description\":\"Hier finden Sie Informationen \u00fcber typisch kolumbianische Speisen und Getr\u00e4nke, traditionelles Essen, Street Food und kulinarische Spezialit\u00e4ten nach Regionen.\",\"breadcrumb\":{\"@id\":\"https:\\\/\\\/colombiamyway.com\\\/de\\\/essen-und-trinken-kolumbien\\\/#breadcrumb\"},\"inLanguage\":\"de\",\"potentialAction\":[{\"@type\":\"ReadAction\",\"target\":[\"https:\\\/\\\/colombiamyway.com\\\/de\\\/essen-und-trinken-kolumbien\\\/\"]}]},{\"@type\":\"ImageObject\",\"inLanguage\":\"de\",\"@id\":\"https:\\\/\\\/colombiamyway.com\\\/de\\\/essen-und-trinken-kolumbien\\\/#primaryimage\",\"url\":\"https:\\\/\\\/colombiamyway.com\\\/wp-content\\\/uploads\\\/2024\\\/04\\\/eten-en-drinken_Colombia_pescaye-restaurante-barranquilla.jpeg\",\"contentUrl\":\"https:\\\/\\\/colombiamyway.com\\\/wp-content\\\/uploads\\\/2024\\\/04\\\/eten-en-drinken_Colombia_pescaye-restaurante-barranquilla.jpeg\",\"width\":600,\"height\":600},{\"@type\":\"BreadcrumbList\",\"@id\":\"https:\\\/\\\/colombiamyway.com\\\/de\\\/essen-und-trinken-kolumbien\\\/#breadcrumb\",\"itemListElement\":[{\"@type\":\"ListItem\",\"position\":1,\"name\":\"Home\",\"item\":\"https:\\\/\\\/colombiamyway.com\\\/de\\\/startseite\\\/\"},{\"@type\":\"ListItem\",\"position\":2,\"name\":\"Lebensmittel Kolumbien\"}]},{\"@type\":\"WebSite\",\"@id\":\"https:\\\/\\\/colombiamyway.com\\\/de\\\/#website\",\"url\":\"https:\\\/\\\/colombiamyway.com\\\/de\\\/\",\"name\":\"Colombia My Way\",\"description\":\"The Guide for the Independent Traveler\",\"publisher\":{\"@id\":\"https:\\\/\\\/colombiamyway.com\\\/de\\\/#organization\"},\"potentialAction\":[{\"@type\":\"SearchAction\",\"target\":{\"@type\":\"EntryPoint\",\"urlTemplate\":\"https:\\\/\\\/colombiamyway.com\\\/de\\\/?s={search_term_string}\"},\"query-input\":{\"@type\":\"PropertyValueSpecification\",\"valueRequired\":true,\"valueName\":\"search_term_string\"}}],\"inLanguage\":\"de\"},{\"@type\":\"Organization\",\"@id\":\"https:\\\/\\\/colombiamyway.com\\\/de\\\/#organization\",\"name\":\"Colombia My Way\",\"url\":\"https:\\\/\\\/colombiamyway.com\\\/de\\\/\",\"logo\":{\"@type\":\"ImageObject\",\"inLanguage\":\"de\",\"@id\":\"https:\\\/\\\/colombiamyway.com\\\/de\\\/#\\\/schema\\\/logo\\\/image\\\/\",\"url\":\"https:\\\/\\\/i0.wp.com\\\/colombiamyway.com\\\/wp-content\\\/uploads\\\/2024\\\/12\\\/Green-Modern-and-Minimalistic-Travel-Typography-Logo-2.png?fit=500%2C500&ssl=1\",\"contentUrl\":\"https:\\\/\\\/i0.wp.com\\\/colombiamyway.com\\\/wp-content\\\/uploads\\\/2024\\\/12\\\/Green-Modern-and-Minimalistic-Travel-Typography-Logo-2.png?fit=500%2C500&ssl=1\",\"width\":500,\"height\":500,\"caption\":\"Colombia My Way\"},\"image\":{\"@id\":\"https:\\\/\\\/colombiamyway.com\\\/de\\\/#\\\/schema\\\/logo\\\/image\\\/\"},\"sameAs\":[\"https:\\\/\\\/www.facebook.com\\\/profile.php?id=61571407164514\"]}]}<\/script>\n<!-- \/ Yoast SEO plugin. -->","yoast_head_json":{"title":"Lebensmittel Kolumbien - Colombia My Way","description":"Hier finden Sie Informationen \u00fcber typisch kolumbianische Speisen und Getr\u00e4nke, traditionelles Essen, Street Food und kulinarische Spezialit\u00e4ten nach Regionen.","robots":{"index":"index","follow":"follow","max-snippet":"max-snippet:-1","max-image-preview":"max-image-preview:large","max-video-preview":"max-video-preview:-1"},"canonical":"https:\/\/colombiamyway.com\/de\/essen-und-trinken-kolumbien\/","og_locale":"de_DE","og_type":"article","og_title":"Lebensmittel Kolumbien - Colombia My Way","og_description":"Hier finden Sie Informationen \u00fcber typisch kolumbianische Speisen und Getr\u00e4nke, traditionelles Essen, Street Food und kulinarische Spezialit\u00e4ten nach Regionen.","og_url":"https:\/\/colombiamyway.com\/de\/essen-und-trinken-kolumbien\/","og_site_name":"Colombia My Way","article_publisher":"https:\/\/www.facebook.com\/profile.php?id=61571407164514","article_modified_time":"2025-09-06T18:05:08+00:00","og_image":[{"width":600,"height":600,"url":"https:\/\/colombiamyway.com\/wp-content\/uploads\/2024\/04\/eten-en-drinken_Colombia_pescaye-restaurante-barranquilla.jpeg","type":"image\/jpeg"}],"twitter_card":"summary_large_image","twitter_misc":{"Gesch\u00e4tzte Lesezeit":"4\u00a0Minuten"},"schema":{"@context":"https:\/\/schema.org","@graph":[{"@type":"WebPage","@id":"https:\/\/colombiamyway.com\/de\/essen-und-trinken-kolumbien\/","url":"https:\/\/colombiamyway.com\/de\/essen-und-trinken-kolumbien\/","name":"Lebensmittel Kolumbien - Colombia My Way","isPartOf":{"@id":"https:\/\/colombiamyway.com\/de\/#website"},"primaryImageOfPage":{"@id":"https:\/\/colombiamyway.com\/de\/essen-und-trinken-kolumbien\/#primaryimage"},"image":{"@id":"https:\/\/colombiamyway.com\/de\/essen-und-trinken-kolumbien\/#primaryimage"},"thumbnailUrl":"https:\/\/colombiamyway.com\/wp-content\/uploads\/2024\/04\/eten-en-drinken_Colombia_pescaye-restaurante-barranquilla.jpeg","datePublished":"2021-04-02T20:59:30+00:00","dateModified":"2025-09-06T18:05:08+00:00","description":"Hier finden Sie Informationen \u00fcber typisch kolumbianische Speisen und Getr\u00e4nke, traditionelles Essen, Street Food und kulinarische Spezialit\u00e4ten nach Regionen.","breadcrumb":{"@id":"https:\/\/colombiamyway.com\/de\/essen-und-trinken-kolumbien\/#breadcrumb"},"inLanguage":"de","potentialAction":[{"@type":"ReadAction","target":["https:\/\/colombiamyway.com\/de\/essen-und-trinken-kolumbien\/"]}]},{"@type":"ImageObject","inLanguage":"de","@id":"https:\/\/colombiamyway.com\/de\/essen-und-trinken-kolumbien\/#primaryimage","url":"https:\/\/colombiamyway.com\/wp-content\/uploads\/2024\/04\/eten-en-drinken_Colombia_pescaye-restaurante-barranquilla.jpeg","contentUrl":"https:\/\/colombiamyway.com\/wp-content\/uploads\/2024\/04\/eten-en-drinken_Colombia_pescaye-restaurante-barranquilla.jpeg","width":600,"height":600},{"@type":"BreadcrumbList","@id":"https:\/\/colombiamyway.com\/de\/essen-und-trinken-kolumbien\/#breadcrumb","itemListElement":[{"@type":"ListItem","position":1,"name":"Home","item":"https:\/\/colombiamyway.com\/de\/startseite\/"},{"@type":"ListItem","position":2,"name":"Lebensmittel Kolumbien"}]},{"@type":"WebSite","@id":"https:\/\/colombiamyway.com\/de\/#website","url":"https:\/\/colombiamyway.com\/de\/","name":"Colombia My Way","description":"The Guide for the Independent Traveler","publisher":{"@id":"https:\/\/colombiamyway.com\/de\/#organization"},"potentialAction":[{"@type":"SearchAction","target":{"@type":"EntryPoint","urlTemplate":"https:\/\/colombiamyway.com\/de\/?s={search_term_string}"},"query-input":{"@type":"PropertyValueSpecification","valueRequired":true,"valueName":"search_term_string"}}],"inLanguage":"de"},{"@type":"Organization","@id":"https:\/\/colombiamyway.com\/de\/#organization","name":"Colombia My Way","url":"https:\/\/colombiamyway.com\/de\/","logo":{"@type":"ImageObject","inLanguage":"de","@id":"https:\/\/colombiamyway.com\/de\/#\/schema\/logo\/image\/","url":"https:\/\/i0.wp.com\/colombiamyway.com\/wp-content\/uploads\/2024\/12\/Green-Modern-and-Minimalistic-Travel-Typography-Logo-2.png?fit=500%2C500&ssl=1","contentUrl":"https:\/\/i0.wp.com\/colombiamyway.com\/wp-content\/uploads\/2024\/12\/Green-Modern-and-Minimalistic-Travel-Typography-Logo-2.png?fit=500%2C500&ssl=1","width":500,"height":500,"caption":"Colombia My Way"},"image":{"@id":"https:\/\/colombiamyway.com\/de\/#\/schema\/logo\/image\/"},"sameAs":["https:\/\/www.facebook.com\/profile.php?id=61571407164514"]}]}},"_links":{"self":[{"href":"https:\/\/colombiamyway.com\/de\/wp-json\/wp\/v2\/pages\/262907","targetHints":{"allow":["GET"]}}],"collection":[{"href":"https:\/\/colombiamyway.com\/de\/wp-json\/wp\/v2\/pages"}],"about":[{"href":"https:\/\/colombiamyway.com\/de\/wp-json\/wp\/v2\/types\/page"}],"author":[{"embeddable":true,"href":"https:\/\/colombiamyway.com\/de\/wp-json\/wp\/v2\/users\/1"}],"replies":[{"embeddable":true,"href":"https:\/\/colombiamyway.com\/de\/wp-json\/wp\/v2\/comments?post=262907"}],"version-history":[{"count":16,"href":"https:\/\/colombiamyway.com\/de\/wp-json\/wp\/v2\/pages\/262907\/revisions"}],"predecessor-version":[{"id":268913,"href":"https:\/\/colombiamyway.com\/de\/wp-json\/wp\/v2\/pages\/262907\/revisions\/268913"}],"wp:featuredmedia":[{"embeddable":true,"href":"https:\/\/colombiamyway.com\/de\/wp-json\/wp\/v2\/media\/256578"}],"wp:attachment":[{"href":"https:\/\/colombiamyway.com\/de\/wp-json\/wp\/v2\/media?parent=262907"}],"curies":[{"name":"wp","href":"https:\/\/api.w.org\/{rel}","templated":true}]}}